{"id":68,"date":"2012-02-22T15:32:50","date_gmt":"2012-02-22T14:32:50","guid":{"rendered":"http:\/\/www.tuina.co.at\/wordpress\/?page_id=68"},"modified":"2026-02-17T19:19:53","modified_gmt":"2026-02-17T18:19:53","slug":"preise","status":"publish","type":"page","link":"https:\/\/www.tuina.co.at\/tuina\/preise\/","title":{"rendered":"Leistungen \/ AGB"},"content":{"rendered":"<h1 class=\"entry-title\">Leistungen (Preise auf Anfrage)<\/h1>\n<div class=\"entry-content\">\n<h2><strong>\u2014\u2014\u2014\u2014\u2014\u2014\u2014\u2014\u2014\u2014\u2014\u2014\u2014\u2014\u2014\u2014\u2014\u2014\u2014\u2014\u2014\u2014\u2014<br \/>\n<\/strong>TCM &#8211; TUINA Gesundheit \/ Wohlbefinden<\/h2>\n<p><strong>Befundung nach TCM<\/strong><br \/>\nUmfangreiche Befundung nach TCM (Puls-, Zungen-, Gesichtsbefund und Anamnese) und Erstellung einer entsprechenden Behandlungsstrategie auf Basis der Traditionellen Chinesischen Medizin unter besonderer Ber\u00fccksichtigung der TUINA.<br \/>\n<strong>Dauer ca. 50 min<\/strong><strong><br \/>\n<\/strong><\/p>\n<p><strong>TUINA Massage \/ Therapie \u2013 \u00a0Ersttermin<br \/>\n<\/strong>Ganzheitliche Behandlung auf Basis der Traditionellen\u00a0 Chinesischen Medizin im Einklang mit moderner physikalischer Therapie und energetischer Osteopathie.<strong><b><strong><br \/>\n<\/strong><\/b>60 min<\/strong> (netto 50 min) inkl. Anamnese und Erstbehandlung<strong><br \/>\n<\/strong><\/p>\n<p><strong>TUINA Massage \/ Therapie \/ Behandlung \/ <\/strong><b><strong>Chinesische Heilmassage<br \/>\n<\/strong><\/b>Ganzheitliche Behandlung auf Basis der Traditionellen\u00a0 Chinesischen Medizin im Einklang mit moderner physikalischer Therapie und energetischer Osteopathie.<b><strong><br \/>\n<\/strong><\/b><strong>30 min<\/strong> (netto 25 min) Behandlungszeit<br \/>\n<strong>60 min<\/strong> (netto 50 min) Behandlungszeit<strong><br \/>\n<\/strong><\/p>\n<h2><strong>\u2014\u2014\u2014\u2014\u2014\u2014\u2014\u2014\u2014\u2014\u2014\u2014\u2014\u2014\u2014\u2014\u2014\u2014\u2014\u2014\u2014\u2014\u2014<br \/>\n<\/strong>Kinder Gesundheit \/ Wohlbefinden<\/h2>\n<p><strong>SHONISHIN \/ Therapie \/ Behandlung<\/strong><br \/>\nRegulierung der Lebensenergie auf energetischer Ebene. Wohlbefinden und Gesundheit des Kindes wieder herstellen.<br \/>\n<strong>30 min<\/strong> (netto 25 min) Behandlungszeit<strong><br \/>\n<\/strong><\/p>\n<p>Inklusive verschiedener \u00d6le, Cremen, Salben, Akupunkturpflaster, W\u00e4rmelampe oder Lichttherapie, Schr\u00f6pfen, Moxen, Schaben, Tapen und Hotstones.<\/p>\n<h2><strong>\u2014\u2014\u2014\u2014\u2014\u2014\u2014\u2014\u2014\u2014\u2014\u2014\u2014\u2014\u2014\u2014\u2014\u2014\u2014\u2014\u2014\u2014\u2014<br \/>\n<\/strong>TCM Wohlbefinden<\/h2>\n<p><b><strong>Wohlf\u00fchlmassagen<\/strong><\/b><br \/>\nManuelle chinesische Lymphdrainage, Aromamassage, Hot Stones,<br \/>\nOn Zon Su\u00a0 (chinesische Fu\u00dfmassage) etc.<\/p>\n<p><strong>30 min<\/strong> (netto 25 min) Behandlungszeit<br \/>\n<strong>60 min<\/strong> (netto 50 min) Behandlungszeit<strong><br \/>\n<\/strong><\/p>\n<h2><strong>\u2014\u2014\u2014\u2014\u2014\u2014\u2014\u2014\u2014\u2014\u2014\u2014\u2014\u2014\u2014\u2014\u2014\u2014\u2014\u2014\u2014\u2014\u2014<br \/>\n<\/strong>Rauchentw\u00f6hnung<\/h2>\n<p>Nach einer selbst entwickelten Behandlung \u2013 bestehend aus einer mentalen Methode und einer Ohr-Akupunktmassage \u2013 werden bereits seit vielen Jahren sehr erfolgreich Rauchentw\u00f6hnungen durchgef\u00fchrt.<\/p>\n<p>Behandlungsdauer: Eineinhalb Stunden<br \/>\nBehandlungskosten<strong> auf Anfrage<br \/>\n<\/strong><\/p>\n<h2><strong>\u2014\u2014\u2014\u2014\u2014\u2014\u2014\u2014\u2014\u2014\u2014\u2014\u2014\u2014\u2014\u2014\u2014\u2014\u2014\u2014\u2014\u2014\u2014<br \/>\n<\/strong> Kinesiologie<\/h2>\n<p>Kinesiologie und Psycho-Kinesiologie<\/p>\n<p><strong>30 min<\/strong> (netto 25 min) Behandlungszeit<br \/>\n<strong>60 min<\/strong> (netto 50 min) Behandlungszeit<strong><br \/>\n<\/strong><\/p>\n<h2><strong>\u2014\u2014\u2014\u2014\u2014\u2014\u2014\u2014\u2014\u2014\u2014\u2014\u2014\u2014\u2014\u2014\u2014\u2014\u2014\u2014\u2014\u2014\u2014<br \/>\n<\/strong>Familienstellen<\/h2>\n<p>Einzel-Aufstellung<br \/>\nAufstellung in der Gruppe (bei Gruppentermin)<br \/>\nTeilnehmer als \u201eSteller\u201c, ohne eigene Aufstellung<br \/>\nAnmeldung unter 07586 20629.<\/p>\n<p><strong>\u2014\u2014\u2014\u2014\u2014\u2014\u2014\u2014\u2014\u2014\u2014\u2014\u2014\u2014\u2014\u2014\u2014\u2014\u2014\u2014\u2014\u2014\u2014\u2014\u2014<\/strong><br \/>\nBeim Ersttermin stelle ich gerne Ihre pers\u00f6nliche Therapie f\u00fcr Sie zusammen!<\/p>\n<p>Preis\u00e4nderungen vorbehalten. Preise g\u00fcltig ab 01. Januar 2019 bis auf Widerruf.<b><br \/>\n<strong>\u2014\u2014\u2014\u2014\u2014\u2014\u2014\u2014\u2014\u2014\u2014\u2014\u2014\u2014\u2014\u2014\u2014\u2014\u2014\u2014\u2014\u2014\u2014\u2014\u2014<\/strong><\/b><\/p>\n<p>Termine m\u00fcssen mindestens 24h vorher abgesagt werden, ansonsten werde 50 % des vereinbarten Entgelts verrechnet. Nicht eingehaltene Termine werden zur G\u00e4nze verrechnet. Danke f\u00fcr Ihr Verst\u00e4ndnis!<br \/>\n<strong><br \/>\n<strong>\u2014\u2014\u2014\u2014\u2014\u2014\u2014\u2014\u2014\u2014\u2014\u2014\u2014\u2014\u2014\u2014\u2014\u2014\u2014\u2014\u2014\u2014\u2014\u2014\u2014<\/strong><br \/>\nKFG und LKUF Versicherte<\/strong><\/p>\n<p>KFG (Kranken- und Unfallf\u00fcrsorge f\u00fcr o\u00f6. Gemeinden) und\u00a0 LKUF Versicherten (Lehrer Kranken- und Unfallf\u00fcrsorge) wird die Tuina Massage im Zuge der Jahrespauschale f\u00fcr Massagen in der H\u00f6he von Euro 350,- (gilt nicht f\u00fcr mitversicherte Angeh\u00f6rige) bezahlt.<\/p>\n<p>Diese freiwillige Leistung der KFG \/ KFL und der LKUF dient zur Gesundheitsf\u00f6rderung und -erhaltung der Mitglieder.<\/p>\n<p><strong>Voraussetzungen f\u00fcr die Inanspruchnahme der Jahrespauschale:<\/strong><\/p>\n<p>Eine \u00e4rztliche Verordnung mit Diagnose muss der Originalrechnung nach Abschluss der Behandlung beigef\u00fcgt sein. Die Behandlung muss von einem zur Aus\u00fcbung dieser Dienste Berechtigten (zB Tuina Praktiker) erfolgen.<\/p>\n<p>Weitere Infos unter: <a href=\"http:\/\/www.kfgooe.at\/start.htm\">http:\/\/www.kfgooe.at\/start.htm<\/a> und <a href=\"http:\/\/www.lkuf.at\">http:\/\/www.lkuf.at<\/a><\/p>\n<p><strong><strong>\u2014\u2014\u2014\u2014\u2014\u2014\u2014\u2014\u2014\u2014\u2014\u2014\u2014\u2014\u2014\u2014\u2014\u2014\u2014\u2014\u2014\u2014\u2014\u2014\u2014<\/strong><\/strong><br \/>\nAlle Angaben sind ohne Gew\u00e4hr.<\/p>\n<p><strong>\u2014\u2014\u2014\u2014\u2014\u2014\u2014\u2014\u2014\u2014\u2014\u2014\u2014\u2014\u2014\u2014\u2014\u2014\u2014\u2014\u2014\u2014\u2014\u2014\u2014<\/strong><\/p>\n<div class=\"entry-content\">\n<\/div>\n<\/div>\n<div class=\"sharedaddy sd-sharing-enabled\"><div class=\"robots-nocontent sd-block sd-social sd-social-icon-text sd-sharing\"><h3 class=\"sd-title\">Teilen mit<\/h3><div class=\"sd-content\"><ul><li class=\"share-facebook\"><a rel=\"nofollow noopener noreferrer\" data-shared=\"sharing-facebook-68\" class=\"share-facebook sd-button share-icon\" href=\"https:\/\/www.tuina.co.at\/tuina\/preise\/?share=facebook\" target=\"_blank\" title=\"Klick, um auf Facebook zu teilen\" ><span>Facebook<\/span><\/a><\/li><li class=\"share-twitter\"><a rel=\"nofollow noopener noreferrer\" data-shared=\"sharing-twitter-68\" class=\"share-twitter sd-button share-icon\" href=\"https:\/\/www.tuina.co.at\/tuina\/preise\/?share=twitter\" target=\"_blank\" title=\"Klick, um \u00fcber Twitter zu teilen\" ><span>Twitter<\/span><\/a><\/li><li class=\"share-jetpack-whatsapp\"><a rel=\"nofollow noopener noreferrer\" data-shared=\"\" class=\"share-jetpack-whatsapp sd-button share-icon\" href=\"https:\/\/www.tuina.co.at\/tuina\/preise\/?share=jetpack-whatsapp\" target=\"_blank\" title=\"Klicken, um auf WhatsApp zu teilen\" ><span>WhatsApp<\/span><\/a><\/li><li class=\"share-print\"><a rel=\"nofollow noopener noreferrer\" data-shared=\"\" class=\"share-print sd-button share-icon\" href=\"https:\/\/www.tuina.co.at\/tuina\/preise\/\" target=\"_blank\" title=\"Klicken zum Ausdrucken\" ><span>Drucken<\/span><\/a><\/li><li class=\"share-end\"><\/li><\/ul><\/div><\/div><\/div>","protected":false},"excerpt":{"rendered":"<p>Leistungen (Preise auf Anfrage) \u2014\u2014\u2014\u2014\u2014\u2014\u2014\u2014\u2014\u2014\u2014\u2014\u2014\u2014\u2014\u2014\u2014\u2014\u2014\u2014\u2014\u2014\u2014 TCM &#8211; TUINA Gesundheit \/ Wohlbefinden Befundung nach TCM Umfangreiche Befundung nach TCM (Puls-, Zungen-, Gesichtsbefund und Anamnese) und Erstellung einer entsprechenden Behandlungsstrategie auf Basis der Traditionellen Chinesischen Medizin&#46;&#46;&#46;<\/p>\n<div class=\"sharedaddy sd-sharing-enabled\"><div class=\"robots-nocontent sd-block sd-social sd-social-icon-text sd-sharing\"><h3 class=\"sd-title\">Teilen mit<\/h3><div class=\"sd-content\"><ul><li class=\"share-facebook\"><a rel=\"nofollow noopener noreferrer\" data-shared=\"sharing-facebook-68\" class=\"share-facebook sd-button share-icon\" href=\"https:\/\/www.tuina.co.at\/tuina\/preise\/?share=facebook\" target=\"_blank\" title=\"Klick, um auf Facebook zu teilen\" ><span>Facebook<\/span><\/a><\/li><li class=\"share-twitter\"><a rel=\"nofollow noopener noreferrer\" data-shared=\"sharing-twitter-68\" class=\"share-twitter sd-button share-icon\" href=\"https:\/\/www.tuina.co.at\/tuina\/preise\/?share=twitter\" target=\"_blank\" title=\"Klick, um \u00fcber Twitter zu teilen\" ><span>Twitter<\/span><\/a><\/li><li class=\"share-jetpack-whatsapp\"><a rel=\"nofollow noopener noreferrer\" data-shared=\"\" class=\"share-jetpack-whatsapp sd-button share-icon\" href=\"https:\/\/www.tuina.co.at\/tuina\/preise\/?share=jetpack-whatsapp\" target=\"_blank\" title=\"Klicken, um auf WhatsApp zu teilen\" ><span>WhatsApp<\/span><\/a><\/li><li class=\"share-print\"><a rel=\"nofollow noopener noreferrer\" data-shared=\"\" class=\"share-print sd-button share-icon\" href=\"https:\/\/www.tuina.co.at\/tuina\/preise\/\" target=\"_blank\" title=\"Klicken zum Ausdrucken\" ><span>Drucken<\/span><\/a><\/li><li class=\"share-end\"><\/li><\/ul><\/div><\/div><\/div>","protected":false},"author":1,"featured_media":0,"parent":0,"menu_order":0,"comment_status":"open","ping_status":"open","template":"","meta":{"jetpack_post_was_ever_published":false},"yoast_head":"<!-- This site is optimized with the Yoast SEO plugin v19.14 - https:\/\/yoast.com\/wordpress\/plugins\/seo\/ -->\n<title>Leistungen \/ AGB - Traditionelle Chinesische Medizin - TUINA Therapie<\/title>\n<meta name=\"description\" content=\"Traditionelle Chinesische Medizin - TUINA Therapie - TUINA PRAXIS - Mag. (FH) Albert Sprung\" \/>\n<meta name=\"robots\" content=\"index, follow, max-snippet:-1, max-image-preview:large, max-video-preview:-1\" \/>\n<link rel=\"canonical\" href=\"https:\/\/www.tuina.co.at\/tuina\/preise\/\" \/>\n<meta property=\"og:locale\" content=\"de_DE\" \/>\n<meta property=\"og:type\" content=\"article\" \/>\n<meta property=\"og:title\" content=\"Leistungen \/ AGB - Traditionelle Chinesische Medizin - TUINA Therapie\" \/>\n<meta property=\"og:description\" content=\"Traditionelle Chinesische Medizin - TUINA Therapie - TUINA PRAXIS - Mag. (FH) Albert Sprung\" \/>\n<meta property=\"og:url\" content=\"https:\/\/www.tuina.co.at\/tuina\/preise\/\" \/>\n<meta property=\"og:site_name\" content=\"Traditionelle Chinesische Medizin - TUINA Therapie\" \/>\n<meta property=\"article:modified_time\" content=\"2026-02-17T18:19:53+00:00\" \/>\n<meta property=\"og:image\" content=\"https:\/\/i0.wp.com\/www.tuina.co.at\/tuina\/wp-content\/uploads\/Logo.jpg?fit=838%2C360&ssl=1\" \/>\n\t<meta property=\"og:image:width\" content=\"838\" \/>\n\t<meta property=\"og:image:height\" content=\"360\" \/>\n\t<meta property=\"og:image:type\" content=\"image\/jpeg\" \/>\n<meta name=\"twitter:card\" content=\"summary_large_image\" \/>\n<meta name=\"twitter:label1\" content=\"Gesch\u00e4tzte Lesezeit\" \/>\n\t<meta name=\"twitter:data1\" content=\"3\u00a0Minuten\" \/>\n<script type=\"application\/ld+json\" class=\"yoast-schema-graph\">{\"@context\":\"https:\/\/schema.org\",\"@graph\":[{\"@type\":\"WebPage\",\"@id\":\"https:\/\/www.tuina.co.at\/tuina\/preise\/\",\"url\":\"https:\/\/www.tuina.co.at\/tuina\/preise\/\",\"name\":\"Leistungen \/ AGB - Traditionelle Chinesische Medizin - TUINA Therapie\",\"isPartOf\":{\"@id\":\"https:\/\/www.tuina.co.at\/tuina\/#website\"},\"datePublished\":\"2012-02-22T14:32:50+00:00\",\"dateModified\":\"2026-02-17T18:19:53+00:00\",\"description\":\"Traditionelle Chinesische Medizin - TUINA Therapie - TUINA PRAXIS - Mag. (FH) Albert Sprung\",\"breadcrumb\":{\"@id\":\"https:\/\/www.tuina.co.at\/tuina\/preise\/#breadcrumb\"},\"inLanguage\":\"de\",\"potentialAction\":[{\"@type\":\"ReadAction\",\"target\":[\"https:\/\/www.tuina.co.at\/tuina\/preise\/\"]}]},{\"@type\":\"BreadcrumbList\",\"@id\":\"https:\/\/www.tuina.co.at\/tuina\/preise\/#breadcrumb\",\"itemListElement\":[{\"@type\":\"ListItem\",\"position\":1,\"name\":\"Home\",\"item\":\"https:\/\/www.tuina.co.at\/tuina\/\"},{\"@type\":\"ListItem\",\"position\":2,\"name\":\"Leistungen \/ AGB\"}]},{\"@type\":\"WebSite\",\"@id\":\"https:\/\/www.tuina.co.at\/tuina\/#website\",\"url\":\"https:\/\/www.tuina.co.at\/tuina\/\",\"name\":\"Traditionelle Chinesische Medizin - TUINA Therapie\",\"description\":\"TUINA PRAXIS - Mag. (FH) Albert Sprung\",\"publisher\":{\"@id\":\"https:\/\/www.tuina.co.at\/tuina\/#organization\"},\"potentialAction\":[{\"@type\":\"SearchAction\",\"target\":{\"@type\":\"EntryPoint\",\"urlTemplate\":\"https:\/\/www.tuina.co.at\/tuina\/?s={search_term_string}\"},\"query-input\":\"required name=search_term_string\"}],\"inLanguage\":\"de\"},{\"@type\":\"Organization\",\"@id\":\"https:\/\/www.tuina.co.at\/tuina\/#organization\",\"name\":\"TUINA PRAXIS - Mag. Albert Sprung\",\"url\":\"https:\/\/www.tuina.co.at\/tuina\/\",\"logo\":{\"@type\":\"ImageObject\",\"inLanguage\":\"de\",\"@id\":\"https:\/\/www.tuina.co.at\/tuina\/#\/schema\/logo\/image\/\",\"url\":\"https:\/\/i0.wp.com\/www.tuina.co.at\/tuina\/wp-content\/uploads\/Logo.jpg?fit=838%2C360\",\"contentUrl\":\"https:\/\/i0.wp.com\/www.tuina.co.at\/tuina\/wp-content\/uploads\/Logo.jpg?fit=838%2C360\",\"width\":838,\"height\":360,\"caption\":\"TUINA PRAXIS - Mag. Albert Sprung\"},\"image\":{\"@id\":\"https:\/\/www.tuina.co.at\/tuina\/#\/schema\/logo\/image\/\"}}]}<\/script>\n<!-- \/ Yoast SEO plugin. -->","yoast_head_json":{"title":"Leistungen \/ AGB - Traditionelle Chinesische Medizin - TUINA Therapie","description":"Traditionelle Chinesische Medizin - TUINA Therapie - TUINA PRAXIS - Mag. (FH) Albert Sprung","robots":{"index":"index","follow":"follow","max-snippet":"max-snippet:-1","max-image-preview":"max-image-preview:large","max-video-preview":"max-video-preview:-1"},"canonical":"https:\/\/www.tuina.co.at\/tuina\/preise\/","og_locale":"de_DE","og_type":"article","og_title":"Leistungen \/ AGB - Traditionelle Chinesische Medizin - TUINA Therapie","og_description":"Traditionelle Chinesische Medizin - TUINA Therapie - TUINA PRAXIS - Mag. (FH) Albert Sprung","og_url":"https:\/\/www.tuina.co.at\/tuina\/preise\/","og_site_name":"Traditionelle Chinesische Medizin - TUINA Therapie","article_modified_time":"2026-02-17T18:19:53+00:00","og_image":[{"width":838,"height":360,"url":"https:\/\/i0.wp.com\/www.tuina.co.at\/tuina\/wp-content\/uploads\/Logo.jpg?fit=838%2C360&ssl=1","type":"image\/jpeg"}],"twitter_card":"summary_large_image","twitter_misc":{"Gesch\u00e4tzte Lesezeit":"3\u00a0Minuten"},"schema":{"@context":"https:\/\/schema.org","@graph":[{"@type":"WebPage","@id":"https:\/\/www.tuina.co.at\/tuina\/preise\/","url":"https:\/\/www.tuina.co.at\/tuina\/preise\/","name":"Leistungen \/ AGB - Traditionelle Chinesische Medizin - TUINA Therapie","isPartOf":{"@id":"https:\/\/www.tuina.co.at\/tuina\/#website"},"datePublished":"2012-02-22T14:32:50+00:00","dateModified":"2026-02-17T18:19:53+00:00","description":"Traditionelle Chinesische Medizin - TUINA Therapie - TUINA PRAXIS - Mag. (FH) Albert Sprung","breadcrumb":{"@id":"https:\/\/www.tuina.co.at\/tuina\/preise\/#breadcrumb"},"inLanguage":"de","potentialAction":[{"@type":"ReadAction","target":["https:\/\/www.tuina.co.at\/tuina\/preise\/"]}]},{"@type":"BreadcrumbList","@id":"https:\/\/www.tuina.co.at\/tuina\/preise\/#breadcrumb","itemListElement":[{"@type":"ListItem","position":1,"name":"Home","item":"https:\/\/www.tuina.co.at\/tuina\/"},{"@type":"ListItem","position":2,"name":"Leistungen \/ AGB"}]},{"@type":"WebSite","@id":"https:\/\/www.tuina.co.at\/tuina\/#website","url":"https:\/\/www.tuina.co.at\/tuina\/","name":"Traditionelle Chinesische Medizin - TUINA Therapie","description":"TUINA PRAXIS - Mag. (FH) Albert Sprung","publisher":{"@id":"https:\/\/www.tuina.co.at\/tuina\/#organization"},"potentialAction":[{"@type":"SearchAction","target":{"@type":"EntryPoint","urlTemplate":"https:\/\/www.tuina.co.at\/tuina\/?s={search_term_string}"},"query-input":"required name=search_term_string"}],"inLanguage":"de"},{"@type":"Organization","@id":"https:\/\/www.tuina.co.at\/tuina\/#organization","name":"TUINA PRAXIS - Mag. Albert Sprung","url":"https:\/\/www.tuina.co.at\/tuina\/","logo":{"@type":"ImageObject","inLanguage":"de","@id":"https:\/\/www.tuina.co.at\/tuina\/#\/schema\/logo\/image\/","url":"https:\/\/i0.wp.com\/www.tuina.co.at\/tuina\/wp-content\/uploads\/Logo.jpg?fit=838%2C360","contentUrl":"https:\/\/i0.wp.com\/www.tuina.co.at\/tuina\/wp-content\/uploads\/Logo.jpg?fit=838%2C360","width":838,"height":360,"caption":"TUINA PRAXIS - Mag. Albert Sprung"},"image":{"@id":"https:\/\/www.tuina.co.at\/tuina\/#\/schema\/logo\/image\/"}}]}},"jetpack_sharing_enabled":true,"jetpack_shortlink":"https:\/\/wp.me\/P7f5TD-16","jetpack-related-posts":[{"id":15,"url":"https:\/\/www.tuina.co.at\/tuina\/tuina-einfuhrung\/","url_meta":{"origin":68,"position":0},"title":"Einf\u00fchrung","date":"21. Februar 2012","format":false,"excerpt":"Einf\u00fchrung Tuina (chin.\u00a0\u63a8\u62cf, \u63a8\u62ff, tu\u012bn\u00e1), Anmo ist eine selbstst\u00e4ndige, chinesische manuelle Medizin und hat innerhalb des Konzeptes der Traditionellen Chinesischen Medizin (TCM) einen hohen Stellenwert. Es gibt auch die Schreibweise Tui-Na oder Tui Na. Das System der Tuina-Therapie schlie\u00dft die meisten westlichen Therapien, wie die Chiropraktik, die Akupressur, verschiedene Massagetechniken\u2026","rel":"","context":"\u00c4hnlicher Beitrag","img":{"alt_text":"","src":"","width":0,"height":0},"classes":[]},{"id":511,"url":"https:\/\/www.tuina.co.at\/tuina\/tuina-therapie\/","url_meta":{"origin":68,"position":1},"title":"TUINA Therapie","date":"16. Februar 2016","format":false,"excerpt":"TUINA \u2013 Massage\/Therapie TUINA (chin.\u00a0\u63a8\u62cf, \u63a8\u62ff, tu\u012bn\u00e1), ist eine manuelle Therapie auf Basis des Konzeptes der Traditionellen Chinesischen Medizin (TCM). Die Tuina-Therapie ist eine der wirksamsten manualtherapeutischen Massageformen. Sie basiert auf der Meridianlehre der Traditionellen Chinesischen Medizin (TCM), wo sie in der Therapie einen hohen Stellenwert einnimmt. Bereits 1600 v.\u2026","rel":"","context":"\u00c4hnlicher Beitrag","img":{"alt_text":"","src":"https:\/\/i0.wp.com\/www.tuina.co.at\/tuina\/wp-content\/uploads\/TuiNa3.jpg?resize=350%2C200","width":350,"height":200},"classes":[]},{"id":167,"url":"https:\/\/www.tuina.co.at\/tuina\/albert-sprung\/","url_meta":{"origin":68,"position":2},"title":"Albert Sprung","date":"25. Februar 2012","format":false,"excerpt":"ist Tuina Anmo Praktiker in Vorchdorf. In seiner Praxis wendet er Methoden der Traditionellen Chinesischen Medizin an, im Speziellen Tuina (chinesische Massage) und Osteopathie, jedoch auch Di\u00e4tetik (chinesische Ern\u00e4hrungslehre) und Pharmakologie (speziell westliche Kr\u00e4uter), Schr\u00f6pfen, Gua Sha, Moxibustion und Tapen, On Zon Su (Taoistische Massagetechnik), APM und Ohr-APM (Akupunkt Meridian\u2026","rel":"","context":"\u00c4hnlicher Beitrag","img":{"alt_text":"","src":"https:\/\/i0.wp.com\/www.tuina.co.at\/wordpress\/wp-content\/uploads\/Albert-Sprung-751x1024.jpg?resize=350%2C200","width":350,"height":200},"classes":[]},{"id":236,"url":"https:\/\/www.tuina.co.at\/tuina\/presse-tuina\/","url_meta":{"origin":68,"position":3},"title":"Presse Tuina","date":"12. Juni 2012","format":false,"excerpt":"Mit TUINA Massage zu mehr Wohlbefinden Bereits seit den 90er Jahren besch\u00e4ftigt sich Mag. Albert Sprung mit Traditioneller Chinesischer Medizin und Kinesiologie. Jetzt feiert er das einj\u00e4hrige Bestehen seiner Tuina Praxis in Vorchdorf-Lederau. \u201eEs ist eine Freude Menschen, mit diesem \u00fcber 5000 Jahre alten Wissen, helfen zu k\u00f6nnen\u201c, meint Mag.\u2026","rel":"","context":"\u00c4hnlicher Beitrag","img":{"alt_text":"","src":"https:\/\/i0.wp.com\/www.tuina.co.at\/wordpress\/wp-content\/uploads\/Albert-Sprung-751x1024.jpg?resize=350%2C200","width":350,"height":200},"classes":[]},{"id":873,"url":"https:\/\/www.tuina.co.at\/tuina\/team-2\/","url_meta":{"origin":68,"position":4},"title":"Team","date":"28. August 2017","format":false,"excerpt":"TUINA\u00a0 Massage \/ Therapie Ing. Mag. Albert Sprung ist Tuina Anmo Praktiker in Vorchdorf. In seiner Praxis wendet er Methoden der Traditionellen Chinesischen Medizin an, im Speziellen Tuina (chinesische Massage) und energetische Osteopathie, jedoch auch Di\u00e4tetik (chinesische Ern\u00e4hrungslehre) und Pharmakologie (speziell westliche Kr\u00e4uter), Schr\u00f6pfen, Gua Sha, Moxibustion und Tapen. TUINA-Therapie\/Massage\u2026","rel":"","context":"\u00c4hnlicher Beitrag","img":{"alt_text":"","src":"https:\/\/i2.wp.com\/www.tuina.co.at\/tuina\/wp-content\/uploads\/2015\/01\/Albert-Sprung.jpg?resize=350%2C200","width":350,"height":200},"classes":[]},{"id":209,"url":"https:\/\/www.tuina.co.at\/tuina\/energetische-osteopathie-amm-und-tcm\/","url_meta":{"origin":68,"position":5},"title":"Energetische Osteopathie AMM und TCM","date":"5. M\u00e4rz 2012","format":false,"excerpt":"Was ist Energetische Osteopathie AMM und TCM? Die Energetische Osteopathie ist eine ganzheitliche Methode, die zur Diagnose die H\u00e4nde und zur Therapie Methoden aus der Tuina, der AMM und der TCM einsetzt. Die wichtigsten Grundlagen sind das Funktionieren des menschlichen K\u00f6rpers als Einheit, seine F\u00e4higkeit zu Selbstregulation und Selbstheilung, sowie\u2026","rel":"","context":"\u00c4hnlicher Beitrag","img":{"alt_text":"","src":"https:\/\/i0.wp.com\/www.tuina.co.at\/wordpress\/wp-content\/uploads\/Unbenannt-11.jpg?resize=350%2C200","width":350,"height":200},"classes":[]}],"_links":{"self":[{"href":"https:\/\/www.tuina.co.at\/tuina\/wp-json\/wp\/v2\/pages\/68"}],"collection":[{"href":"https:\/\/www.tuina.co.at\/tuina\/wp-json\/wp\/v2\/pages"}],"about":[{"href":"https:\/\/www.tuina.co.at\/tuina\/wp-json\/wp\/v2\/types\/page"}],"author":[{"embeddable":true,"href":"https:\/\/www.tuina.co.at\/tuina\/wp-json\/wp\/v2\/users\/1"}],"replies":[{"embeddable":true,"href":"https:\/\/www.tuina.co.at\/tuina\/wp-json\/wp\/v2\/comments?post=68"}],"version-history":[{"count":55,"href":"https:\/\/www.tuina.co.at\/tuina\/wp-json\/wp\/v2\/pages\/68\/revisions"}],"predecessor-version":[{"id":1870,"href":"https:\/\/www.tuina.co.at\/tuina\/wp-json\/wp\/v2\/pages\/68\/revisions\/1870"}],"wp:attachment":[{"href":"https:\/\/www.tuina.co.at\/tuina\/wp-json\/wp\/v2\/media?parent=68"}],"curies":[{"name":"wp","href":"https:\/\/api.w.org\/{rel}","templated":true}]}}