{"id":63,"date":"2012-02-22T15:12:27","date_gmt":"2012-02-22T14:12:27","guid":{"rendered":"http:\/\/www.tuina.co.at\/wordpress\/?page_id=63"},"modified":"2016-02-16T05:59:01","modified_gmt":"2016-02-16T04:59:01","slug":"kinesiologie","status":"publish","type":"page","link":"https:\/\/www.tuina.co.at\/tuina\/kinesiologie\/","title":{"rendered":"Kinesiologie"},"content":{"rendered":"<div class=\"entry-content\">\n<p><strong>Was ist Angewandte Kinesiologie?<\/strong><\/p>\n<p>Seit ca. 50 Jahren wird mit der Angewandten Kinesiologie in Europa mit gro\u00dfem Erfolg gearbeitet. Sie ist eine Beratungsmethode, die ihren Einzug in den Bereichen Psychologie, Medizin und P\u00e4dagogik gefunden hat. Der Unterschied zu den \u00fcblichen Beratungsformen liegt darin, dass die Kinesiologie nicht nur den bewussten Gedanken, das sichtbare Verhalten erkennt, sondern dar\u00fcber hinaus Wahrnehmungsstress im Energiek\u00f6rper. Mit einfachen Aufl\u00f6sungstechniken kann der ermittelte Stress gel\u00f6st werden \u2013 unsere Energie flie\u00dft wieder \u2013 in unserer Wahrnehmung erkennen wir zus\u00e4tzliche Wahlm\u00f6glichkeiten. Das zentrale Arbeitsmittel der Angewandten Kinesiologie ist der Muskeltest.<\/p>\n<p><strong>Der Muskeltest\u2026<\/strong><\/p>\n<p>\u2026 geht auf den Chiropraktiker George Goodheart zur\u00fcck, der Anfang der 60er Jahre entdeckte, dass Muskelschw\u00e4chen durch Stressfaktoren im K\u00f6rper verursacht werden. Ferner stellte er fest, dass bestimmte Muskeln regelm\u00e4\u00dfig mit bestimmten Organerkrankungen schwach testen.<br \/>\nEs lassen sich Ursachen f\u00fcr bestimmte St\u00f6rungen, Hintergr\u00fcnde f\u00fcr ein bestimmtes Verhalten erkennen und dar\u00fcber hinaus den idealen L\u00f6sungsweg f\u00fcr St\u00f6rungen und \u201eFehlverhalten\u201c zu finden.<\/p>\n<p><strong><br \/>\nZiel der Arbeit\u2026<\/strong><\/p>\n<p>\u2026 ist es, die Wahrnehmung unterschiedlicher Stressoren zu ver\u00e4ndern und damit aufzul\u00f6sen. Jeder Mensch hat ein ganz individuelles Reaktionsmuster. So kann der eine zum Beispiel auf ein Nahrungsmittel st\u00e4rkend reagieren, den anderen hingegen schw\u00e4cht es. Genauso wie Allergene, Erinnerungen, Leistungsanforderungen, Pr\u00fcfungen, Konfliktsituationen etc. Muskelschw\u00e4chen hervorrufen k\u00f6nnen oder eben nicht. Der Test \u201esagt\u201c uns hier, wie es sich im Falle der Person verh\u00e4lt, die wir gerade testen.<br \/>\nMuskeln werden immer dann schwach, wann der Energiefluss in bestimmten Meridianen gest\u00f6rt ist. Wir \u00fcberpr\u00fcfen die 14 Meridiane bezogen auf ein Thema und korrigieren eventuelle St\u00f6rungen. Positiv beeinflussen l\u00e4sst sich der Energiefluss durch eine Vielzahl von Techniken wie z.B. Atem\u00fcbungen, Bewegungs\u00fcbungen oder K\u00f6rperpunkte halten, die zumeist nur einmalig in einer Sitzung ausgef\u00fchrt werden. Feststellen l\u00e4sst sich die Stressfreiheit auch wieder \u00fcber den Muskeltest \u2013 der Muskel testet wieder \u201estark\u201c \u2013 und nat\u00fcrlich erfahren wir die Ver\u00e4nderung anschlie\u00dfend im t\u00e4glichen Leben!<\/p>\n<p><strong><br \/>\nMit welchen Themen kann ich zu einem Kinesiologen gehen?<\/strong><\/p>\n<p>Ganz generell mit allem, was mich belastet, womit ich nicht zurecht komme, \u201ewas mich krank macht\u201c. Es gibt eine Vielzahl von kinesiologiespezifischer Themenbereiche, hier nur ein Ausschnitt:<\/p>\n<p><strong>K\u00f6rperlich<\/strong>: Allergie, Asthma, Epilepsie, Neurodermitis, Rheuma, (chronische) Schmerzen,\u00a0 Gewichtsprobleme, Migr\u00e4ne, Inkontinenz, \u00c4ngste, Sucht\u2026<br \/>\n<strong>Mental<\/strong>: Pers\u00f6nlichkeitsentwicklung, Erziehungs-, Ehe- und Familienberatung, Lernst\u00f6rungen, Beziehungsfragen, Verhaltens\u00e4nderungen\u2026<br \/>\n<strong>Seelisch<\/strong>: Schock- und traumatische Erlebnisse, Eifersucht, Zw\u00e4nge, Essst\u00f6rungen, sexuelle St\u00f6rungen, psychosomatische Probleme\u2026<\/p>\n<p>Es wird Seitens meiner Praxis darauf hingewiesen, dass je nach Problembereich ein Arztbesuch, bzw. das Hinzuziehen eines Spezialisten angeraten ist. Kinesiologie ist kein \u00e4rztliches Heilverfahren. Sie ist eine Arbeitsform, die (stresshaltige) Wahrnehmung ver\u00e4ndert und somit eine positive Einstellung zur erw\u00fcnschten Ver\u00e4nderung bewirken kann, so dass sich die Selbstheilungskr\u00e4fte aktivieren.<\/p>\n<\/div>\n<div class=\"sharedaddy sd-sharing-enabled\"><div class=\"robots-nocontent sd-block sd-social sd-social-icon-text sd-sharing\"><h3 class=\"sd-title\">Teilen mit<\/h3><div class=\"sd-content\"><ul><li class=\"share-facebook\"><a rel=\"nofollow noopener noreferrer\" data-shared=\"sharing-facebook-63\" class=\"share-facebook sd-button share-icon\" href=\"https:\/\/www.tuina.co.at\/tuina\/kinesiologie\/?share=facebook\" target=\"_blank\" title=\"Klick, um auf Facebook zu teilen\" ><span>Facebook<\/span><\/a><\/li><li class=\"share-twitter\"><a rel=\"nofollow noopener noreferrer\" data-shared=\"sharing-twitter-63\" class=\"share-twitter sd-button share-icon\" href=\"https:\/\/www.tuina.co.at\/tuina\/kinesiologie\/?share=twitter\" target=\"_blank\" title=\"Klick, um \u00fcber Twitter zu teilen\" ><span>Twitter<\/span><\/a><\/li><li class=\"share-jetpack-whatsapp\"><a rel=\"nofollow noopener noreferrer\" data-shared=\"\" class=\"share-jetpack-whatsapp sd-button share-icon\" href=\"https:\/\/www.tuina.co.at\/tuina\/kinesiologie\/?share=jetpack-whatsapp\" target=\"_blank\" title=\"Klicken, um auf WhatsApp zu teilen\" ><span>WhatsApp<\/span><\/a><\/li><li class=\"share-print\"><a rel=\"nofollow noopener noreferrer\" data-shared=\"\" class=\"share-print sd-button share-icon\" href=\"https:\/\/www.tuina.co.at\/tuina\/kinesiologie\/\" target=\"_blank\" title=\"Klicken zum Ausdrucken\" ><span>Drucken<\/span><\/a><\/li><li class=\"share-end\"><\/li><\/ul><\/div><\/div><\/div>","protected":false},"excerpt":{"rendered":"<p>Was ist Angewandte Kinesiologie? Seit ca. 50 Jahren wird mit der Angewandten Kinesiologie in Europa mit gro\u00dfem Erfolg gearbeitet. Sie ist eine Beratungsmethode, die ihren Einzug in den Bereichen Psychologie, Medizin und P\u00e4dagogik gefunden&#46;&#46;&#46;<\/p>\n<div class=\"sharedaddy sd-sharing-enabled\"><div class=\"robots-nocontent sd-block sd-social sd-social-icon-text sd-sharing\"><h3 class=\"sd-title\">Teilen mit<\/h3><div class=\"sd-content\"><ul><li class=\"share-facebook\"><a rel=\"nofollow noopener noreferrer\" data-shared=\"sharing-facebook-63\" class=\"share-facebook sd-button share-icon\" href=\"https:\/\/www.tuina.co.at\/tuina\/kinesiologie\/?share=facebook\" target=\"_blank\" title=\"Klick, um auf Facebook zu teilen\" ><span>Facebook<\/span><\/a><\/li><li class=\"share-twitter\"><a rel=\"nofollow noopener noreferrer\" data-shared=\"sharing-twitter-63\" class=\"share-twitter sd-button share-icon\" href=\"https:\/\/www.tuina.co.at\/tuina\/kinesiologie\/?share=twitter\" target=\"_blank\" title=\"Klick, um \u00fcber Twitter zu teilen\" ><span>Twitter<\/span><\/a><\/li><li class=\"share-jetpack-whatsapp\"><a rel=\"nofollow noopener noreferrer\" data-shared=\"\" class=\"share-jetpack-whatsapp sd-button share-icon\" href=\"https:\/\/www.tuina.co.at\/tuina\/kinesiologie\/?share=jetpack-whatsapp\" target=\"_blank\" title=\"Klicken, um auf WhatsApp zu teilen\" ><span>WhatsApp<\/span><\/a><\/li><li class=\"share-print\"><a rel=\"nofollow noopener noreferrer\" data-shared=\"\" class=\"share-print sd-button share-icon\" href=\"https:\/\/www.tuina.co.at\/tuina\/kinesiologie\/\" target=\"_blank\" title=\"Klicken zum Ausdrucken\" ><span>Drucken<\/span><\/a><\/li><li class=\"share-end\"><\/li><\/ul><\/div><\/div><\/div>","protected":false},"author":1,"featured_media":0,"parent":0,"menu_order":20,"comment_status":"open","ping_status":"open","template":"","meta":{"jetpack_post_was_ever_published":false},"yoast_head":"<!-- This site is optimized with the Yoast SEO plugin v19.14 - https:\/\/yoast.com\/wordpress\/plugins\/seo\/ -->\n<title>Kinesiologie - Traditionelle Chinesische Medizin - TUINA Therapie<\/title>\n<meta name=\"description\" content=\"Traditionelle Chinesische Medizin - TUINA Therapie - TUINA PRAXIS - Mag. (FH) Albert Sprung\" \/>\n<meta name=\"robots\" content=\"index, follow, max-snippet:-1, max-image-preview:large, max-video-preview:-1\" \/>\n<link rel=\"canonical\" href=\"https:\/\/www.tuina.co.at\/tuina\/kinesiologie\/\" \/>\n<meta property=\"og:locale\" content=\"de_DE\" \/>\n<meta property=\"og:type\" content=\"article\" \/>\n<meta property=\"og:title\" content=\"Kinesiologie - Traditionelle Chinesische Medizin - TUINA Therapie\" \/>\n<meta property=\"og:description\" content=\"Traditionelle Chinesische Medizin - TUINA Therapie - TUINA PRAXIS - Mag. (FH) Albert Sprung\" \/>\n<meta property=\"og:url\" content=\"https:\/\/www.tuina.co.at\/tuina\/kinesiologie\/\" \/>\n<meta property=\"og:site_name\" content=\"Traditionelle Chinesische Medizin - TUINA Therapie\" \/>\n<meta property=\"article:modified_time\" content=\"2016-02-16T04:59:01+00:00\" \/>\n<meta property=\"og:image\" content=\"https:\/\/i0.wp.com\/www.tuina.co.at\/tuina\/wp-content\/uploads\/Logo.jpg?fit=838%2C360&ssl=1\" \/>\n\t<meta property=\"og:image:width\" content=\"838\" \/>\n\t<meta property=\"og:image:height\" content=\"360\" \/>\n\t<meta property=\"og:image:type\" content=\"image\/jpeg\" \/>\n<meta name=\"twitter:card\" content=\"summary_large_image\" \/>\n<meta name=\"twitter:label1\" content=\"Gesch\u00e4tzte Lesezeit\" \/>\n\t<meta name=\"twitter:data1\" content=\"2\u00a0Minuten\" \/>\n<script type=\"application\/ld+json\" class=\"yoast-schema-graph\">{\"@context\":\"https:\/\/schema.org\",\"@graph\":[{\"@type\":\"WebPage\",\"@id\":\"https:\/\/www.tuina.co.at\/tuina\/kinesiologie\/\",\"url\":\"https:\/\/www.tuina.co.at\/tuina\/kinesiologie\/\",\"name\":\"Kinesiologie - Traditionelle Chinesische Medizin - TUINA Therapie\",\"isPartOf\":{\"@id\":\"https:\/\/www.tuina.co.at\/tuina\/#website\"},\"datePublished\":\"2012-02-22T14:12:27+00:00\",\"dateModified\":\"2016-02-16T04:59:01+00:00\",\"description\":\"Traditionelle Chinesische Medizin - TUINA Therapie - TUINA PRAXIS - Mag. (FH) Albert Sprung\",\"breadcrumb\":{\"@id\":\"https:\/\/www.tuina.co.at\/tuina\/kinesiologie\/#breadcrumb\"},\"inLanguage\":\"de\",\"potentialAction\":[{\"@type\":\"ReadAction\",\"target\":[\"https:\/\/www.tuina.co.at\/tuina\/kinesiologie\/\"]}]},{\"@type\":\"BreadcrumbList\",\"@id\":\"https:\/\/www.tuina.co.at\/tuina\/kinesiologie\/#breadcrumb\",\"itemListElement\":[{\"@type\":\"ListItem\",\"position\":1,\"name\":\"Home\",\"item\":\"https:\/\/www.tuina.co.at\/tuina\/\"},{\"@type\":\"ListItem\",\"position\":2,\"name\":\"Kinesiologie\"}]},{\"@type\":\"WebSite\",\"@id\":\"https:\/\/www.tuina.co.at\/tuina\/#website\",\"url\":\"https:\/\/www.tuina.co.at\/tuina\/\",\"name\":\"Traditionelle Chinesische Medizin - TUINA Therapie\",\"description\":\"TUINA PRAXIS - Mag. (FH) Albert Sprung\",\"publisher\":{\"@id\":\"https:\/\/www.tuina.co.at\/tuina\/#organization\"},\"potentialAction\":[{\"@type\":\"SearchAction\",\"target\":{\"@type\":\"EntryPoint\",\"urlTemplate\":\"https:\/\/www.tuina.co.at\/tuina\/?s={search_term_string}\"},\"query-input\":\"required name=search_term_string\"}],\"inLanguage\":\"de\"},{\"@type\":\"Organization\",\"@id\":\"https:\/\/www.tuina.co.at\/tuina\/#organization\",\"name\":\"TUINA PRAXIS - Mag. Albert Sprung\",\"url\":\"https:\/\/www.tuina.co.at\/tuina\/\",\"logo\":{\"@type\":\"ImageObject\",\"inLanguage\":\"de\",\"@id\":\"https:\/\/www.tuina.co.at\/tuina\/#\/schema\/logo\/image\/\",\"url\":\"https:\/\/i0.wp.com\/www.tuina.co.at\/tuina\/wp-content\/uploads\/Logo.jpg?fit=838%2C360\",\"contentUrl\":\"https:\/\/i0.wp.com\/www.tuina.co.at\/tuina\/wp-content\/uploads\/Logo.jpg?fit=838%2C360\",\"width\":838,\"height\":360,\"caption\":\"TUINA PRAXIS - Mag. Albert Sprung\"},\"image\":{\"@id\":\"https:\/\/www.tuina.co.at\/tuina\/#\/schema\/logo\/image\/\"}}]}<\/script>\n<!-- \/ Yoast SEO plugin. -->","yoast_head_json":{"title":"Kinesiologie - Traditionelle Chinesische Medizin - TUINA Therapie","description":"Traditionelle Chinesische Medizin - TUINA Therapie - TUINA PRAXIS - Mag. (FH) Albert Sprung","robots":{"index":"index","follow":"follow","max-snippet":"max-snippet:-1","max-image-preview":"max-image-preview:large","max-video-preview":"max-video-preview:-1"},"canonical":"https:\/\/www.tuina.co.at\/tuina\/kinesiologie\/","og_locale":"de_DE","og_type":"article","og_title":"Kinesiologie - Traditionelle Chinesische Medizin - TUINA Therapie","og_description":"Traditionelle Chinesische Medizin - TUINA Therapie - TUINA PRAXIS - Mag. (FH) Albert Sprung","og_url":"https:\/\/www.tuina.co.at\/tuina\/kinesiologie\/","og_site_name":"Traditionelle Chinesische Medizin - TUINA Therapie","article_modified_time":"2016-02-16T04:59:01+00:00","og_image":[{"width":838,"height":360,"url":"https:\/\/i0.wp.com\/www.tuina.co.at\/tuina\/wp-content\/uploads\/Logo.jpg?fit=838%2C360&ssl=1","type":"image\/jpeg"}],"twitter_card":"summary_large_image","twitter_misc":{"Gesch\u00e4tzte Lesezeit":"2\u00a0Minuten"},"schema":{"@context":"https:\/\/schema.org","@graph":[{"@type":"WebPage","@id":"https:\/\/www.tuina.co.at\/tuina\/kinesiologie\/","url":"https:\/\/www.tuina.co.at\/tuina\/kinesiologie\/","name":"Kinesiologie - Traditionelle Chinesische Medizin - TUINA Therapie","isPartOf":{"@id":"https:\/\/www.tuina.co.at\/tuina\/#website"},"datePublished":"2012-02-22T14:12:27+00:00","dateModified":"2016-02-16T04:59:01+00:00","description":"Traditionelle Chinesische Medizin - TUINA Therapie - TUINA PRAXIS - Mag. (FH) Albert Sprung","breadcrumb":{"@id":"https:\/\/www.tuina.co.at\/tuina\/kinesiologie\/#breadcrumb"},"inLanguage":"de","potentialAction":[{"@type":"ReadAction","target":["https:\/\/www.tuina.co.at\/tuina\/kinesiologie\/"]}]},{"@type":"BreadcrumbList","@id":"https:\/\/www.tuina.co.at\/tuina\/kinesiologie\/#breadcrumb","itemListElement":[{"@type":"ListItem","position":1,"name":"Home","item":"https:\/\/www.tuina.co.at\/tuina\/"},{"@type":"ListItem","position":2,"name":"Kinesiologie"}]},{"@type":"WebSite","@id":"https:\/\/www.tuina.co.at\/tuina\/#website","url":"https:\/\/www.tuina.co.at\/tuina\/","name":"Traditionelle Chinesische Medizin - TUINA Therapie","description":"TUINA PRAXIS - Mag. (FH) Albert Sprung","publisher":{"@id":"https:\/\/www.tuina.co.at\/tuina\/#organization"},"potentialAction":[{"@type":"SearchAction","target":{"@type":"EntryPoint","urlTemplate":"https:\/\/www.tuina.co.at\/tuina\/?s={search_term_string}"},"query-input":"required name=search_term_string"}],"inLanguage":"de"},{"@type":"Organization","@id":"https:\/\/www.tuina.co.at\/tuina\/#organization","name":"TUINA PRAXIS - Mag. Albert Sprung","url":"https:\/\/www.tuina.co.at\/tuina\/","logo":{"@type":"ImageObject","inLanguage":"de","@id":"https:\/\/www.tuina.co.at\/tuina\/#\/schema\/logo\/image\/","url":"https:\/\/i0.wp.com\/www.tuina.co.at\/tuina\/wp-content\/uploads\/Logo.jpg?fit=838%2C360","contentUrl":"https:\/\/i0.wp.com\/www.tuina.co.at\/tuina\/wp-content\/uploads\/Logo.jpg?fit=838%2C360","width":838,"height":360,"caption":"TUINA PRAXIS - Mag. Albert Sprung"},"image":{"@id":"https:\/\/www.tuina.co.at\/tuina\/#\/schema\/logo\/image\/"}}]}},"jetpack_sharing_enabled":true,"jetpack_shortlink":"https:\/\/wp.me\/P7f5TD-11","jetpack-related-posts":[{"id":873,"url":"https:\/\/www.tuina.co.at\/tuina\/team-2\/","url_meta":{"origin":63,"position":0},"title":"Team","date":"28. August 2017","format":false,"excerpt":"TUINA\u00a0 Massage \/ Therapie Ing. Mag. Albert Sprung ist Tuina Anmo Praktiker in Vorchdorf. In seiner Praxis wendet er Methoden der Traditionellen Chinesischen Medizin an, im Speziellen Tuina (chinesische Massage) und energetische Osteopathie, jedoch auch Di\u00e4tetik (chinesische Ern\u00e4hrungslehre) und Pharmakologie (speziell westliche Kr\u00e4uter), Schr\u00f6pfen, Gua Sha, Moxibustion und Tapen. TUINA-Therapie\/Massage\u2026","rel":"","context":"\u00c4hnlicher Beitrag","img":{"alt_text":"","src":"https:\/\/i2.wp.com\/www.tuina.co.at\/tuina\/wp-content\/uploads\/2015\/01\/Albert-Sprung.jpg?resize=350%2C200","width":350,"height":200},"classes":[]},{"id":236,"url":"https:\/\/www.tuina.co.at\/tuina\/presse-tuina\/","url_meta":{"origin":63,"position":1},"title":"Presse Tuina","date":"12. Juni 2012","format":false,"excerpt":"Mit TUINA Massage zu mehr Wohlbefinden Bereits seit den 90er Jahren besch\u00e4ftigt sich Mag. Albert Sprung mit Traditioneller Chinesischer Medizin und Kinesiologie. Jetzt feiert er das einj\u00e4hrige Bestehen seiner Tuina Praxis in Vorchdorf-Lederau. \u201eEs ist eine Freude Menschen, mit diesem \u00fcber 5000 Jahre alten Wissen, helfen zu k\u00f6nnen\u201c, meint Mag.\u2026","rel":"","context":"\u00c4hnlicher Beitrag","img":{"alt_text":"","src":"https:\/\/i0.wp.com\/www.tuina.co.at\/wordpress\/wp-content\/uploads\/Albert-Sprung-751x1024.jpg?resize=350%2C200","width":350,"height":200},"classes":[]},{"id":167,"url":"https:\/\/www.tuina.co.at\/tuina\/albert-sprung\/","url_meta":{"origin":63,"position":2},"title":"Albert Sprung","date":"25. Februar 2012","format":false,"excerpt":"ist Tuina Anmo Praktiker in Vorchdorf. In seiner Praxis wendet er Methoden der Traditionellen Chinesischen Medizin an, im Speziellen Tuina (chinesische Massage) und Osteopathie, jedoch auch Di\u00e4tetik (chinesische Ern\u00e4hrungslehre) und Pharmakologie (speziell westliche Kr\u00e4uter), Schr\u00f6pfen, Gua Sha, Moxibustion und Tapen, On Zon Su (Taoistische Massagetechnik), APM und Ohr-APM (Akupunkt Meridian\u2026","rel":"","context":"\u00c4hnlicher Beitrag","img":{"alt_text":"","src":"https:\/\/i0.wp.com\/www.tuina.co.at\/wordpress\/wp-content\/uploads\/Albert-Sprung-751x1024.jpg?resize=350%2C200","width":350,"height":200},"classes":[]},{"id":68,"url":"https:\/\/www.tuina.co.at\/tuina\/preise\/","url_meta":{"origin":63,"position":3},"title":"Leistungen \/ AGB","date":"22. Februar 2012","format":false,"excerpt":"Leistungen (Preise auf Anfrage) \u2014\u2014\u2014\u2014\u2014\u2014\u2014\u2014\u2014\u2014\u2014\u2014\u2014\u2014\u2014\u2014\u2014\u2014\u2014\u2014\u2014\u2014\u2014 TCM - TUINA Gesundheit \/ Wohlbefinden Befundung nach TCM Umfangreiche Befundung nach TCM (Puls-, Zungen-, Gesichtsbefund und Anamnese) und Erstellung einer entsprechenden Behandlungsstrategie auf Basis der Traditionellen Chinesischen Medizin unter besonderer Ber\u00fccksichtigung der TUINA. Dauer ca. 50 min TUINA Massage \/ Therapie \u2013 \u00a0Ersttermin Ganzheitliche\u2026","rel":"","context":"\u00c4hnlicher Beitrag","img":{"alt_text":"","src":"","width":0,"height":0},"classes":[]},{"id":25,"url":"https:\/\/www.tuina.co.at\/tuina\/links\/","url_meta":{"origin":63,"position":4},"title":"Links","date":"21. Februar 2012","format":false,"excerpt":"Tuina Anmo Therapeuten in Ihrer N\u00e4he Mag. Albert Sprung Tuina Anmo Praktiker Lederau 114 4655 Vorchdorf Tel.: +43 7586 20629 Mobil: +43 664 1437 137 Web: www.tuina.cc Traditionelle Chinesische Medizin (Tuina-Anmo) Kinesiologie, Psycho Kinesiologie Rauchentw\u00f6hnungen Freude am Leben --------------------------------------------------------------------------- B\u00e4rbl Lechner - \"K\u00f6rper in Balance\" Ganzheitliche Heilmassage, Akupunkt-Meridian-Massage auf Grundlage\u2026","rel":"","context":"\u00c4hnlicher Beitrag","img":{"alt_text":"","src":"","width":0,"height":0},"classes":[]},{"id":40,"url":"https:\/\/www.tuina.co.at\/tuina\/impressum\/","url_meta":{"origin":63,"position":5},"title":"Impressum","date":"21. Februar 2012","format":false,"excerpt":"Firmensitz\/Rechnungsadresse: Ing. Mag. (FH) Albert Sprung Tachlau 7 4655 Vorchdorf Traditionelle Chinesische Medizin (Tuina-Anmo) Kinesiologie, Psycho Kinesiologie Rauchentw\u00f6hnungen Freude am Leben Auskunft gem\u00e4\u00df E-Commerce-Gesetz Tachlau 7 4655 Vorchdorf Tel. +43 7586 20629 Email: office(at)tuina.com Web: www.tuina.com","rel":"","context":"\u00c4hnlicher Beitrag","img":{"alt_text":"","src":"","width":0,"height":0},"classes":[]}],"_links":{"self":[{"href":"https:\/\/www.tuina.co.at\/tuina\/wp-json\/wp\/v2\/pages\/63"}],"collection":[{"href":"https:\/\/www.tuina.co.at\/tuina\/wp-json\/wp\/v2\/pages"}],"about":[{"href":"https:\/\/www.tuina.co.at\/tuina\/wp-json\/wp\/v2\/types\/page"}],"author":[{"embeddable":true,"href":"https:\/\/www.tuina.co.at\/tuina\/wp-json\/wp\/v2\/users\/1"}],"replies":[{"embeddable":true,"href":"https:\/\/www.tuina.co.at\/tuina\/wp-json\/wp\/v2\/comments?post=63"}],"version-history":[{"count":11,"href":"https:\/\/www.tuina.co.at\/tuina\/wp-json\/wp\/v2\/pages\/63\/revisions"}],"predecessor-version":[{"id":516,"href":"https:\/\/www.tuina.co.at\/tuina\/wp-json\/wp\/v2\/pages\/63\/revisions\/516"}],"wp:attachment":[{"href":"https:\/\/www.tuina.co.at\/tuina\/wp-json\/wp\/v2\/media?parent=63"}],"curies":[{"name":"wp","href":"https:\/\/api.w.org\/{rel}","templated":true}]}}