{"id":566,"date":"2016-02-23T14:31:57","date_gmt":"2016-02-23T13:31:57","guid":{"rendered":"http:\/\/www.tuina.co.at\/tuina\/?page_id=566"},"modified":"2020-03-07T13:01:39","modified_gmt":"2020-03-07T12:01:39","slug":"ich-bin-rauchfrei-2","status":"publish","type":"page","link":"https:\/\/www.tuina.co.at\/tuina\/ich-bin-rauchfrei-2\/","title":{"rendered":"Ich-bin-rauchfrei"},"content":{"rendered":"<h1 class=\"entry-title\">Ich-bin-rauchfrei<\/h1>\n<div class=\"entry-content\">\n<p><strong>Rauchfrei ohne Gewichtszunahme<\/strong><\/p>\n<p>Bereits seit dreizehn Jahren hilft Albert Sprung in seiner Tuina-Praxis in Vorchdorf-Lederau Menschen sehr erfolgreich mit dem Rauchen aufh\u00f6ren.<\/p>\n<p>\u201eDrei Packerl am Tag habe ich geraucht, und Albert hat mir geholfen mit meinem Laster aufzuh\u00f6ren\u201c erz\u00e4hlt Joe, der einer der Ersten war.<\/p>\n<p>\u201eAber wenn ich st\u00e4ndig damit k\u00e4mpfen muss, dem Laster Rauchen nicht wieder zu verfallen?\u201c ist eine h\u00e4ufig gestellte Frage. Hier kommt das Besondere der Rauchentw\u00f6hnung bei Albert Sprung zum Tragen. Mit einer vor \u00fcber 18 Jahren entwickelten mentalen Methode \u201el\u00f6scht man das Bed\u00fcrfnis Rauchen zu wollen nach und nach aus\u201c erkl\u00e4rt Albert Sprung, der selbst 1999 mit dem Rauchen aufgeh\u00f6rt hat.<\/p>\n<p>\u201eH\u00e4ufig werde ich zwei drei Tage nach der Behandlung angerufen, und begeistert berichtet, wie gut die Rauchentw\u00f6hnung funktioniert hat und wie sehr sich schon die allgemeine Verfassung verbessert hat\u201c, berichtet Albert Sprung von seinen Behandlungserfolgen.<\/p>\n<p>\u201eH\u00e4ufig war leider eine Gewichtszunahme ein Problem, mit dem meine Klienten nach der Rauchentw\u00f6hnung zu k\u00e4mpfen hatten\u201c, meint Albert Sprung, \u201eund um diesem Problem entgegenzuwirken, biete ich jetzt in meiner Tuina-Praxis eine zus\u00e4tzliche stoffwechselanregende Behandlung an. Wenn man mit dem Rauchen aufh\u00f6rt, verlangsamt sich der Stoffwechsel, was zu einer Gewichtszunahme f\u00fchren kann. Mit dieser Behandlung wird der Stoffwechsel angeregt. Man kann damit das Gewicht halten oder sogar abnehmen\u201c.<\/p>\n<\/div>\n<div class=\"sharedaddy sd-sharing-enabled\"><div class=\"robots-nocontent sd-block sd-social sd-social-icon-text sd-sharing\"><h3 class=\"sd-title\">Teilen mit<\/h3><div class=\"sd-content\"><ul><li class=\"share-facebook\"><a rel=\"nofollow noopener noreferrer\" data-shared=\"sharing-facebook-566\" class=\"share-facebook sd-button share-icon\" href=\"https:\/\/www.tuina.co.at\/tuina\/ich-bin-rauchfrei-2\/?share=facebook\" target=\"_blank\" title=\"Klick, um auf Facebook zu teilen\" ><span>Facebook<\/span><\/a><\/li><li class=\"share-twitter\"><a rel=\"nofollow noopener noreferrer\" data-shared=\"sharing-twitter-566\" class=\"share-twitter sd-button share-icon\" href=\"https:\/\/www.tuina.co.at\/tuina\/ich-bin-rauchfrei-2\/?share=twitter\" target=\"_blank\" title=\"Klick, um \u00fcber Twitter zu teilen\" ><span>Twitter<\/span><\/a><\/li><li class=\"share-jetpack-whatsapp\"><a rel=\"nofollow noopener noreferrer\" data-shared=\"\" class=\"share-jetpack-whatsapp sd-button share-icon\" href=\"https:\/\/www.tuina.co.at\/tuina\/ich-bin-rauchfrei-2\/?share=jetpack-whatsapp\" target=\"_blank\" title=\"Klicken, um auf WhatsApp zu teilen\" ><span>WhatsApp<\/span><\/a><\/li><li class=\"share-print\"><a rel=\"nofollow noopener noreferrer\" data-shared=\"\" class=\"share-print sd-button share-icon\" href=\"https:\/\/www.tuina.co.at\/tuina\/ich-bin-rauchfrei-2\/\" target=\"_blank\" title=\"Klicken zum Ausdrucken\" ><span>Drucken<\/span><\/a><\/li><li class=\"share-end\"><\/li><\/ul><\/div><\/div><\/div>","protected":false},"excerpt":{"rendered":"<p>Ich-bin-rauchfrei Rauchfrei ohne Gewichtszunahme Bereits seit dreizehn Jahren hilft Albert Sprung in seiner Tuina-Praxis in Vorchdorf-Lederau Menschen sehr erfolgreich mit dem Rauchen aufh\u00f6ren. \u201eDrei Packerl am Tag habe ich geraucht, und Albert hat mir&#46;&#46;&#46;<\/p>\n<div class=\"sharedaddy sd-sharing-enabled\"><div class=\"robots-nocontent sd-block sd-social sd-social-icon-text sd-sharing\"><h3 class=\"sd-title\">Teilen mit<\/h3><div class=\"sd-content\"><ul><li class=\"share-facebook\"><a rel=\"nofollow noopener noreferrer\" data-shared=\"sharing-facebook-566\" class=\"share-facebook sd-button share-icon\" href=\"https:\/\/www.tuina.co.at\/tuina\/ich-bin-rauchfrei-2\/?share=facebook\" target=\"_blank\" title=\"Klick, um auf Facebook zu teilen\" ><span>Facebook<\/span><\/a><\/li><li class=\"share-twitter\"><a rel=\"nofollow noopener noreferrer\" data-shared=\"sharing-twitter-566\" class=\"share-twitter sd-button share-icon\" href=\"https:\/\/www.tuina.co.at\/tuina\/ich-bin-rauchfrei-2\/?share=twitter\" target=\"_blank\" title=\"Klick, um \u00fcber Twitter zu teilen\" ><span>Twitter<\/span><\/a><\/li><li class=\"share-jetpack-whatsapp\"><a rel=\"nofollow noopener noreferrer\" data-shared=\"\" class=\"share-jetpack-whatsapp sd-button share-icon\" href=\"https:\/\/www.tuina.co.at\/tuina\/ich-bin-rauchfrei-2\/?share=jetpack-whatsapp\" target=\"_blank\" title=\"Klicken, um auf WhatsApp zu teilen\" ><span>WhatsApp<\/span><\/a><\/li><li class=\"share-print\"><a rel=\"nofollow noopener noreferrer\" data-shared=\"\" class=\"share-print sd-button share-icon\" href=\"https:\/\/www.tuina.co.at\/tuina\/ich-bin-rauchfrei-2\/\" target=\"_blank\" title=\"Klicken zum Ausdrucken\" ><span>Drucken<\/span><\/a><\/li><li class=\"share-end\"><\/li><\/ul><\/div><\/div><\/div>","protected":false},"author":1,"featured_media":0,"parent":0,"menu_order":0,"comment_status":"closed","ping_status":"closed","template":"","meta":{"jetpack_post_was_ever_published":false},"yoast_head":"<!-- This site is optimized with the Yoast SEO plugin v19.14 - https:\/\/yoast.com\/wordpress\/plugins\/seo\/ -->\n<title>Ich-bin-rauchfrei - Traditionelle Chinesische Medizin - TUINA Therapie<\/title>\n<meta name=\"description\" content=\"Traditionelle Chinesische Medizin - TUINA Therapie - TUINA PRAXIS - Mag. (FH) Albert Sprung\" \/>\n<meta name=\"robots\" content=\"index, follow, max-snippet:-1, max-image-preview:large, max-video-preview:-1\" \/>\n<link rel=\"canonical\" href=\"https:\/\/www.tuina.co.at\/tuina\/ich-bin-rauchfrei-2\/\" \/>\n<meta property=\"og:locale\" content=\"de_DE\" \/>\n<meta property=\"og:type\" content=\"article\" \/>\n<meta property=\"og:title\" content=\"Ich-bin-rauchfrei - Traditionelle Chinesische Medizin - TUINA Therapie\" \/>\n<meta property=\"og:description\" content=\"Traditionelle Chinesische Medizin - TUINA Therapie - TUINA PRAXIS - Mag. (FH) Albert Sprung\" \/>\n<meta property=\"og:url\" content=\"https:\/\/www.tuina.co.at\/tuina\/ich-bin-rauchfrei-2\/\" \/>\n<meta property=\"og:site_name\" content=\"Traditionelle Chinesische Medizin - TUINA Therapie\" \/>\n<meta property=\"article:modified_time\" content=\"2020-03-07T12:01:39+00:00\" \/>\n<meta property=\"og:image\" content=\"https:\/\/i0.wp.com\/www.tuina.co.at\/tuina\/wp-content\/uploads\/Logo.jpg?fit=838%2C360&ssl=1\" \/>\n\t<meta property=\"og:image:width\" content=\"838\" \/>\n\t<meta property=\"og:image:height\" content=\"360\" \/>\n\t<meta property=\"og:image:type\" content=\"image\/jpeg\" \/>\n<meta name=\"twitter:card\" content=\"summary_large_image\" \/>\n<meta name=\"twitter:label1\" content=\"Gesch\u00e4tzte Lesezeit\" \/>\n\t<meta name=\"twitter:data1\" content=\"1\u00a0Minute\" \/>\n<script type=\"application\/ld+json\" class=\"yoast-schema-graph\">{\"@context\":\"https:\/\/schema.org\",\"@graph\":[{\"@type\":\"WebPage\",\"@id\":\"https:\/\/www.tuina.co.at\/tuina\/ich-bin-rauchfrei-2\/\",\"url\":\"https:\/\/www.tuina.co.at\/tuina\/ich-bin-rauchfrei-2\/\",\"name\":\"Ich-bin-rauchfrei - Traditionelle Chinesische Medizin - TUINA Therapie\",\"isPartOf\":{\"@id\":\"https:\/\/www.tuina.co.at\/tuina\/#website\"},\"datePublished\":\"2016-02-23T13:31:57+00:00\",\"dateModified\":\"2020-03-07T12:01:39+00:00\",\"description\":\"Traditionelle Chinesische Medizin - TUINA Therapie - TUINA PRAXIS - Mag. (FH) Albert Sprung\",\"breadcrumb\":{\"@id\":\"https:\/\/www.tuina.co.at\/tuina\/ich-bin-rauchfrei-2\/#breadcrumb\"},\"inLanguage\":\"de\",\"potentialAction\":[{\"@type\":\"ReadAction\",\"target\":[\"https:\/\/www.tuina.co.at\/tuina\/ich-bin-rauchfrei-2\/\"]}]},{\"@type\":\"BreadcrumbList\",\"@id\":\"https:\/\/www.tuina.co.at\/tuina\/ich-bin-rauchfrei-2\/#breadcrumb\",\"itemListElement\":[{\"@type\":\"ListItem\",\"position\":1,\"name\":\"Home\",\"item\":\"https:\/\/www.tuina.co.at\/tuina\/\"},{\"@type\":\"ListItem\",\"position\":2,\"name\":\"Ich-bin-rauchfrei\"}]},{\"@type\":\"WebSite\",\"@id\":\"https:\/\/www.tuina.co.at\/tuina\/#website\",\"url\":\"https:\/\/www.tuina.co.at\/tuina\/\",\"name\":\"Traditionelle Chinesische Medizin - TUINA Therapie\",\"description\":\"TUINA PRAXIS - Mag. (FH) Albert Sprung\",\"publisher\":{\"@id\":\"https:\/\/www.tuina.co.at\/tuina\/#organization\"},\"potentialAction\":[{\"@type\":\"SearchAction\",\"target\":{\"@type\":\"EntryPoint\",\"urlTemplate\":\"https:\/\/www.tuina.co.at\/tuina\/?s={search_term_string}\"},\"query-input\":\"required name=search_term_string\"}],\"inLanguage\":\"de\"},{\"@type\":\"Organization\",\"@id\":\"https:\/\/www.tuina.co.at\/tuina\/#organization\",\"name\":\"TUINA PRAXIS - Mag. Albert Sprung\",\"url\":\"https:\/\/www.tuina.co.at\/tuina\/\",\"logo\":{\"@type\":\"ImageObject\",\"inLanguage\":\"de\",\"@id\":\"https:\/\/www.tuina.co.at\/tuina\/#\/schema\/logo\/image\/\",\"url\":\"https:\/\/i0.wp.com\/www.tuina.co.at\/tuina\/wp-content\/uploads\/Logo.jpg?fit=838%2C360\",\"contentUrl\":\"https:\/\/i0.wp.com\/www.tuina.co.at\/tuina\/wp-content\/uploads\/Logo.jpg?fit=838%2C360\",\"width\":838,\"height\":360,\"caption\":\"TUINA PRAXIS - Mag. Albert Sprung\"},\"image\":{\"@id\":\"https:\/\/www.tuina.co.at\/tuina\/#\/schema\/logo\/image\/\"}}]}<\/script>\n<!-- \/ Yoast SEO plugin. -->","yoast_head_json":{"title":"Ich-bin-rauchfrei - Traditionelle Chinesische Medizin - TUINA Therapie","description":"Traditionelle Chinesische Medizin - TUINA Therapie - TUINA PRAXIS - Mag. (FH) Albert Sprung","robots":{"index":"index","follow":"follow","max-snippet":"max-snippet:-1","max-image-preview":"max-image-preview:large","max-video-preview":"max-video-preview:-1"},"canonical":"https:\/\/www.tuina.co.at\/tuina\/ich-bin-rauchfrei-2\/","og_locale":"de_DE","og_type":"article","og_title":"Ich-bin-rauchfrei - Traditionelle Chinesische Medizin - TUINA Therapie","og_description":"Traditionelle Chinesische Medizin - TUINA Therapie - TUINA PRAXIS - Mag. (FH) Albert Sprung","og_url":"https:\/\/www.tuina.co.at\/tuina\/ich-bin-rauchfrei-2\/","og_site_name":"Traditionelle Chinesische Medizin - TUINA Therapie","article_modified_time":"2020-03-07T12:01:39+00:00","og_image":[{"width":838,"height":360,"url":"https:\/\/i0.wp.com\/www.tuina.co.at\/tuina\/wp-content\/uploads\/Logo.jpg?fit=838%2C360&ssl=1","type":"image\/jpeg"}],"twitter_card":"summary_large_image","twitter_misc":{"Gesch\u00e4tzte Lesezeit":"1\u00a0Minute"},"schema":{"@context":"https:\/\/schema.org","@graph":[{"@type":"WebPage","@id":"https:\/\/www.tuina.co.at\/tuina\/ich-bin-rauchfrei-2\/","url":"https:\/\/www.tuina.co.at\/tuina\/ich-bin-rauchfrei-2\/","name":"Ich-bin-rauchfrei - Traditionelle Chinesische Medizin - TUINA Therapie","isPartOf":{"@id":"https:\/\/www.tuina.co.at\/tuina\/#website"},"datePublished":"2016-02-23T13:31:57+00:00","dateModified":"2020-03-07T12:01:39+00:00","description":"Traditionelle Chinesische Medizin - TUINA Therapie - TUINA PRAXIS - Mag. (FH) Albert Sprung","breadcrumb":{"@id":"https:\/\/www.tuina.co.at\/tuina\/ich-bin-rauchfrei-2\/#breadcrumb"},"inLanguage":"de","potentialAction":[{"@type":"ReadAction","target":["https:\/\/www.tuina.co.at\/tuina\/ich-bin-rauchfrei-2\/"]}]},{"@type":"BreadcrumbList","@id":"https:\/\/www.tuina.co.at\/tuina\/ich-bin-rauchfrei-2\/#breadcrumb","itemListElement":[{"@type":"ListItem","position":1,"name":"Home","item":"https:\/\/www.tuina.co.at\/tuina\/"},{"@type":"ListItem","position":2,"name":"Ich-bin-rauchfrei"}]},{"@type":"WebSite","@id":"https:\/\/www.tuina.co.at\/tuina\/#website","url":"https:\/\/www.tuina.co.at\/tuina\/","name":"Traditionelle Chinesische Medizin - TUINA Therapie","description":"TUINA PRAXIS - Mag. (FH) Albert Sprung","publisher":{"@id":"https:\/\/www.tuina.co.at\/tuina\/#organization"},"potentialAction":[{"@type":"SearchAction","target":{"@type":"EntryPoint","urlTemplate":"https:\/\/www.tuina.co.at\/tuina\/?s={search_term_string}"},"query-input":"required name=search_term_string"}],"inLanguage":"de"},{"@type":"Organization","@id":"https:\/\/www.tuina.co.at\/tuina\/#organization","name":"TUINA PRAXIS - Mag. Albert Sprung","url":"https:\/\/www.tuina.co.at\/tuina\/","logo":{"@type":"ImageObject","inLanguage":"de","@id":"https:\/\/www.tuina.co.at\/tuina\/#\/schema\/logo\/image\/","url":"https:\/\/i0.wp.com\/www.tuina.co.at\/tuina\/wp-content\/uploads\/Logo.jpg?fit=838%2C360","contentUrl":"https:\/\/i0.wp.com\/www.tuina.co.at\/tuina\/wp-content\/uploads\/Logo.jpg?fit=838%2C360","width":838,"height":360,"caption":"TUINA PRAXIS - Mag. Albert Sprung"},"image":{"@id":"https:\/\/www.tuina.co.at\/tuina\/#\/schema\/logo\/image\/"}}]}},"jetpack_sharing_enabled":true,"jetpack_shortlink":"https:\/\/wp.me\/P7f5TD-98","jetpack-related-posts":[{"id":245,"url":"https:\/\/www.tuina.co.at\/tuina\/albert-sprung\/presse-rauchentwohnung-2\/","url_meta":{"origin":566,"position":0},"title":"Presse Rauchentw\u00f6hnung","date":"12. Juni 2012","format":false,"excerpt":"Rauchfrei ohne Gewichtszunahme Bereits seit f\u00fcnf Jahren hilft Albert Sprung in seiner Tuina-Praxis in Vorchdorf-Lederau Menschen sehr erfolgreich mit dem Rauchen aufh\u00f6ren. \u201eDrei Packerl am Tag habe ich geraucht, und Albert hat mir geholfen mit meinem Laster aufzuh\u00f6ren\u201c erz\u00e4hlt Joe, der einer der Ersten war. \u201eAber wenn ich st\u00e4ndig damit\u2026","rel":"","context":"\u00c4hnlicher Beitrag","img":{"alt_text":"","src":"","width":0,"height":0},"classes":[]},{"id":73,"url":"https:\/\/www.tuina.co.at\/tuina\/preise\/abgs\/","url_meta":{"origin":566,"position":1},"title":"Nutzungsbedingungen &amp; Allgemeine Gesch\u00e4ftsbedingungen (AGB)","date":"22. Februar 2012","format":false,"excerpt":"TUINA PRAXIS \u2013 Albert Sprung Stand: 17.02.2025 1. Geltungsbereich Diese Allgemeinen Gesch\u00e4ftsbedingungen (AGB) gelten f\u00fcr die Nutzung der Online-Terminvergabe-Software (\"TUINA Kalender-App\") sowie f\u00fcr alle in der TUINA PRAXIS (Albert Sprung) durchgef\u00fchrten Behandlungen und geschlossenen Vertr\u00e4ge. 2. Nutzung der Termin-App & Verf\u00fcgbarkeit Die bereitgestellte Applikation dient der Berechnung freier Terminslots und\u2026","rel":"","context":"\u00c4hnlicher Beitrag","img":{"alt_text":"","src":"","width":0,"height":0},"classes":[]},{"id":236,"url":"https:\/\/www.tuina.co.at\/tuina\/presse-tuina\/","url_meta":{"origin":566,"position":2},"title":"Presse Tuina","date":"12. Juni 2012","format":false,"excerpt":"Mit TUINA Massage zu mehr Wohlbefinden Bereits seit den 90er Jahren besch\u00e4ftigt sich Mag. Albert Sprung mit Traditioneller Chinesischer Medizin und Kinesiologie. Jetzt feiert er das einj\u00e4hrige Bestehen seiner Tuina Praxis in Vorchdorf-Lederau. \u201eEs ist eine Freude Menschen, mit diesem \u00fcber 5000 Jahre alten Wissen, helfen zu k\u00f6nnen\u201c, meint Mag.\u2026","rel":"","context":"\u00c4hnlicher Beitrag","img":{"alt_text":"","src":"https:\/\/i0.wp.com\/www.tuina.co.at\/wordpress\/wp-content\/uploads\/Albert-Sprung-751x1024.jpg?resize=350%2C200","width":350,"height":200},"classes":[]},{"id":167,"url":"https:\/\/www.tuina.co.at\/tuina\/albert-sprung\/","url_meta":{"origin":566,"position":3},"title":"Albert Sprung","date":"25. Februar 2012","format":false,"excerpt":"ist Tuina Anmo Praktiker in Vorchdorf. In seiner Praxis wendet er Methoden der Traditionellen Chinesischen Medizin an, im Speziellen Tuina (chinesische Massage) und Osteopathie, jedoch auch Di\u00e4tetik (chinesische Ern\u00e4hrungslehre) und Pharmakologie (speziell westliche Kr\u00e4uter), Schr\u00f6pfen, Gua Sha, Moxibustion und Tapen, On Zon Su (Taoistische Massagetechnik), APM und Ohr-APM (Akupunkt Meridian\u2026","rel":"","context":"\u00c4hnlicher Beitrag","img":{"alt_text":"","src":"https:\/\/i0.wp.com\/www.tuina.co.at\/wordpress\/wp-content\/uploads\/Albert-Sprung-751x1024.jpg?resize=350%2C200","width":350,"height":200},"classes":[]},{"id":1871,"url":"https:\/\/www.tuina.co.at\/tuina\/datenschutz\/","url_meta":{"origin":566,"position":4},"title":"Datenschutzerkl\u00e4rung f\u00fcr TUINA Kalender-App","date":"17. Februar 2026","format":false,"excerpt":"Stand: 17.02.2025 1. Verantwortlicher Verantwortlich f\u00fcr die Datenverarbeitung im Rahmen dieser Anwendung ist: TUINA PRAXIS Albert Sprung, Tachlau 7, 4655 Vorchdorf, E-Mail: albert.sprung@medicus.biz 2. Zweck der Anwendung Die Anwendung (\"TUINA Kalender-App\") ist eine interne Automatisierungsl\u00f6sung zur Verwaltung von Praxis-Terminen. Sie dient dazu, bestehende Kalendereintr\u00e4ge auszulesen, um basierend darauf freie Terminslots\u2026","rel":"","context":"\u00c4hnlicher Beitrag","img":{"alt_text":"","src":"","width":0,"height":0},"classes":[]},{"id":68,"url":"https:\/\/www.tuina.co.at\/tuina\/preise\/","url_meta":{"origin":566,"position":5},"title":"Leistungen \/ AGB","date":"22. Februar 2012","format":false,"excerpt":"Leistungen (Preise auf Anfrage) \u2014\u2014\u2014\u2014\u2014\u2014\u2014\u2014\u2014\u2014\u2014\u2014\u2014\u2014\u2014\u2014\u2014\u2014\u2014\u2014\u2014\u2014\u2014 TCM - TUINA Gesundheit \/ Wohlbefinden Befundung nach TCM Umfangreiche Befundung nach TCM (Puls-, Zungen-, Gesichtsbefund und Anamnese) und Erstellung einer entsprechenden Behandlungsstrategie auf Basis der Traditionellen Chinesischen Medizin unter besonderer Ber\u00fccksichtigung der TUINA. Dauer ca. 50 min TUINA Massage \/ Therapie \u2013 \u00a0Ersttermin Ganzheitliche\u2026","rel":"","context":"\u00c4hnlicher Beitrag","img":{"alt_text":"","src":"","width":0,"height":0},"classes":[]}],"_links":{"self":[{"href":"https:\/\/www.tuina.co.at\/tuina\/wp-json\/wp\/v2\/pages\/566"}],"collection":[{"href":"https:\/\/www.tuina.co.at\/tuina\/wp-json\/wp\/v2\/pages"}],"about":[{"href":"https:\/\/www.tuina.co.at\/tuina\/wp-json\/wp\/v2\/types\/page"}],"author":[{"embeddable":true,"href":"https:\/\/www.tuina.co.at\/tuina\/wp-json\/wp\/v2\/users\/1"}],"replies":[{"embeddable":true,"href":"https:\/\/www.tuina.co.at\/tuina\/wp-json\/wp\/v2\/comments?post=566"}],"version-history":[{"count":3,"href":"https:\/\/www.tuina.co.at\/tuina\/wp-json\/wp\/v2\/pages\/566\/revisions"}],"predecessor-version":[{"id":1227,"href":"https:\/\/www.tuina.co.at\/tuina\/wp-json\/wp\/v2\/pages\/566\/revisions\/1227"}],"wp:attachment":[{"href":"https:\/\/www.tuina.co.at\/tuina\/wp-json\/wp\/v2\/media?parent=566"}],"curies":[{"name":"wp","href":"https:\/\/api.w.org\/{rel}","templated":true}]}}