{"id":511,"date":"2016-02-16T05:56:31","date_gmt":"2016-02-16T04:56:31","guid":{"rendered":"http:\/\/www.tuina.co.at\/tuina\/?page_id=511"},"modified":"2016-02-22T22:57:20","modified_gmt":"2016-02-22T21:57:20","slug":"tuina-therapie","status":"publish","type":"page","link":"https:\/\/www.tuina.co.at\/tuina\/tuina-therapie\/","title":{"rendered":"TUINA Therapie"},"content":{"rendered":"<h1 class=\"entry-title\">TUINA \u2013 Massage\/Therapie<\/h1>\n<div class=\"entry-content\">\n<p>TUINA (chin.\u00a0\u63a8\u62cf, \u63a8\u62ff, tu\u012bn\u00e1), ist eine manuelle Therapie auf Basis des Konzeptes der Traditionellen Chinesischen Medizin (TCM).<\/p>\n<p>Die Tuina-Therapie ist eine der wirksamsten manualtherapeutischen Massageformen. Sie basiert auf der Meridianlehre der Traditionellen Chinesischen Medizin (TCM), wo sie in der Therapie einen hohen Stellenwert einnimmt.<\/p>\n<p>Bereits 1600 v. Chr. (in der Yin-Shang Dynastie) wurde die TUINA entwickelt und praktiziert.<\/p>\n<p>Neben der Akupunktur, 5-Elemente Ern\u00e4hrung, Qi Gong, Feng Shui und der chinesischen Kr\u00e4uterheilkunde ist die TUINA \u2013 Therapie die \u00e4lteste Therapieform der TCM.<\/p>\n<p><strong><a href=\"https:\/\/i0.wp.com\/www.tuina.co.at\/tuina\/wp-content\/uploads\/TuiNa3.jpg\"><img data-attachment-id=\"275\" data-permalink=\"https:\/\/www.tuina.co.at\/tuina\/tuina3\/\" data-orig-file=\"https:\/\/i0.wp.com\/www.tuina.co.at\/tuina\/wp-content\/uploads\/TuiNa3.jpg?fit=541%2C347&amp;ssl=1\" data-orig-size=\"541,347\" data-comments-opened=\"1\" data-image-meta=\"{&quot;aperture&quot;:&quot;0&quot;,&quot;credit&quot;:&quot;&quot;,&quot;camera&quot;:&quot;&quot;,&quot;caption&quot;:&quot;&quot;,&quot;created_timestamp&quot;:&quot;0&quot;,&quot;copyright&quot;:&quot;&quot;,&quot;focal_length&quot;:&quot;0&quot;,&quot;iso&quot;:&quot;0&quot;,&quot;shutter_speed&quot;:&quot;0&quot;,&quot;title&quot;:&quot;&quot;}\" data-image-title=\"TuiNa3\" data-image-description=\"\" data-image-caption=\"\" data-medium-file=\"https:\/\/i0.wp.com\/www.tuina.co.at\/tuina\/wp-content\/uploads\/TuiNa3.jpg?fit=300%2C192&amp;ssl=1\" data-large-file=\"https:\/\/i0.wp.com\/www.tuina.co.at\/tuina\/wp-content\/uploads\/TuiNa3.jpg?fit=541%2C347&amp;ssl=1\" decoding=\"async\" loading=\"lazy\" class=\"wp-image-275 alignright\" title=\"TuiNa3\" src=\"https:\/\/i0.wp.com\/www.tuina.co.at\/tuina\/wp-content\/uploads\/TuiNa3.jpg?resize=317%2C203\" alt=\"\" width=\"317\" height=\"203\" srcset=\"https:\/\/i0.wp.com\/www.tuina.co.at\/tuina\/wp-content\/uploads\/TuiNa3.jpg?w=541&amp;ssl=1 541w, https:\/\/i0.wp.com\/www.tuina.co.at\/tuina\/wp-content\/uploads\/TuiNa3.jpg?resize=300%2C192&amp;ssl=1 300w\" sizes=\"(max-width: 317px) 100vw, 317px\" data-recalc-dims=\"1\" \/><\/a>TUINA \u2013 Therapie hilft bei<\/strong><\/p>\n<p>\u2013 Nackenschmerzen<br \/>\n\u2013 Schulterschmerzen<br \/>\n\u2013 R\u00fcckenschmerzen<br \/>\n\u2013 Ischias<br \/>\n\u2013 Verk\u00fchlung, Husten<br \/>\n\u2013 Allgemeine Schw\u00e4che<br \/>\n\u2013 Gelenkschmerzen<br \/>\n\u2013 Asthma<br \/>\n\u2013 Verstopfung<br \/>\n\u2013 Kopfschmerzen, Migr\u00e4ne<br \/>\n\u2013 Clusterkopfschmerzen<br \/>\n\u2013 Schlafst\u00f6rungen<br \/>\n\u2013 Gastritis<br \/>\n\u2013 \u00dcbelkeit<\/p>\n<\/div>\n<div class=\"sharedaddy sd-sharing-enabled\"><div class=\"robots-nocontent sd-block sd-social sd-social-icon-text sd-sharing\"><h3 class=\"sd-title\">Teilen mit<\/h3><div class=\"sd-content\"><ul><li class=\"share-facebook\"><a rel=\"nofollow noopener noreferrer\" data-shared=\"sharing-facebook-511\" class=\"share-facebook sd-button share-icon\" href=\"https:\/\/www.tuina.co.at\/tuina\/tuina-therapie\/?share=facebook\" target=\"_blank\" title=\"Klick, um auf Facebook zu teilen\" ><span>Facebook<\/span><\/a><\/li><li class=\"share-twitter\"><a rel=\"nofollow noopener noreferrer\" data-shared=\"sharing-twitter-511\" class=\"share-twitter sd-button share-icon\" href=\"https:\/\/www.tuina.co.at\/tuina\/tuina-therapie\/?share=twitter\" target=\"_blank\" title=\"Klick, um \u00fcber Twitter zu teilen\" ><span>Twitter<\/span><\/a><\/li><li class=\"share-jetpack-whatsapp\"><a rel=\"nofollow noopener noreferrer\" data-shared=\"\" class=\"share-jetpack-whatsapp sd-button share-icon\" href=\"https:\/\/www.tuina.co.at\/tuina\/tuina-therapie\/?share=jetpack-whatsapp\" target=\"_blank\" title=\"Klicken, um auf WhatsApp zu teilen\" ><span>WhatsApp<\/span><\/a><\/li><li class=\"share-print\"><a rel=\"nofollow noopener noreferrer\" data-shared=\"\" class=\"share-print sd-button share-icon\" href=\"https:\/\/www.tuina.co.at\/tuina\/tuina-therapie\/\" target=\"_blank\" title=\"Klicken zum Ausdrucken\" ><span>Drucken<\/span><\/a><\/li><li class=\"share-end\"><\/li><\/ul><\/div><\/div><\/div>","protected":false},"excerpt":{"rendered":"<p>TUINA \u2013 Massage\/Therapie TUINA (chin.\u00a0\u63a8\u62cf, \u63a8\u62ff, tu\u012bn\u00e1), ist eine manuelle Therapie auf Basis des Konzeptes der Traditionellen Chinesischen Medizin (TCM). Die Tuina-Therapie ist eine der wirksamsten manualtherapeutischen Massageformen. Sie basiert auf der Meridianlehre der&#46;&#46;&#46;<\/p>\n<div class=\"sharedaddy sd-sharing-enabled\"><div class=\"robots-nocontent sd-block sd-social sd-social-icon-text sd-sharing\"><h3 class=\"sd-title\">Teilen mit<\/h3><div class=\"sd-content\"><ul><li class=\"share-facebook\"><a rel=\"nofollow noopener noreferrer\" data-shared=\"sharing-facebook-511\" class=\"share-facebook sd-button share-icon\" href=\"https:\/\/www.tuina.co.at\/tuina\/tuina-therapie\/?share=facebook\" target=\"_blank\" title=\"Klick, um auf Facebook zu teilen\" ><span>Facebook<\/span><\/a><\/li><li class=\"share-twitter\"><a rel=\"nofollow noopener noreferrer\" data-shared=\"sharing-twitter-511\" class=\"share-twitter sd-button share-icon\" href=\"https:\/\/www.tuina.co.at\/tuina\/tuina-therapie\/?share=twitter\" target=\"_blank\" title=\"Klick, um \u00fcber Twitter zu teilen\" ><span>Twitter<\/span><\/a><\/li><li class=\"share-jetpack-whatsapp\"><a rel=\"nofollow noopener noreferrer\" data-shared=\"\" class=\"share-jetpack-whatsapp sd-button share-icon\" href=\"https:\/\/www.tuina.co.at\/tuina\/tuina-therapie\/?share=jetpack-whatsapp\" target=\"_blank\" title=\"Klicken, um auf WhatsApp zu teilen\" ><span>WhatsApp<\/span><\/a><\/li><li class=\"share-print\"><a rel=\"nofollow noopener noreferrer\" data-shared=\"\" class=\"share-print sd-button share-icon\" href=\"https:\/\/www.tuina.co.at\/tuina\/tuina-therapie\/\" target=\"_blank\" title=\"Klicken zum Ausdrucken\" ><span>Drucken<\/span><\/a><\/li><li class=\"share-end\"><\/li><\/ul><\/div><\/div><\/div>","protected":false},"author":1,"featured_media":0,"parent":0,"menu_order":10,"comment_status":"closed","ping_status":"closed","template":"","meta":{"jetpack_post_was_ever_published":false},"yoast_head":"<!-- This site is optimized with the Yoast SEO plugin v19.14 - https:\/\/yoast.com\/wordpress\/plugins\/seo\/ -->\n<title>TUINA Therapie - Traditionelle Chinesische Medizin - TUINA Therapie<\/title>\n<meta name=\"description\" content=\"Traditionelle Chinesische Medizin - TUINA Therapie - TUINA PRAXIS - Mag. (FH) Albert Sprung\" \/>\n<meta name=\"robots\" content=\"index, follow, max-snippet:-1, max-image-preview:large, max-video-preview:-1\" \/>\n<link rel=\"canonical\" href=\"http:\/\/www.tuina.co.at\/tuina\/tuina-therapie\/\" \/>\n<meta property=\"og:locale\" content=\"de_DE\" \/>\n<meta property=\"og:type\" content=\"article\" \/>\n<meta property=\"og:title\" content=\"TUINA Therapie - Traditionelle Chinesische Medizin - TUINA Therapie\" \/>\n<meta property=\"og:description\" content=\"Traditionelle Chinesische Medizin - TUINA Therapie - TUINA PRAXIS - Mag. (FH) Albert Sprung\" \/>\n<meta property=\"og:url\" content=\"http:\/\/www.tuina.co.at\/tuina\/tuina-therapie\/\" \/>\n<meta property=\"og:site_name\" content=\"Traditionelle Chinesische Medizin - TUINA Therapie\" \/>\n<meta property=\"article:modified_time\" content=\"2016-02-22T21:57:20+00:00\" \/>\n<meta property=\"og:image\" content=\"http:\/\/www.tuina.co.at\/tuina\/wp-content\/uploads\/TuiNa3.jpg\" \/>\n<meta name=\"twitter:card\" content=\"summary_large_image\" \/>\n<meta name=\"twitter:label1\" content=\"Gesch\u00e4tzte Lesezeit\" \/>\n\t<meta name=\"twitter:data1\" content=\"1\u00a0Minute\" \/>\n<script type=\"application\/ld+json\" class=\"yoast-schema-graph\">{\"@context\":\"https:\/\/schema.org\",\"@graph\":[{\"@type\":\"WebPage\",\"@id\":\"http:\/\/www.tuina.co.at\/tuina\/tuina-therapie\/\",\"url\":\"http:\/\/www.tuina.co.at\/tuina\/tuina-therapie\/\",\"name\":\"TUINA Therapie - Traditionelle Chinesische Medizin - TUINA Therapie\",\"isPartOf\":{\"@id\":\"https:\/\/www.tuina.co.at\/tuina\/#website\"},\"datePublished\":\"2016-02-16T04:56:31+00:00\",\"dateModified\":\"2016-02-22T21:57:20+00:00\",\"description\":\"Traditionelle Chinesische Medizin - TUINA Therapie - TUINA PRAXIS - Mag. (FH) Albert Sprung\",\"breadcrumb\":{\"@id\":\"http:\/\/www.tuina.co.at\/tuina\/tuina-therapie\/#breadcrumb\"},\"inLanguage\":\"de\",\"potentialAction\":[{\"@type\":\"ReadAction\",\"target\":[\"http:\/\/www.tuina.co.at\/tuina\/tuina-therapie\/\"]}]},{\"@type\":\"BreadcrumbList\",\"@id\":\"http:\/\/www.tuina.co.at\/tuina\/tuina-therapie\/#breadcrumb\",\"itemListElement\":[{\"@type\":\"ListItem\",\"position\":1,\"name\":\"Home\",\"item\":\"https:\/\/www.tuina.co.at\/tuina\/\"},{\"@type\":\"ListItem\",\"position\":2,\"name\":\"TUINA Therapie\"}]},{\"@type\":\"WebSite\",\"@id\":\"https:\/\/www.tuina.co.at\/tuina\/#website\",\"url\":\"https:\/\/www.tuina.co.at\/tuina\/\",\"name\":\"Traditionelle Chinesische Medizin - TUINA Therapie\",\"description\":\"TUINA PRAXIS - Mag. (FH) Albert Sprung\",\"publisher\":{\"@id\":\"https:\/\/www.tuina.co.at\/tuina\/#organization\"},\"potentialAction\":[{\"@type\":\"SearchAction\",\"target\":{\"@type\":\"EntryPoint\",\"urlTemplate\":\"https:\/\/www.tuina.co.at\/tuina\/?s={search_term_string}\"},\"query-input\":\"required name=search_term_string\"}],\"inLanguage\":\"de\"},{\"@type\":\"Organization\",\"@id\":\"https:\/\/www.tuina.co.at\/tuina\/#organization\",\"name\":\"TUINA PRAXIS - Mag. Albert Sprung\",\"url\":\"https:\/\/www.tuina.co.at\/tuina\/\",\"logo\":{\"@type\":\"ImageObject\",\"inLanguage\":\"de\",\"@id\":\"https:\/\/www.tuina.co.at\/tuina\/#\/schema\/logo\/image\/\",\"url\":\"https:\/\/i0.wp.com\/www.tuina.co.at\/tuina\/wp-content\/uploads\/Logo.jpg?fit=838%2C360\",\"contentUrl\":\"https:\/\/i0.wp.com\/www.tuina.co.at\/tuina\/wp-content\/uploads\/Logo.jpg?fit=838%2C360\",\"width\":838,\"height\":360,\"caption\":\"TUINA PRAXIS - Mag. Albert Sprung\"},\"image\":{\"@id\":\"https:\/\/www.tuina.co.at\/tuina\/#\/schema\/logo\/image\/\"}}]}<\/script>\n<!-- \/ Yoast SEO plugin. -->","yoast_head_json":{"title":"TUINA Therapie - Traditionelle Chinesische Medizin - TUINA Therapie","description":"Traditionelle Chinesische Medizin - TUINA Therapie - TUINA PRAXIS - Mag. (FH) Albert Sprung","robots":{"index":"index","follow":"follow","max-snippet":"max-snippet:-1","max-image-preview":"max-image-preview:large","max-video-preview":"max-video-preview:-1"},"canonical":"http:\/\/www.tuina.co.at\/tuina\/tuina-therapie\/","og_locale":"de_DE","og_type":"article","og_title":"TUINA Therapie - Traditionelle Chinesische Medizin - TUINA Therapie","og_description":"Traditionelle Chinesische Medizin - TUINA Therapie - TUINA PRAXIS - Mag. (FH) Albert Sprung","og_url":"http:\/\/www.tuina.co.at\/tuina\/tuina-therapie\/","og_site_name":"Traditionelle Chinesische Medizin - TUINA Therapie","article_modified_time":"2016-02-22T21:57:20+00:00","og_image":[{"url":"http:\/\/www.tuina.co.at\/tuina\/wp-content\/uploads\/TuiNa3.jpg"}],"twitter_card":"summary_large_image","twitter_misc":{"Gesch\u00e4tzte Lesezeit":"1\u00a0Minute"},"schema":{"@context":"https:\/\/schema.org","@graph":[{"@type":"WebPage","@id":"http:\/\/www.tuina.co.at\/tuina\/tuina-therapie\/","url":"http:\/\/www.tuina.co.at\/tuina\/tuina-therapie\/","name":"TUINA Therapie - Traditionelle Chinesische Medizin - TUINA Therapie","isPartOf":{"@id":"https:\/\/www.tuina.co.at\/tuina\/#website"},"datePublished":"2016-02-16T04:56:31+00:00","dateModified":"2016-02-22T21:57:20+00:00","description":"Traditionelle Chinesische Medizin - TUINA Therapie - TUINA PRAXIS - Mag. (FH) Albert Sprung","breadcrumb":{"@id":"http:\/\/www.tuina.co.at\/tuina\/tuina-therapie\/#breadcrumb"},"inLanguage":"de","potentialAction":[{"@type":"ReadAction","target":["http:\/\/www.tuina.co.at\/tuina\/tuina-therapie\/"]}]},{"@type":"BreadcrumbList","@id":"http:\/\/www.tuina.co.at\/tuina\/tuina-therapie\/#breadcrumb","itemListElement":[{"@type":"ListItem","position":1,"name":"Home","item":"https:\/\/www.tuina.co.at\/tuina\/"},{"@type":"ListItem","position":2,"name":"TUINA Therapie"}]},{"@type":"WebSite","@id":"https:\/\/www.tuina.co.at\/tuina\/#website","url":"https:\/\/www.tuina.co.at\/tuina\/","name":"Traditionelle Chinesische Medizin - TUINA Therapie","description":"TUINA PRAXIS - Mag. (FH) Albert Sprung","publisher":{"@id":"https:\/\/www.tuina.co.at\/tuina\/#organization"},"potentialAction":[{"@type":"SearchAction","target":{"@type":"EntryPoint","urlTemplate":"https:\/\/www.tuina.co.at\/tuina\/?s={search_term_string}"},"query-input":"required name=search_term_string"}],"inLanguage":"de"},{"@type":"Organization","@id":"https:\/\/www.tuina.co.at\/tuina\/#organization","name":"TUINA PRAXIS - Mag. Albert Sprung","url":"https:\/\/www.tuina.co.at\/tuina\/","logo":{"@type":"ImageObject","inLanguage":"de","@id":"https:\/\/www.tuina.co.at\/tuina\/#\/schema\/logo\/image\/","url":"https:\/\/i0.wp.com\/www.tuina.co.at\/tuina\/wp-content\/uploads\/Logo.jpg?fit=838%2C360","contentUrl":"https:\/\/i0.wp.com\/www.tuina.co.at\/tuina\/wp-content\/uploads\/Logo.jpg?fit=838%2C360","width":838,"height":360,"caption":"TUINA PRAXIS - Mag. Albert Sprung"},"image":{"@id":"https:\/\/www.tuina.co.at\/tuina\/#\/schema\/logo\/image\/"}}]}},"jetpack_sharing_enabled":true,"jetpack_shortlink":"https:\/\/wp.me\/P7f5TD-8f","jetpack-related-posts":[{"id":15,"url":"https:\/\/www.tuina.co.at\/tuina\/tuina-einfuhrung\/","url_meta":{"origin":511,"position":0},"title":"Einf\u00fchrung","date":"21. Februar 2012","format":false,"excerpt":"Einf\u00fchrung Tuina (chin.\u00a0\u63a8\u62cf, \u63a8\u62ff, tu\u012bn\u00e1), Anmo ist eine selbstst\u00e4ndige, chinesische manuelle Medizin und hat innerhalb des Konzeptes der Traditionellen Chinesischen Medizin (TCM) einen hohen Stellenwert. Es gibt auch die Schreibweise Tui-Na oder Tui Na. Das System der Tuina-Therapie schlie\u00dft die meisten westlichen Therapien, wie die Chiropraktik, die Akupressur, verschiedene Massagetechniken\u2026","rel":"","context":"\u00c4hnlicher Beitrag","img":{"alt_text":"","src":"","width":0,"height":0},"classes":[]},{"id":68,"url":"https:\/\/www.tuina.co.at\/tuina\/preise\/","url_meta":{"origin":511,"position":1},"title":"Leistungen \/ AGB","date":"22. Februar 2012","format":false,"excerpt":"Leistungen (Preise auf Anfrage) \u2014\u2014\u2014\u2014\u2014\u2014\u2014\u2014\u2014\u2014\u2014\u2014\u2014\u2014\u2014\u2014\u2014\u2014\u2014\u2014\u2014\u2014\u2014 TCM - TUINA Gesundheit \/ Wohlbefinden Befundung nach TCM Umfangreiche Befundung nach TCM (Puls-, Zungen-, Gesichtsbefund und Anamnese) und Erstellung einer entsprechenden Behandlungsstrategie auf Basis der Traditionellen Chinesischen Medizin unter besonderer Ber\u00fccksichtigung der TUINA. Dauer ca. 50 min TUINA Massage \/ Therapie \u2013 \u00a0Ersttermin Ganzheitliche\u2026","rel":"","context":"\u00c4hnlicher Beitrag","img":{"alt_text":"","src":"","width":0,"height":0},"classes":[]},{"id":873,"url":"https:\/\/www.tuina.co.at\/tuina\/team-2\/","url_meta":{"origin":511,"position":2},"title":"Team","date":"28. August 2017","format":false,"excerpt":"TUINA\u00a0 Massage \/ Therapie Ing. Mag. Albert Sprung ist Tuina Anmo Praktiker in Vorchdorf. In seiner Praxis wendet er Methoden der Traditionellen Chinesischen Medizin an, im Speziellen Tuina (chinesische Massage) und energetische Osteopathie, jedoch auch Di\u00e4tetik (chinesische Ern\u00e4hrungslehre) und Pharmakologie (speziell westliche Kr\u00e4uter), Schr\u00f6pfen, Gua Sha, Moxibustion und Tapen. TUINA-Therapie\/Massage\u2026","rel":"","context":"\u00c4hnlicher Beitrag","img":{"alt_text":"","src":"https:\/\/i2.wp.com\/www.tuina.co.at\/tuina\/wp-content\/uploads\/2015\/01\/Albert-Sprung.jpg?resize=350%2C200","width":350,"height":200},"classes":[]},{"id":167,"url":"https:\/\/www.tuina.co.at\/tuina\/albert-sprung\/","url_meta":{"origin":511,"position":3},"title":"Albert Sprung","date":"25. Februar 2012","format":false,"excerpt":"ist Tuina Anmo Praktiker in Vorchdorf. In seiner Praxis wendet er Methoden der Traditionellen Chinesischen Medizin an, im Speziellen Tuina (chinesische Massage) und Osteopathie, jedoch auch Di\u00e4tetik (chinesische Ern\u00e4hrungslehre) und Pharmakologie (speziell westliche Kr\u00e4uter), Schr\u00f6pfen, Gua Sha, Moxibustion und Tapen, On Zon Su (Taoistische Massagetechnik), APM und Ohr-APM (Akupunkt Meridian\u2026","rel":"","context":"\u00c4hnlicher Beitrag","img":{"alt_text":"","src":"https:\/\/i0.wp.com\/www.tuina.co.at\/wordpress\/wp-content\/uploads\/Albert-Sprung-751x1024.jpg?resize=350%2C200","width":350,"height":200},"classes":[]},{"id":17,"url":"https:\/\/www.tuina.co.at\/tuina\/tuina-therapie\/theoretische-grundlagen\/","url_meta":{"origin":511,"position":4},"title":"Theoretische Grundlagen","date":"21. Februar 2012","format":false,"excerpt":"Tuina basiert auf den Lehren der TCM zu Gesundheit und Krankheit des Menschen. Die Therapiestrategie hat ein ganzheitliches Ziel. Sie setzt nicht bei lokalen Beschwerden an, sondern bezieht den gesamten K\u00f6rper sowie das Gesamtsystem des Menschen in seiner Umwelt und die Natureinfl\u00fcsse mit ein. Durch die verschiedenen (auch tiefgreifenden) manuellen\u2026","rel":"","context":"\u00c4hnlicher Beitrag","img":{"alt_text":"","src":"","width":0,"height":0},"classes":[]},{"id":236,"url":"https:\/\/www.tuina.co.at\/tuina\/presse-tuina\/","url_meta":{"origin":511,"position":5},"title":"Presse Tuina","date":"12. Juni 2012","format":false,"excerpt":"Mit TUINA Massage zu mehr Wohlbefinden Bereits seit den 90er Jahren besch\u00e4ftigt sich Mag. Albert Sprung mit Traditioneller Chinesischer Medizin und Kinesiologie. Jetzt feiert er das einj\u00e4hrige Bestehen seiner Tuina Praxis in Vorchdorf-Lederau. \u201eEs ist eine Freude Menschen, mit diesem \u00fcber 5000 Jahre alten Wissen, helfen zu k\u00f6nnen\u201c, meint Mag.\u2026","rel":"","context":"\u00c4hnlicher Beitrag","img":{"alt_text":"","src":"https:\/\/i0.wp.com\/www.tuina.co.at\/wordpress\/wp-content\/uploads\/Albert-Sprung-751x1024.jpg?resize=350%2C200","width":350,"height":200},"classes":[]}],"_links":{"self":[{"href":"https:\/\/www.tuina.co.at\/tuina\/wp-json\/wp\/v2\/pages\/511"}],"collection":[{"href":"https:\/\/www.tuina.co.at\/tuina\/wp-json\/wp\/v2\/pages"}],"about":[{"href":"https:\/\/www.tuina.co.at\/tuina\/wp-json\/wp\/v2\/types\/page"}],"author":[{"embeddable":true,"href":"https:\/\/www.tuina.co.at\/tuina\/wp-json\/wp\/v2\/users\/1"}],"replies":[{"embeddable":true,"href":"https:\/\/www.tuina.co.at\/tuina\/wp-json\/wp\/v2\/comments?post=511"}],"version-history":[{"count":2,"href":"https:\/\/www.tuina.co.at\/tuina\/wp-json\/wp\/v2\/pages\/511\/revisions"}],"predecessor-version":[{"id":563,"href":"https:\/\/www.tuina.co.at\/tuina\/wp-json\/wp\/v2\/pages\/511\/revisions\/563"}],"wp:attachment":[{"href":"https:\/\/www.tuina.co.at\/tuina\/wp-json\/wp\/v2\/media?parent=511"}],"curies":[{"name":"wp","href":"https:\/\/api.w.org\/{rel}","templated":true}]}}