{"id":209,"date":"2012-03-05T14:14:33","date_gmt":"2012-03-05T13:14:33","guid":{"rendered":"http:\/\/www.tuina.co.at\/wordpress\/?page_id=209"},"modified":"2012-03-05T14:54:49","modified_gmt":"2012-03-05T13:54:49","slug":"energetische-osteopathie-amm-und-tcm","status":"publish","type":"page","link":"https:\/\/www.tuina.co.at\/tuina\/energetische-osteopathie-amm-und-tcm\/","title":{"rendered":"Energetische Osteopathie AMM und TCM"},"content":{"rendered":"<p><strong>Was ist Energetische Osteopathie AMM und TCM?<\/strong><br \/>\nDie Energetische Osteopathie ist eine ganzheitliche Methode, die zur Diagnose die H\u00e4nde und zur Therapie Methoden aus der Tuina, der AMM und der TCM einsetzt. Die wichtigsten Grundlagen sind das Funktionieren des menschlichen K\u00f6rpers als Einheit, seine F\u00e4higkeit zu Selbstregulation und Selbstheilung, sowie das Wechselspiel von Struktur und Funktion.<\/p>\n<p>Die osteopathische Behandlung hat das Ziel, Einschr\u00e4nkungen der Beweglichkeit von Strukturen und Geweben zu korrigieren und dadurch k\u00f6rperliches und seelisches Wohlbefinden wieder herzustellen.<\/p>\n<p><strong>Energetische Osteopathie erreicht das durch:<\/strong><\/p>\n<p>\u2022\u00a0\u00a0 \u00a0eine sehr differenzierte Diagnose struktureller St\u00f6rungen und Mobilit\u00e4tseinschr\u00e4nkungen sowie ihrer Auswirkungen mittels klinischer und osteopathischer Untersuchungsmethoden<br \/>\n\u2022\u00a0\u00a0 \u00a0Erkennen des Dysfunktions-Musters<br \/>\n\u2022\u00a0\u00a0 \u00a0eine Korrektur mit Hilfe einer gro\u00dfen Palette sanfter Techniken aus der Tuina, der AMM und der TCM &#8211; entsprechend den individuellen Bed\u00fcrfnissen des Patienten.<\/p>\n<p>Die Energetische Osteopathie\u00a0 umfasst die Arbeit an allen K\u00f6rperstrukturen: Kn\u00f6chernes Skelett, Muskeln, Faszien, Innere Organe, Cranium etc.<\/p>\n<p>Voraussetzung daf\u00fcr ist ein exaktes Grundlagenwissen in Anatomie, Physiologie und Pathologie, ebenso wie eine umfassende, jahrelange Schulung der palpatorischen F\u00e4higkeiten.<\/p>\n<p><strong>Wie arbeitet die Energetische Osteopathie ?<\/strong><\/p>\n<p>Energetische Osteopathie versteht den K\u00f6rper als Einheit und behandelt daher alle Gewebe und Strukturen.<\/p>\n<p><strong>Der strukturelle Bereich<\/strong><\/p>\n<p>Strukturelle oder \u201cparietale\u201d Techniken arbeiten an Bewegungsapparat, Knochen, Muskeln, Sehnen, Ligamenten und Faszien. Dabei kommt ein breites Spektrum an Techniken zum Einsatz:<br \/>\n\u2022\u00a0\u00a0 \u00a0AOB (Allgemeine Osteopathische Behandlung)<br \/>\n\u2022\u00a0\u00a0 \u00a0Mobilisations-Techniken<br \/>\n\u2022\u00a0\u00a0 \u00a0HVLA (High Velocity Low Amplitude)-Techniken<br \/>\n\u2022\u00a0\u00a0 \u00a0Muskel-Energie-Techniken<br \/>\n\u2022\u00a0\u00a0 \u00a0Strain\/Counterstrain-Techniken<br \/>\n\u2022\u00a0\u00a0 \u00a0Funktionale Techniken<br \/>\n\u2022\u00a0\u00a0 \u00a0Myofasziale Techniken<\/p>\n<p><strong>Der Cranio-Sacrale Bereich<\/strong><\/p>\n<p>Im System von Sch\u00e4delknochen, Dura mater und Sacrum kann es zu Dysfunktionen auf Ebene von Knochen, Membranen, vaskul\u00e4ren und nervalen Strukturen kommen.<br \/>\nDie Spannungsmuster dieser Dysfunktionen werden durch subtile Palpation wahrgenommen und meist mit indirekten Techniken korrigiert.<br \/>\nCraniale Dysfunktionen k\u00f6nnen vielf\u00e4ltige und weitreichende Folgen auf das gesamte neurovegetative, vaskul\u00e4re und endokrine System haben.<br \/>\nAuch hier bildet die Grundlage der Arbeit eine pr\u00e4zise Kenntnis der Sch\u00e4delanatomie, ohne die ein gezieltes Arbeiten am Cranialsystem nicht m\u00f6glich ist.<\/p>\n<p><strong>Der Viscerale Bereich<\/strong><\/p>\n<p>Mobilit\u00e4t als wichtigstes Kriterium f\u00fcr optimale Funktion ist auch die Basis der Visceral-Energetischen Osteopathie , wo Beweglichkeit und Eigenrhythmus der inneren Organe und der angrenzenden Gewebe beurteilt und therapiert werden. Einschr\u00e4nkungen der visceralen Beweglichkeit k\u00f6nnen zu Funktionsst\u00f6rungen der inneren Organe, aber auch zu Fernwirkungen wie z.B. R\u00fcckenschmerzen f\u00fchren.<\/p>\n<p>Diese Vielfalt der Therapieans\u00e4tze formiert sich in der Hand des erfahrenen Energetischen Osteopathen zu einem Ganzen, das es erm\u00f6glicht, auf die individuellen Bed\u00fcrfnisse des Patienten in einem ganzheitlichen Behandlungskonzept einzugehen.<\/p>\n<p>&nbsp;<\/p>\n<p>&nbsp;<\/p>\n<p><strong><a href=\"https:\/\/i0.wp.com\/www.tuina.co.at\/wordpress\/wp-content\/uploads\/Unbenannt-11.jpg\"><img decoding=\"async\" loading=\"lazy\" class=\"alignright  wp-image-213\" title=\"Unbenannt-1\" src=\"https:\/\/i0.wp.com\/www.tuina.co.at\/wordpress\/wp-content\/uploads\/Unbenannt-11.jpg?resize=306%2C389\" alt=\"\" width=\"306\" height=\"389\" data-recalc-dims=\"1\" \/><\/a>Geschichte der Energetische Osteopathie\u00a0\u00a0<\/strong><\/p>\n<p>Begr\u00fcnder der Energetische Osteopathie<\/p>\n<p>&nbsp;<\/p>\n<p>war der amerikanische Arzt Dr. Andrew Taylor Still (1828-1917). Er stellte fest, dass eine Dysharmonie in der K\u00f6rpermechanik sowohl die betroffene Gewebsstruktur selbst beeintr\u00e4chtigt, als auch die Funktion entfernter Strukturen, z.B. innerer Organe, st\u00f6ren kann. Ebenso k\u00f6nnen durch das L\u00f6sen von Gelenksblockaden nicht nur lokale Beschwerden, sondern auch Funktionsst\u00f6rungen in anderen Teilen des K\u00f6rpers behandelt werden. Aufgrund dieser Erfahrungen entwickelte Still eine Methode zur Wiederherstellung der Mobilit\u00e4t im K\u00f6rper \u2013 die Energetische Osteopathie .<\/p>\n<p>Zu Beginn des 20. Jahrhunderts brachte Dr. Martin Littlejohn die Energetische Osteopathie\u00a0 nach Gro\u00dfbritannien, wo 1917 auch die erste europ\u00e4ische Schule gegr\u00fcndet wurde. Von dort verbreitete sich die Methode nach dem zweiten Weltkrieg in ganz Europa.<br \/>\nSp\u00e4ter entstanden auf Grundlage der Energetische Osteopathie\u00a0 auch andere Methoden wie Chirotherapie, Manuelle Therapie, Rolfing oder Cranio-sacrale Therapie.<\/p>\n<div class=\"sharedaddy sd-sharing-enabled\"><div class=\"robots-nocontent sd-block sd-social sd-social-icon-text sd-sharing\"><h3 class=\"sd-title\">Teilen mit<\/h3><div class=\"sd-content\"><ul><li class=\"share-facebook\"><a rel=\"nofollow noopener noreferrer\" data-shared=\"sharing-facebook-209\" class=\"share-facebook sd-button share-icon\" href=\"https:\/\/www.tuina.co.at\/tuina\/energetische-osteopathie-amm-und-tcm\/?share=facebook\" target=\"_blank\" title=\"Klick, um auf Facebook zu teilen\" ><span>Facebook<\/span><\/a><\/li><li class=\"share-twitter\"><a rel=\"nofollow noopener noreferrer\" data-shared=\"sharing-twitter-209\" class=\"share-twitter sd-button share-icon\" href=\"https:\/\/www.tuina.co.at\/tuina\/energetische-osteopathie-amm-und-tcm\/?share=twitter\" target=\"_blank\" title=\"Klick, um \u00fcber Twitter zu teilen\" ><span>Twitter<\/span><\/a><\/li><li class=\"share-jetpack-whatsapp\"><a rel=\"nofollow noopener noreferrer\" data-shared=\"\" class=\"share-jetpack-whatsapp sd-button share-icon\" href=\"https:\/\/www.tuina.co.at\/tuina\/energetische-osteopathie-amm-und-tcm\/?share=jetpack-whatsapp\" target=\"_blank\" title=\"Klicken, um auf WhatsApp zu teilen\" ><span>WhatsApp<\/span><\/a><\/li><li class=\"share-print\"><a rel=\"nofollow noopener noreferrer\" data-shared=\"\" class=\"share-print sd-button share-icon\" href=\"https:\/\/www.tuina.co.at\/tuina\/energetische-osteopathie-amm-und-tcm\/\" target=\"_blank\" title=\"Klicken zum Ausdrucken\" ><span>Drucken<\/span><\/a><\/li><li class=\"share-end\"><\/li><\/ul><\/div><\/div><\/div>","protected":false},"excerpt":{"rendered":"<p>Was ist Energetische Osteopathie AMM und TCM? Die Energetische Osteopathie ist eine ganzheitliche Methode, die zur Diagnose die H\u00e4nde und zur Therapie Methoden aus der Tuina, der AMM und der TCM einsetzt. Die wichtigsten&#46;&#46;&#46;<\/p>\n<div class=\"sharedaddy sd-sharing-enabled\"><div class=\"robots-nocontent sd-block sd-social sd-social-icon-text sd-sharing\"><h3 class=\"sd-title\">Teilen mit<\/h3><div class=\"sd-content\"><ul><li class=\"share-facebook\"><a rel=\"nofollow noopener noreferrer\" data-shared=\"sharing-facebook-209\" class=\"share-facebook sd-button share-icon\" href=\"https:\/\/www.tuina.co.at\/tuina\/energetische-osteopathie-amm-und-tcm\/?share=facebook\" target=\"_blank\" title=\"Klick, um auf Facebook zu teilen\" ><span>Facebook<\/span><\/a><\/li><li class=\"share-twitter\"><a rel=\"nofollow noopener noreferrer\" data-shared=\"sharing-twitter-209\" class=\"share-twitter sd-button share-icon\" href=\"https:\/\/www.tuina.co.at\/tuina\/energetische-osteopathie-amm-und-tcm\/?share=twitter\" target=\"_blank\" title=\"Klick, um \u00fcber Twitter zu teilen\" ><span>Twitter<\/span><\/a><\/li><li class=\"share-jetpack-whatsapp\"><a rel=\"nofollow noopener noreferrer\" data-shared=\"\" class=\"share-jetpack-whatsapp sd-button share-icon\" href=\"https:\/\/www.tuina.co.at\/tuina\/energetische-osteopathie-amm-und-tcm\/?share=jetpack-whatsapp\" target=\"_blank\" title=\"Klicken, um auf WhatsApp zu teilen\" ><span>WhatsApp<\/span><\/a><\/li><li class=\"share-print\"><a rel=\"nofollow noopener noreferrer\" data-shared=\"\" class=\"share-print sd-button share-icon\" href=\"https:\/\/www.tuina.co.at\/tuina\/energetische-osteopathie-amm-und-tcm\/\" target=\"_blank\" title=\"Klicken zum Ausdrucken\" ><span>Drucken<\/span><\/a><\/li><li class=\"share-end\"><\/li><\/ul><\/div><\/div><\/div>","protected":false},"author":1,"featured_media":0,"parent":0,"menu_order":5,"comment_status":"open","ping_status":"open","template":"","meta":{"jetpack_post_was_ever_published":false},"yoast_head":"<!-- This site is optimized with the Yoast SEO plugin v19.14 - https:\/\/yoast.com\/wordpress\/plugins\/seo\/ -->\n<title>Energetische Osteopathie AMM und TCM - Traditionelle Chinesische Medizin - TUINA Therapie<\/title>\n<meta name=\"description\" content=\"Traditionelle Chinesische Medizin - TUINA Therapie - TUINA PRAXIS - Mag. (FH) Albert Sprung\" \/>\n<meta name=\"robots\" content=\"index, follow, max-snippet:-1, max-image-preview:large, max-video-preview:-1\" \/>\n<link rel=\"canonical\" href=\"https:\/\/www.tuina.co.at\/tuina\/energetische-osteopathie-amm-und-tcm\/\" \/>\n<meta property=\"og:locale\" content=\"de_DE\" \/>\n<meta property=\"og:type\" content=\"article\" \/>\n<meta property=\"og:title\" content=\"Energetische Osteopathie AMM und TCM - Traditionelle Chinesische Medizin - TUINA Therapie\" \/>\n<meta property=\"og:description\" content=\"Traditionelle Chinesische Medizin - TUINA Therapie - TUINA PRAXIS - Mag. (FH) Albert Sprung\" \/>\n<meta property=\"og:url\" content=\"https:\/\/www.tuina.co.at\/tuina\/energetische-osteopathie-amm-und-tcm\/\" \/>\n<meta property=\"og:site_name\" content=\"Traditionelle Chinesische Medizin - TUINA Therapie\" \/>\n<meta property=\"article:modified_time\" content=\"2012-03-05T13:54:49+00:00\" \/>\n<meta property=\"og:image\" content=\"http:\/\/www.tuina.co.at\/wordpress\/wp-content\/uploads\/Unbenannt-11.jpg\" \/>\n<meta name=\"twitter:card\" content=\"summary_large_image\" \/>\n<meta name=\"twitter:label1\" content=\"Gesch\u00e4tzte Lesezeit\" \/>\n\t<meta name=\"twitter:data1\" content=\"3\u00a0Minuten\" \/>\n<script type=\"application\/ld+json\" class=\"yoast-schema-graph\">{\"@context\":\"https:\/\/schema.org\",\"@graph\":[{\"@type\":\"WebPage\",\"@id\":\"https:\/\/www.tuina.co.at\/tuina\/energetische-osteopathie-amm-und-tcm\/\",\"url\":\"https:\/\/www.tuina.co.at\/tuina\/energetische-osteopathie-amm-und-tcm\/\",\"name\":\"Energetische Osteopathie AMM und TCM - Traditionelle Chinesische Medizin - TUINA Therapie\",\"isPartOf\":{\"@id\":\"https:\/\/www.tuina.co.at\/tuina\/#website\"},\"datePublished\":\"2012-03-05T13:14:33+00:00\",\"dateModified\":\"2012-03-05T13:54:49+00:00\",\"description\":\"Traditionelle Chinesische Medizin - TUINA Therapie - TUINA PRAXIS - Mag. (FH) Albert Sprung\",\"breadcrumb\":{\"@id\":\"https:\/\/www.tuina.co.at\/tuina\/energetische-osteopathie-amm-und-tcm\/#breadcrumb\"},\"inLanguage\":\"de\",\"potentialAction\":[{\"@type\":\"ReadAction\",\"target\":[\"https:\/\/www.tuina.co.at\/tuina\/energetische-osteopathie-amm-und-tcm\/\"]}]},{\"@type\":\"BreadcrumbList\",\"@id\":\"https:\/\/www.tuina.co.at\/tuina\/energetische-osteopathie-amm-und-tcm\/#breadcrumb\",\"itemListElement\":[{\"@type\":\"ListItem\",\"position\":1,\"name\":\"Home\",\"item\":\"https:\/\/www.tuina.co.at\/tuina\/\"},{\"@type\":\"ListItem\",\"position\":2,\"name\":\"Energetische Osteopathie AMM und TCM\"}]},{\"@type\":\"WebSite\",\"@id\":\"https:\/\/www.tuina.co.at\/tuina\/#website\",\"url\":\"https:\/\/www.tuina.co.at\/tuina\/\",\"name\":\"Traditionelle Chinesische Medizin - TUINA Therapie\",\"description\":\"TUINA PRAXIS - Mag. (FH) Albert Sprung\",\"publisher\":{\"@id\":\"https:\/\/www.tuina.co.at\/tuina\/#organization\"},\"potentialAction\":[{\"@type\":\"SearchAction\",\"target\":{\"@type\":\"EntryPoint\",\"urlTemplate\":\"https:\/\/www.tuina.co.at\/tuina\/?s={search_term_string}\"},\"query-input\":\"required name=search_term_string\"}],\"inLanguage\":\"de\"},{\"@type\":\"Organization\",\"@id\":\"https:\/\/www.tuina.co.at\/tuina\/#organization\",\"name\":\"TUINA PRAXIS - Mag. Albert Sprung\",\"url\":\"https:\/\/www.tuina.co.at\/tuina\/\",\"logo\":{\"@type\":\"ImageObject\",\"inLanguage\":\"de\",\"@id\":\"https:\/\/www.tuina.co.at\/tuina\/#\/schema\/logo\/image\/\",\"url\":\"https:\/\/i0.wp.com\/www.tuina.co.at\/tuina\/wp-content\/uploads\/Logo.jpg?fit=838%2C360\",\"contentUrl\":\"https:\/\/i0.wp.com\/www.tuina.co.at\/tuina\/wp-content\/uploads\/Logo.jpg?fit=838%2C360\",\"width\":838,\"height\":360,\"caption\":\"TUINA PRAXIS - Mag. Albert Sprung\"},\"image\":{\"@id\":\"https:\/\/www.tuina.co.at\/tuina\/#\/schema\/logo\/image\/\"}}]}<\/script>\n<!-- \/ Yoast SEO plugin. -->","yoast_head_json":{"title":"Energetische Osteopathie AMM und TCM - Traditionelle Chinesische Medizin - TUINA Therapie","description":"Traditionelle Chinesische Medizin - TUINA Therapie - TUINA PRAXIS - Mag. (FH) Albert Sprung","robots":{"index":"index","follow":"follow","max-snippet":"max-snippet:-1","max-image-preview":"max-image-preview:large","max-video-preview":"max-video-preview:-1"},"canonical":"https:\/\/www.tuina.co.at\/tuina\/energetische-osteopathie-amm-und-tcm\/","og_locale":"de_DE","og_type":"article","og_title":"Energetische Osteopathie AMM und TCM - Traditionelle Chinesische Medizin - TUINA Therapie","og_description":"Traditionelle Chinesische Medizin - TUINA Therapie - TUINA PRAXIS - Mag. (FH) Albert Sprung","og_url":"https:\/\/www.tuina.co.at\/tuina\/energetische-osteopathie-amm-und-tcm\/","og_site_name":"Traditionelle Chinesische Medizin - TUINA Therapie","article_modified_time":"2012-03-05T13:54:49+00:00","og_image":[{"url":"http:\/\/www.tuina.co.at\/wordpress\/wp-content\/uploads\/Unbenannt-11.jpg"}],"twitter_card":"summary_large_image","twitter_misc":{"Gesch\u00e4tzte Lesezeit":"3\u00a0Minuten"},"schema":{"@context":"https:\/\/schema.org","@graph":[{"@type":"WebPage","@id":"https:\/\/www.tuina.co.at\/tuina\/energetische-osteopathie-amm-und-tcm\/","url":"https:\/\/www.tuina.co.at\/tuina\/energetische-osteopathie-amm-und-tcm\/","name":"Energetische Osteopathie AMM und TCM - Traditionelle Chinesische Medizin - TUINA Therapie","isPartOf":{"@id":"https:\/\/www.tuina.co.at\/tuina\/#website"},"datePublished":"2012-03-05T13:14:33+00:00","dateModified":"2012-03-05T13:54:49+00:00","description":"Traditionelle Chinesische Medizin - TUINA Therapie - TUINA PRAXIS - Mag. (FH) Albert Sprung","breadcrumb":{"@id":"https:\/\/www.tuina.co.at\/tuina\/energetische-osteopathie-amm-und-tcm\/#breadcrumb"},"inLanguage":"de","potentialAction":[{"@type":"ReadAction","target":["https:\/\/www.tuina.co.at\/tuina\/energetische-osteopathie-amm-und-tcm\/"]}]},{"@type":"BreadcrumbList","@id":"https:\/\/www.tuina.co.at\/tuina\/energetische-osteopathie-amm-und-tcm\/#breadcrumb","itemListElement":[{"@type":"ListItem","position":1,"name":"Home","item":"https:\/\/www.tuina.co.at\/tuina\/"},{"@type":"ListItem","position":2,"name":"Energetische Osteopathie AMM und TCM"}]},{"@type":"WebSite","@id":"https:\/\/www.tuina.co.at\/tuina\/#website","url":"https:\/\/www.tuina.co.at\/tuina\/","name":"Traditionelle Chinesische Medizin - TUINA Therapie","description":"TUINA PRAXIS - Mag. (FH) Albert Sprung","publisher":{"@id":"https:\/\/www.tuina.co.at\/tuina\/#organization"},"potentialAction":[{"@type":"SearchAction","target":{"@type":"EntryPoint","urlTemplate":"https:\/\/www.tuina.co.at\/tuina\/?s={search_term_string}"},"query-input":"required name=search_term_string"}],"inLanguage":"de"},{"@type":"Organization","@id":"https:\/\/www.tuina.co.at\/tuina\/#organization","name":"TUINA PRAXIS - Mag. Albert Sprung","url":"https:\/\/www.tuina.co.at\/tuina\/","logo":{"@type":"ImageObject","inLanguage":"de","@id":"https:\/\/www.tuina.co.at\/tuina\/#\/schema\/logo\/image\/","url":"https:\/\/i0.wp.com\/www.tuina.co.at\/tuina\/wp-content\/uploads\/Logo.jpg?fit=838%2C360","contentUrl":"https:\/\/i0.wp.com\/www.tuina.co.at\/tuina\/wp-content\/uploads\/Logo.jpg?fit=838%2C360","width":838,"height":360,"caption":"TUINA PRAXIS - Mag. Albert Sprung"},"image":{"@id":"https:\/\/www.tuina.co.at\/tuina\/#\/schema\/logo\/image\/"}}]}},"jetpack_sharing_enabled":true,"jetpack_shortlink":"https:\/\/wp.me\/P7f5TD-3n","jetpack-related-posts":[{"id":167,"url":"https:\/\/www.tuina.co.at\/tuina\/albert-sprung\/","url_meta":{"origin":209,"position":0},"title":"Albert Sprung","date":"25. Februar 2012","format":false,"excerpt":"ist Tuina Anmo Praktiker in Vorchdorf. In seiner Praxis wendet er Methoden der Traditionellen Chinesischen Medizin an, im Speziellen Tuina (chinesische Massage) und Osteopathie, jedoch auch Di\u00e4tetik (chinesische Ern\u00e4hrungslehre) und Pharmakologie (speziell westliche Kr\u00e4uter), Schr\u00f6pfen, Gua Sha, Moxibustion und Tapen, On Zon Su (Taoistische Massagetechnik), APM und Ohr-APM (Akupunkt Meridian\u2026","rel":"","context":"\u00c4hnlicher Beitrag","img":{"alt_text":"","src":"https:\/\/i0.wp.com\/www.tuina.co.at\/wordpress\/wp-content\/uploads\/Albert-Sprung-751x1024.jpg?resize=350%2C200","width":350,"height":200},"classes":[]},{"id":873,"url":"https:\/\/www.tuina.co.at\/tuina\/team-2\/","url_meta":{"origin":209,"position":1},"title":"Team","date":"28. August 2017","format":false,"excerpt":"TUINA\u00a0 Massage \/ Therapie Ing. Mag. Albert Sprung ist Tuina Anmo Praktiker in Vorchdorf. In seiner Praxis wendet er Methoden der Traditionellen Chinesischen Medizin an, im Speziellen Tuina (chinesische Massage) und energetische Osteopathie, jedoch auch Di\u00e4tetik (chinesische Ern\u00e4hrungslehre) und Pharmakologie (speziell westliche Kr\u00e4uter), Schr\u00f6pfen, Gua Sha, Moxibustion und Tapen. TUINA-Therapie\/Massage\u2026","rel":"","context":"\u00c4hnlicher Beitrag","img":{"alt_text":"","src":"https:\/\/i2.wp.com\/www.tuina.co.at\/tuina\/wp-content\/uploads\/2015\/01\/Albert-Sprung.jpg?resize=350%2C200","width":350,"height":200},"classes":[]},{"id":68,"url":"https:\/\/www.tuina.co.at\/tuina\/preise\/","url_meta":{"origin":209,"position":2},"title":"Leistungen \/ AGB","date":"22. Februar 2012","format":false,"excerpt":"Leistungen (Preise auf Anfrage) \u2014\u2014\u2014\u2014\u2014\u2014\u2014\u2014\u2014\u2014\u2014\u2014\u2014\u2014\u2014\u2014\u2014\u2014\u2014\u2014\u2014\u2014\u2014 TCM - TUINA Gesundheit \/ Wohlbefinden Befundung nach TCM Umfangreiche Befundung nach TCM (Puls-, Zungen-, Gesichtsbefund und Anamnese) und Erstellung einer entsprechenden Behandlungsstrategie auf Basis der Traditionellen Chinesischen Medizin unter besonderer Ber\u00fccksichtigung der TUINA. Dauer ca. 50 min TUINA Massage \/ Therapie \u2013 \u00a0Ersttermin Ganzheitliche\u2026","rel":"","context":"\u00c4hnlicher Beitrag","img":{"alt_text":"","src":"","width":0,"height":0},"classes":[]},{"id":17,"url":"https:\/\/www.tuina.co.at\/tuina\/tuina-therapie\/theoretische-grundlagen\/","url_meta":{"origin":209,"position":3},"title":"Theoretische Grundlagen","date":"21. Februar 2012","format":false,"excerpt":"Tuina basiert auf den Lehren der TCM zu Gesundheit und Krankheit des Menschen. Die Therapiestrategie hat ein ganzheitliches Ziel. Sie setzt nicht bei lokalen Beschwerden an, sondern bezieht den gesamten K\u00f6rper sowie das Gesamtsystem des Menschen in seiner Umwelt und die Natureinfl\u00fcsse mit ein. Durch die verschiedenen (auch tiefgreifenden) manuellen\u2026","rel":"","context":"\u00c4hnlicher Beitrag","img":{"alt_text":"","src":"","width":0,"height":0},"classes":[]},{"id":15,"url":"https:\/\/www.tuina.co.at\/tuina\/tuina-einfuhrung\/","url_meta":{"origin":209,"position":4},"title":"Einf\u00fchrung","date":"21. Februar 2012","format":false,"excerpt":"Einf\u00fchrung Tuina (chin.\u00a0\u63a8\u62cf, \u63a8\u62ff, tu\u012bn\u00e1), Anmo ist eine selbstst\u00e4ndige, chinesische manuelle Medizin und hat innerhalb des Konzeptes der Traditionellen Chinesischen Medizin (TCM) einen hohen Stellenwert. Es gibt auch die Schreibweise Tui-Na oder Tui Na. Das System der Tuina-Therapie schlie\u00dft die meisten westlichen Therapien, wie die Chiropraktik, die Akupressur, verschiedene Massagetechniken\u2026","rel":"","context":"\u00c4hnlicher Beitrag","img":{"alt_text":"","src":"","width":0,"height":0},"classes":[]},{"id":236,"url":"https:\/\/www.tuina.co.at\/tuina\/presse-tuina\/","url_meta":{"origin":209,"position":5},"title":"Presse Tuina","date":"12. Juni 2012","format":false,"excerpt":"Mit TUINA Massage zu mehr Wohlbefinden Bereits seit den 90er Jahren besch\u00e4ftigt sich Mag. Albert Sprung mit Traditioneller Chinesischer Medizin und Kinesiologie. Jetzt feiert er das einj\u00e4hrige Bestehen seiner Tuina Praxis in Vorchdorf-Lederau. \u201eEs ist eine Freude Menschen, mit diesem \u00fcber 5000 Jahre alten Wissen, helfen zu k\u00f6nnen\u201c, meint Mag.\u2026","rel":"","context":"\u00c4hnlicher Beitrag","img":{"alt_text":"","src":"https:\/\/i0.wp.com\/www.tuina.co.at\/wordpress\/wp-content\/uploads\/Albert-Sprung-751x1024.jpg?resize=350%2C200","width":350,"height":200},"classes":[]}],"_links":{"self":[{"href":"https:\/\/www.tuina.co.at\/tuina\/wp-json\/wp\/v2\/pages\/209"}],"collection":[{"href":"https:\/\/www.tuina.co.at\/tuina\/wp-json\/wp\/v2\/pages"}],"about":[{"href":"https:\/\/www.tuina.co.at\/tuina\/wp-json\/wp\/v2\/types\/page"}],"author":[{"embeddable":true,"href":"https:\/\/www.tuina.co.at\/tuina\/wp-json\/wp\/v2\/users\/1"}],"replies":[{"embeddable":true,"href":"https:\/\/www.tuina.co.at\/tuina\/wp-json\/wp\/v2\/comments?post=209"}],"version-history":[{"count":2,"href":"https:\/\/www.tuina.co.at\/tuina\/wp-json\/wp\/v2\/pages\/209\/revisions"}],"predecessor-version":[{"id":214,"href":"https:\/\/www.tuina.co.at\/tuina\/wp-json\/wp\/v2\/pages\/209\/revisions\/214"}],"wp:attachment":[{"href":"https:\/\/www.tuina.co.at\/tuina\/wp-json\/wp\/v2\/media?parent=209"}],"curies":[{"name":"wp","href":"https:\/\/api.w.org\/{rel}","templated":true}]}}