{"id":17,"date":"2012-02-21T14:32:14","date_gmt":"2012-02-21T14:32:14","guid":{"rendered":"http:\/\/www.tuina.co.at\/wordpress\/?page_id=17"},"modified":"2017-04-05T11:49:33","modified_gmt":"2017-04-05T09:49:33","slug":"theoretische-grundlagen","status":"publish","type":"page","link":"https:\/\/www.tuina.co.at\/tuina\/tuina-therapie\/theoretische-grundlagen\/","title":{"rendered":"Theoretische Grundlagen"},"content":{"rendered":"<p>Tuina basiert auf den Lehren der TCM zu Gesundheit und Krankheit des Menschen. Die Therapiestrategie hat ein ganzheitliches Ziel. Sie setzt nicht bei lokalen Beschwerden an, sondern bezieht den gesamten K\u00f6rper sowie das Gesamtsystem des Menschen in seiner Umwelt und die Natureinfl\u00fcsse mit ein. Durch die verschiedenen (auch tiefgreifenden) manuellen Techniken wird Qi und Blut in den lokalen wie auch in den ganzk\u00f6rperenergieb\u00e4ndern reguliert. Die flie\u00dfende Energie wird als Qi bezeichnet. Mit Tuina sollen Blockaden der Energiebahnen aufgel\u00f6st und der Energiefluss gef\u00f6rdert, aber auch Organe beeinflusst werden. Durch diese Stimulation und Regulation wird das Yin und Yang des K\u00f6rpers und des Funktionskreises der 5 Elemente (chinesisches Organsystem) wieder hergestellt.<\/p>\n<p>Die <em>Wellness-Tuina<\/em> ist eine individuelle Behandlung zur Gesunderhaltung, zur Vorbeugung, zum Abbau von Negativstress und zur Regulation des Ganzk\u00f6rper-Funktionssystems, um Seele und K\u00f6rper in Einklang zu bringen. Sie ist bereits schon seit der Tang-Dynastie (618-907 n. Chr.) nachweisbar.<\/p>\n<div class=\"sharedaddy sd-sharing-enabled\"><div class=\"robots-nocontent sd-block sd-social sd-social-icon-text sd-sharing\"><h3 class=\"sd-title\">Teilen mit<\/h3><div class=\"sd-content\"><ul><li class=\"share-facebook\"><a rel=\"nofollow noopener noreferrer\" data-shared=\"sharing-facebook-17\" class=\"share-facebook sd-button share-icon\" href=\"https:\/\/www.tuina.co.at\/tuina\/tuina-therapie\/theoretische-grundlagen\/?share=facebook\" target=\"_blank\" title=\"Klick, um auf Facebook zu teilen\" ><span>Facebook<\/span><\/a><\/li><li class=\"share-twitter\"><a rel=\"nofollow noopener noreferrer\" data-shared=\"sharing-twitter-17\" class=\"share-twitter sd-button share-icon\" href=\"https:\/\/www.tuina.co.at\/tuina\/tuina-therapie\/theoretische-grundlagen\/?share=twitter\" target=\"_blank\" title=\"Klick, um \u00fcber Twitter zu teilen\" ><span>Twitter<\/span><\/a><\/li><li class=\"share-jetpack-whatsapp\"><a rel=\"nofollow noopener noreferrer\" data-shared=\"\" class=\"share-jetpack-whatsapp sd-button share-icon\" href=\"https:\/\/www.tuina.co.at\/tuina\/tuina-therapie\/theoretische-grundlagen\/?share=jetpack-whatsapp\" target=\"_blank\" title=\"Klicken, um auf WhatsApp zu teilen\" ><span>WhatsApp<\/span><\/a><\/li><li class=\"share-print\"><a rel=\"nofollow noopener noreferrer\" data-shared=\"\" class=\"share-print sd-button share-icon\" href=\"https:\/\/www.tuina.co.at\/tuina\/tuina-therapie\/theoretische-grundlagen\/\" target=\"_blank\" title=\"Klicken zum Ausdrucken\" ><span>Drucken<\/span><\/a><\/li><li class=\"share-end\"><\/li><\/ul><\/div><\/div><\/div>","protected":false},"excerpt":{"rendered":"<p>Tuina basiert auf den Lehren der TCM zu Gesundheit und Krankheit des Menschen. Die Therapiestrategie hat ein ganzheitliches Ziel. Sie setzt nicht bei lokalen Beschwerden an, sondern bezieht den gesamten K\u00f6rper sowie das Gesamtsystem&#46;&#46;&#46;<\/p>\n<div class=\"sharedaddy sd-sharing-enabled\"><div class=\"robots-nocontent sd-block sd-social sd-social-icon-text sd-sharing\"><h3 class=\"sd-title\">Teilen mit<\/h3><div class=\"sd-content\"><ul><li class=\"share-facebook\"><a rel=\"nofollow noopener noreferrer\" data-shared=\"sharing-facebook-17\" class=\"share-facebook sd-button share-icon\" href=\"https:\/\/www.tuina.co.at\/tuina\/tuina-therapie\/theoretische-grundlagen\/?share=facebook\" target=\"_blank\" title=\"Klick, um auf Facebook zu teilen\" ><span>Facebook<\/span><\/a><\/li><li class=\"share-twitter\"><a rel=\"nofollow noopener noreferrer\" data-shared=\"sharing-twitter-17\" class=\"share-twitter sd-button share-icon\" href=\"https:\/\/www.tuina.co.at\/tuina\/tuina-therapie\/theoretische-grundlagen\/?share=twitter\" target=\"_blank\" title=\"Klick, um \u00fcber Twitter zu teilen\" ><span>Twitter<\/span><\/a><\/li><li class=\"share-jetpack-whatsapp\"><a rel=\"nofollow noopener noreferrer\" data-shared=\"\" class=\"share-jetpack-whatsapp sd-button share-icon\" href=\"https:\/\/www.tuina.co.at\/tuina\/tuina-therapie\/theoretische-grundlagen\/?share=jetpack-whatsapp\" target=\"_blank\" title=\"Klicken, um auf WhatsApp zu teilen\" ><span>WhatsApp<\/span><\/a><\/li><li class=\"share-print\"><a rel=\"nofollow noopener noreferrer\" data-shared=\"\" class=\"share-print sd-button share-icon\" href=\"https:\/\/www.tuina.co.at\/tuina\/tuina-therapie\/theoretische-grundlagen\/\" target=\"_blank\" title=\"Klicken zum Ausdrucken\" ><span>Drucken<\/span><\/a><\/li><li class=\"share-end\"><\/li><\/ul><\/div><\/div><\/div>","protected":false},"author":1,"featured_media":0,"parent":511,"menu_order":1,"comment_status":"open","ping_status":"open","template":"page-templates\/child-menu.php","meta":{"jetpack_post_was_ever_published":false},"yoast_head":"<!-- This site is optimized with the Yoast SEO plugin v19.14 - https:\/\/yoast.com\/wordpress\/plugins\/seo\/ -->\n<title>Theoretische Grundlagen - Traditionelle Chinesische Medizin - TUINA Therapie<\/title>\n<meta name=\"description\" content=\"Traditionelle Chinesische Medizin - TUINA Therapie - TUINA PRAXIS - Mag. (FH) Albert Sprung\" \/>\n<meta name=\"robots\" content=\"index, follow, max-snippet:-1, max-image-preview:large, max-video-preview:-1\" \/>\n<link rel=\"canonical\" href=\"http:\/\/www.tuina.co.at\/tuina\/tuina-therapie\/theoretische-grundlagen\/\" \/>\n<meta property=\"og:locale\" content=\"de_DE\" \/>\n<meta property=\"og:type\" content=\"article\" \/>\n<meta property=\"og:title\" content=\"Theoretische Grundlagen - Traditionelle Chinesische Medizin - TUINA Therapie\" \/>\n<meta property=\"og:description\" content=\"Traditionelle Chinesische Medizin - TUINA Therapie - TUINA PRAXIS - Mag. (FH) Albert Sprung\" \/>\n<meta property=\"og:url\" content=\"http:\/\/www.tuina.co.at\/tuina\/tuina-therapie\/theoretische-grundlagen\/\" \/>\n<meta property=\"og:site_name\" content=\"Traditionelle Chinesische Medizin - TUINA Therapie\" \/>\n<meta property=\"article:modified_time\" content=\"2017-04-05T09:49:33+00:00\" \/>\n<meta property=\"og:image\" content=\"https:\/\/i0.wp.com\/www.tuina.co.at\/tuina\/wp-content\/uploads\/Logo.jpg?fit=838%2C360&ssl=1\" \/>\n\t<meta property=\"og:image:width\" content=\"838\" \/>\n\t<meta property=\"og:image:height\" content=\"360\" \/>\n\t<meta property=\"og:image:type\" content=\"image\/jpeg\" \/>\n<meta name=\"twitter:card\" content=\"summary_large_image\" \/>\n<meta name=\"twitter:label1\" content=\"Gesch\u00e4tzte Lesezeit\" \/>\n\t<meta name=\"twitter:data1\" content=\"1\u00a0Minute\" \/>\n<script type=\"application\/ld+json\" class=\"yoast-schema-graph\">{\"@context\":\"https:\/\/schema.org\",\"@graph\":[{\"@type\":\"WebPage\",\"@id\":\"http:\/\/www.tuina.co.at\/tuina\/tuina-therapie\/theoretische-grundlagen\/\",\"url\":\"http:\/\/www.tuina.co.at\/tuina\/tuina-therapie\/theoretische-grundlagen\/\",\"name\":\"Theoretische Grundlagen - Traditionelle Chinesische Medizin - TUINA Therapie\",\"isPartOf\":{\"@id\":\"https:\/\/www.tuina.co.at\/tuina\/#website\"},\"datePublished\":\"2012-02-21T14:32:14+00:00\",\"dateModified\":\"2017-04-05T09:49:33+00:00\",\"description\":\"Traditionelle Chinesische Medizin - TUINA Therapie - TUINA PRAXIS - Mag. (FH) Albert Sprung\",\"breadcrumb\":{\"@id\":\"http:\/\/www.tuina.co.at\/tuina\/tuina-therapie\/theoretische-grundlagen\/#breadcrumb\"},\"inLanguage\":\"de\",\"potentialAction\":[{\"@type\":\"ReadAction\",\"target\":[\"http:\/\/www.tuina.co.at\/tuina\/tuina-therapie\/theoretische-grundlagen\/\"]}]},{\"@type\":\"BreadcrumbList\",\"@id\":\"http:\/\/www.tuina.co.at\/tuina\/tuina-therapie\/theoretische-grundlagen\/#breadcrumb\",\"itemListElement\":[{\"@type\":\"ListItem\",\"position\":1,\"name\":\"Home\",\"item\":\"https:\/\/www.tuina.co.at\/tuina\/\"},{\"@type\":\"ListItem\",\"position\":2,\"name\":\"TUINA Therapie\",\"item\":\"http:\/\/www.tuina.co.at\/tuina\/tuina-therapie\/\"},{\"@type\":\"ListItem\",\"position\":3,\"name\":\"Theoretische Grundlagen\"}]},{\"@type\":\"WebSite\",\"@id\":\"https:\/\/www.tuina.co.at\/tuina\/#website\",\"url\":\"https:\/\/www.tuina.co.at\/tuina\/\",\"name\":\"Traditionelle Chinesische Medizin - TUINA Therapie\",\"description\":\"TUINA PRAXIS - Mag. (FH) Albert Sprung\",\"publisher\":{\"@id\":\"https:\/\/www.tuina.co.at\/tuina\/#organization\"},\"potentialAction\":[{\"@type\":\"SearchAction\",\"target\":{\"@type\":\"EntryPoint\",\"urlTemplate\":\"https:\/\/www.tuina.co.at\/tuina\/?s={search_term_string}\"},\"query-input\":\"required name=search_term_string\"}],\"inLanguage\":\"de\"},{\"@type\":\"Organization\",\"@id\":\"https:\/\/www.tuina.co.at\/tuina\/#organization\",\"name\":\"TUINA PRAXIS - Mag. Albert Sprung\",\"url\":\"https:\/\/www.tuina.co.at\/tuina\/\",\"logo\":{\"@type\":\"ImageObject\",\"inLanguage\":\"de\",\"@id\":\"https:\/\/www.tuina.co.at\/tuina\/#\/schema\/logo\/image\/\",\"url\":\"https:\/\/i0.wp.com\/www.tuina.co.at\/tuina\/wp-content\/uploads\/Logo.jpg?fit=838%2C360\",\"contentUrl\":\"https:\/\/i0.wp.com\/www.tuina.co.at\/tuina\/wp-content\/uploads\/Logo.jpg?fit=838%2C360\",\"width\":838,\"height\":360,\"caption\":\"TUINA PRAXIS - Mag. Albert Sprung\"},\"image\":{\"@id\":\"https:\/\/www.tuina.co.at\/tuina\/#\/schema\/logo\/image\/\"}}]}<\/script>\n<!-- \/ Yoast SEO plugin. -->","yoast_head_json":{"title":"Theoretische Grundlagen - Traditionelle Chinesische Medizin - TUINA Therapie","description":"Traditionelle Chinesische Medizin - TUINA Therapie - TUINA PRAXIS - Mag. (FH) Albert Sprung","robots":{"index":"index","follow":"follow","max-snippet":"max-snippet:-1","max-image-preview":"max-image-preview:large","max-video-preview":"max-video-preview:-1"},"canonical":"http:\/\/www.tuina.co.at\/tuina\/tuina-therapie\/theoretische-grundlagen\/","og_locale":"de_DE","og_type":"article","og_title":"Theoretische Grundlagen - Traditionelle Chinesische Medizin - TUINA Therapie","og_description":"Traditionelle Chinesische Medizin - TUINA Therapie - TUINA PRAXIS - Mag. (FH) Albert Sprung","og_url":"http:\/\/www.tuina.co.at\/tuina\/tuina-therapie\/theoretische-grundlagen\/","og_site_name":"Traditionelle Chinesische Medizin - TUINA Therapie","article_modified_time":"2017-04-05T09:49:33+00:00","og_image":[{"width":838,"height":360,"url":"https:\/\/i0.wp.com\/www.tuina.co.at\/tuina\/wp-content\/uploads\/Logo.jpg?fit=838%2C360&ssl=1","type":"image\/jpeg"}],"twitter_card":"summary_large_image","twitter_misc":{"Gesch\u00e4tzte Lesezeit":"1\u00a0Minute"},"schema":{"@context":"https:\/\/schema.org","@graph":[{"@type":"WebPage","@id":"http:\/\/www.tuina.co.at\/tuina\/tuina-therapie\/theoretische-grundlagen\/","url":"http:\/\/www.tuina.co.at\/tuina\/tuina-therapie\/theoretische-grundlagen\/","name":"Theoretische Grundlagen - Traditionelle Chinesische Medizin - TUINA Therapie","isPartOf":{"@id":"https:\/\/www.tuina.co.at\/tuina\/#website"},"datePublished":"2012-02-21T14:32:14+00:00","dateModified":"2017-04-05T09:49:33+00:00","description":"Traditionelle Chinesische Medizin - TUINA Therapie - TUINA PRAXIS - Mag. (FH) Albert Sprung","breadcrumb":{"@id":"http:\/\/www.tuina.co.at\/tuina\/tuina-therapie\/theoretische-grundlagen\/#breadcrumb"},"inLanguage":"de","potentialAction":[{"@type":"ReadAction","target":["http:\/\/www.tuina.co.at\/tuina\/tuina-therapie\/theoretische-grundlagen\/"]}]},{"@type":"BreadcrumbList","@id":"http:\/\/www.tuina.co.at\/tuina\/tuina-therapie\/theoretische-grundlagen\/#breadcrumb","itemListElement":[{"@type":"ListItem","position":1,"name":"Home","item":"https:\/\/www.tuina.co.at\/tuina\/"},{"@type":"ListItem","position":2,"name":"TUINA Therapie","item":"http:\/\/www.tuina.co.at\/tuina\/tuina-therapie\/"},{"@type":"ListItem","position":3,"name":"Theoretische Grundlagen"}]},{"@type":"WebSite","@id":"https:\/\/www.tuina.co.at\/tuina\/#website","url":"https:\/\/www.tuina.co.at\/tuina\/","name":"Traditionelle Chinesische Medizin - TUINA Therapie","description":"TUINA PRAXIS - Mag. (FH) Albert Sprung","publisher":{"@id":"https:\/\/www.tuina.co.at\/tuina\/#organization"},"potentialAction":[{"@type":"SearchAction","target":{"@type":"EntryPoint","urlTemplate":"https:\/\/www.tuina.co.at\/tuina\/?s={search_term_string}"},"query-input":"required name=search_term_string"}],"inLanguage":"de"},{"@type":"Organization","@id":"https:\/\/www.tuina.co.at\/tuina\/#organization","name":"TUINA PRAXIS - Mag. Albert Sprung","url":"https:\/\/www.tuina.co.at\/tuina\/","logo":{"@type":"ImageObject","inLanguage":"de","@id":"https:\/\/www.tuina.co.at\/tuina\/#\/schema\/logo\/image\/","url":"https:\/\/i0.wp.com\/www.tuina.co.at\/tuina\/wp-content\/uploads\/Logo.jpg?fit=838%2C360","contentUrl":"https:\/\/i0.wp.com\/www.tuina.co.at\/tuina\/wp-content\/uploads\/Logo.jpg?fit=838%2C360","width":838,"height":360,"caption":"TUINA PRAXIS - Mag. Albert Sprung"},"image":{"@id":"https:\/\/www.tuina.co.at\/tuina\/#\/schema\/logo\/image\/"}}]}},"jetpack_sharing_enabled":true,"jetpack_shortlink":"https:\/\/wp.me\/P7f5TD-h","jetpack-related-posts":[{"id":20,"url":"https:\/\/www.tuina.co.at\/tuina\/techniken\/","url_meta":{"origin":17,"position":0},"title":"Techniken","date":"21. Februar 2012","format":false,"excerpt":"Unter dem heutigen Begriff Tuina werden Schiebe- und Reibe- sowie ziehende Techniken verstanden, die sowohl Akupressur als auch Variationen der Druckbehandlungen der Energiepunkte (mit den Fingern, der Faust, dem Ellenbogen und dem Knie), manuelle Energiebandregulationen: Rollen, Schieben, Reiben, Fibulation, Klopfen, \"greifendes Kneifen\" sowie Mobilisations- und Dehntechniken der Gelenke und Muskeln\u2026","rel":"","context":"\u00c4hnlicher Beitrag","img":{"alt_text":"","src":"","width":0,"height":0},"classes":[]},{"id":236,"url":"https:\/\/www.tuina.co.at\/tuina\/presse-tuina\/","url_meta":{"origin":17,"position":1},"title":"Presse Tuina","date":"12. Juni 2012","format":false,"excerpt":"Mit TUINA Massage zu mehr Wohlbefinden Bereits seit den 90er Jahren besch\u00e4ftigt sich Mag. Albert Sprung mit Traditioneller Chinesischer Medizin und Kinesiologie. Jetzt feiert er das einj\u00e4hrige Bestehen seiner Tuina Praxis in Vorchdorf-Lederau. \u201eEs ist eine Freude Menschen, mit diesem \u00fcber 5000 Jahre alten Wissen, helfen zu k\u00f6nnen\u201c, meint Mag.\u2026","rel":"","context":"\u00c4hnlicher Beitrag","img":{"alt_text":"","src":"https:\/\/i0.wp.com\/www.tuina.co.at\/wordpress\/wp-content\/uploads\/Albert-Sprung-751x1024.jpg?resize=350%2C200","width":350,"height":200},"classes":[]},{"id":63,"url":"https:\/\/www.tuina.co.at\/tuina\/kinesiologie\/","url_meta":{"origin":17,"position":2},"title":"Kinesiologie","date":"22. Februar 2012","format":false,"excerpt":"Was ist Angewandte Kinesiologie? Seit ca. 50 Jahren wird mit der Angewandten Kinesiologie in Europa mit gro\u00dfem Erfolg gearbeitet. Sie ist eine Beratungsmethode, die ihren Einzug in den Bereichen Psychologie, Medizin und P\u00e4dagogik gefunden hat. Der Unterschied zu den \u00fcblichen Beratungsformen liegt darin, dass die Kinesiologie nicht nur den bewussten\u2026","rel":"","context":"\u00c4hnlicher Beitrag","img":{"alt_text":"","src":"","width":0,"height":0},"classes":[]},{"id":209,"url":"https:\/\/www.tuina.co.at\/tuina\/energetische-osteopathie-amm-und-tcm\/","url_meta":{"origin":17,"position":3},"title":"Energetische Osteopathie AMM und TCM","date":"5. M\u00e4rz 2012","format":false,"excerpt":"Was ist Energetische Osteopathie AMM und TCM? Die Energetische Osteopathie ist eine ganzheitliche Methode, die zur Diagnose die H\u00e4nde und zur Therapie Methoden aus der Tuina, der AMM und der TCM einsetzt. Die wichtigsten Grundlagen sind das Funktionieren des menschlichen K\u00f6rpers als Einheit, seine F\u00e4higkeit zu Selbstregulation und Selbstheilung, sowie\u2026","rel":"","context":"\u00c4hnlicher Beitrag","img":{"alt_text":"","src":"https:\/\/i0.wp.com\/www.tuina.co.at\/wordpress\/wp-content\/uploads\/Unbenannt-11.jpg?resize=350%2C200","width":350,"height":200},"classes":[]},{"id":1871,"url":"https:\/\/www.tuina.co.at\/tuina\/datenschutz\/","url_meta":{"origin":17,"position":4},"title":"Datenschutzerkl\u00e4rung f\u00fcr TUINA Kalender-App","date":"17. Februar 2026","format":false,"excerpt":"Stand: 17.02.2025 1. Verantwortlicher Verantwortlich f\u00fcr die Datenverarbeitung im Rahmen dieser Anwendung ist: TUINA PRAXIS Albert Sprung, Tachlau 7, 4655 Vorchdorf, E-Mail: albert.sprung@medicus.biz 2. Zweck der Anwendung Die Anwendung (\"TUINA Kalender-App\") ist eine interne Automatisierungsl\u00f6sung zur Verwaltung von Praxis-Terminen. Sie dient dazu, bestehende Kalendereintr\u00e4ge auszulesen, um basierend darauf freie Terminslots\u2026","rel":"","context":"\u00c4hnlicher Beitrag","img":{"alt_text":"","src":"","width":0,"height":0},"classes":[]},{"id":471,"url":"https:\/\/www.tuina.co.at\/tuina\/shonishin\/","url_meta":{"origin":17,"position":5},"title":"SHONISHIN","date":"29. Juni 2015","format":false,"excerpt":"SHONISHIN zur F\u00f6rderung der Entwicklung von Babies und Kindern SHONISHIN wurde in Japan speziell f\u00fcr die Bed\u00fcrfnisse der Kinder entwickelt. Vom Baby bis zum Jugendlichen kann damit allen, die krank oder geschw\u00e4cht sind, ihre Lebensenergie wieder zur\u00fcckgegeben werden. W\u00e4hrend der Behandlung wird \u00fcber den K\u00f6rper gestrichen, geklopft und gedr\u00fcckt. Die\u2026","rel":"","context":"\u00c4hnlicher Beitrag","img":{"alt_text":"","src":"","width":0,"height":0},"classes":[]}],"_links":{"self":[{"href":"https:\/\/www.tuina.co.at\/tuina\/wp-json\/wp\/v2\/pages\/17"}],"collection":[{"href":"https:\/\/www.tuina.co.at\/tuina\/wp-json\/wp\/v2\/pages"}],"about":[{"href":"https:\/\/www.tuina.co.at\/tuina\/wp-json\/wp\/v2\/types\/page"}],"author":[{"embeddable":true,"href":"https:\/\/www.tuina.co.at\/tuina\/wp-json\/wp\/v2\/users\/1"}],"replies":[{"embeddable":true,"href":"https:\/\/www.tuina.co.at\/tuina\/wp-json\/wp\/v2\/comments?post=17"}],"version-history":[{"count":3,"href":"https:\/\/www.tuina.co.at\/tuina\/wp-json\/wp\/v2\/pages\/17\/revisions"}],"predecessor-version":[{"id":808,"href":"https:\/\/www.tuina.co.at\/tuina\/wp-json\/wp\/v2\/pages\/17\/revisions\/808"}],"up":[{"embeddable":true,"href":"https:\/\/www.tuina.co.at\/tuina\/wp-json\/wp\/v2\/pages\/511"}],"wp:attachment":[{"href":"https:\/\/www.tuina.co.at\/tuina\/wp-json\/wp\/v2\/media?parent=17"}],"curies":[{"name":"wp","href":"https:\/\/api.w.org\/{rel}","templated":true}]}}