{"id":15,"date":"2012-02-21T14:30:24","date_gmt":"2012-02-21T14:30:24","guid":{"rendered":"http:\/\/www.tuina.co.at\/wordpress\/?page_id=15"},"modified":"2016-02-16T05:57:54","modified_gmt":"2016-02-16T04:57:54","slug":"tuina-einfuhrung","status":"publish","type":"page","link":"https:\/\/www.tuina.co.at\/tuina\/tuina-einfuhrung\/","title":{"rendered":"Einf\u00fchrung"},"content":{"rendered":"<h1 class=\"entry-title\">Einf\u00fchrung<\/h1>\n<div class=\"entry-content\">\n<p>Tuina (chin.\u00a0\u63a8\u62cf, \u63a8\u62ff, <em>tu\u012bn\u00e1<\/em>), Anmo ist eine selbstst\u00e4ndige, chinesische manuelle Medizin und hat innerhalb des Konzeptes der Traditionellen Chinesischen Medizin (TCM) einen hohen Stellenwert. Es gibt auch die Schreibweise Tui-Na oder Tui Na. Das System der Tuina-Therapie schlie\u00dft die meisten westlichen Therapien, wie die Chiropraktik, die Akupressur, verschiedene Massagetechniken und die manuelle Therapie, ein. Tuina beinhaltet die Therapieform Tuina-Therapie und die <em>Wellness-Tuina<\/em>, eine Behandlung zur Gesunderhaltung.<\/p>\n<p>Tuina setzt sich zusammen aus den chinesischen W\u00f6rtern <em>tui<\/em> (schieben, dr\u00fccken) und <em>na <\/em>(greifen, ziehen), weil diese manuellen Techniken bei der Behandlung angewandt werden.<\/p>\n<p>Die Tuina-Therapie ist eine der wirksamsten manualtherapeutischen Massageformen. Sie basiert auf der Meridianlehre der Traditionellen Chinesischen Medizin (TCM), wo sie in der Therapie einen hohen Stellenwert einnimmt.<\/p>\n<p>Die Tuina-Therapie erg\u00e4nzt auch in idealer Weise eine Akupunkturbehandlung und steigert deren Effizienz.<\/p>\n<p>Das Spektrum der Indikationen reicht vom gro\u00dfen Feld der Erkrankungen des Bewegungsapparates \u00fcber interne Erkrankungen und Kopfschmerzen bis hin zu Schlafst\u00f6rungen. Als prophylaktische Ma\u00dfnahme eingesetzt, hilft die Tuina-Therapie, die Gesundheit zu bewahren und die Abwehrkr\u00e4fte des K\u00f6rpers zu st\u00e4rken. Tuina ist in jedem Lebensalter anwendbar.<\/p>\n<p>In der Tuina-Therapie werden sowohl punktuelle als auch gro\u00dffl\u00e4chige Massagetechniken<br \/>\nangewandt. Die punktuelle Technik wurde in Europa auch unter dem Namen \u201cAkupressur\u201d bekannt. Neben der traditionellen chinesischen Kr\u00e4uterheilkunde ist die Tuina-Therapie die \u00e4lteste Therapieform der TCM. Aus ihr entwickelten sich mehrere andere Massagetechniken, z.B. Shiatsu. Einige Massagegriffe der Tuina-Therapie k\u00f6nnen auch vom Patienten selbst zum Zwecke der Eigentherapie oder Prophylaxe angewandt werden.<\/p>\n<\/div>\n<div class=\"sharedaddy sd-sharing-enabled\"><div class=\"robots-nocontent sd-block sd-social sd-social-icon-text sd-sharing\"><h3 class=\"sd-title\">Teilen mit<\/h3><div class=\"sd-content\"><ul><li class=\"share-facebook\"><a rel=\"nofollow noopener noreferrer\" data-shared=\"sharing-facebook-15\" class=\"share-facebook sd-button share-icon\" href=\"https:\/\/www.tuina.co.at\/tuina\/tuina-einfuhrung\/?share=facebook\" target=\"_blank\" title=\"Klick, um auf Facebook zu teilen\" ><span>Facebook<\/span><\/a><\/li><li class=\"share-twitter\"><a rel=\"nofollow noopener noreferrer\" data-shared=\"sharing-twitter-15\" class=\"share-twitter sd-button share-icon\" href=\"https:\/\/www.tuina.co.at\/tuina\/tuina-einfuhrung\/?share=twitter\" target=\"_blank\" title=\"Klick, um \u00fcber Twitter zu teilen\" ><span>Twitter<\/span><\/a><\/li><li class=\"share-jetpack-whatsapp\"><a rel=\"nofollow noopener noreferrer\" data-shared=\"\" class=\"share-jetpack-whatsapp sd-button share-icon\" href=\"https:\/\/www.tuina.co.at\/tuina\/tuina-einfuhrung\/?share=jetpack-whatsapp\" target=\"_blank\" title=\"Klicken, um auf WhatsApp zu teilen\" ><span>WhatsApp<\/span><\/a><\/li><li class=\"share-print\"><a rel=\"nofollow noopener noreferrer\" data-shared=\"\" class=\"share-print sd-button share-icon\" href=\"https:\/\/www.tuina.co.at\/tuina\/tuina-einfuhrung\/\" target=\"_blank\" title=\"Klicken zum Ausdrucken\" ><span>Drucken<\/span><\/a><\/li><li class=\"share-end\"><\/li><\/ul><\/div><\/div><\/div>","protected":false},"excerpt":{"rendered":"<p>Einf\u00fchrung Tuina (chin.\u00a0\u63a8\u62cf, \u63a8\u62ff, tu\u012bn\u00e1), Anmo ist eine selbstst\u00e4ndige, chinesische manuelle Medizin und hat innerhalb des Konzeptes der Traditionellen Chinesischen Medizin (TCM) einen hohen Stellenwert. Es gibt auch die Schreibweise Tui-Na oder Tui Na.&#46;&#46;&#46;<\/p>\n<div class=\"sharedaddy sd-sharing-enabled\"><div class=\"robots-nocontent sd-block sd-social sd-social-icon-text sd-sharing\"><h3 class=\"sd-title\">Teilen mit<\/h3><div class=\"sd-content\"><ul><li class=\"share-facebook\"><a rel=\"nofollow noopener noreferrer\" data-shared=\"sharing-facebook-15\" class=\"share-facebook sd-button share-icon\" href=\"https:\/\/www.tuina.co.at\/tuina\/tuina-einfuhrung\/?share=facebook\" target=\"_blank\" title=\"Klick, um auf Facebook zu teilen\" ><span>Facebook<\/span><\/a><\/li><li class=\"share-twitter\"><a rel=\"nofollow noopener noreferrer\" data-shared=\"sharing-twitter-15\" class=\"share-twitter sd-button share-icon\" href=\"https:\/\/www.tuina.co.at\/tuina\/tuina-einfuhrung\/?share=twitter\" target=\"_blank\" title=\"Klick, um \u00fcber Twitter zu teilen\" ><span>Twitter<\/span><\/a><\/li><li class=\"share-jetpack-whatsapp\"><a rel=\"nofollow noopener noreferrer\" data-shared=\"\" class=\"share-jetpack-whatsapp sd-button share-icon\" href=\"https:\/\/www.tuina.co.at\/tuina\/tuina-einfuhrung\/?share=jetpack-whatsapp\" target=\"_blank\" title=\"Klicken, um auf WhatsApp zu teilen\" ><span>WhatsApp<\/span><\/a><\/li><li class=\"share-print\"><a rel=\"nofollow noopener noreferrer\" data-shared=\"\" class=\"share-print sd-button share-icon\" href=\"https:\/\/www.tuina.co.at\/tuina\/tuina-einfuhrung\/\" target=\"_blank\" title=\"Klicken zum Ausdrucken\" ><span>Drucken<\/span><\/a><\/li><li class=\"share-end\"><\/li><\/ul><\/div><\/div><\/div>","protected":false},"author":1,"featured_media":0,"parent":0,"menu_order":0,"comment_status":"open","ping_status":"open","template":"","meta":{"jetpack_post_was_ever_published":false},"yoast_head":"<!-- This site is optimized with the Yoast SEO plugin v19.14 - https:\/\/yoast.com\/wordpress\/plugins\/seo\/ -->\n<title>Einf\u00fchrung - Traditionelle Chinesische Medizin - TUINA Therapie<\/title>\n<meta name=\"description\" content=\"Traditionelle Chinesische Medizin - TUINA Therapie - TUINA PRAXIS - Mag. (FH) Albert Sprung\" \/>\n<meta name=\"robots\" content=\"index, follow, max-snippet:-1, max-image-preview:large, max-video-preview:-1\" \/>\n<link rel=\"canonical\" href=\"https:\/\/www.tuina.co.at\/tuina\/tuina-einfuhrung\/\" \/>\n<meta property=\"og:locale\" content=\"de_DE\" \/>\n<meta property=\"og:type\" content=\"article\" \/>\n<meta property=\"og:title\" content=\"Einf\u00fchrung - Traditionelle Chinesische Medizin - TUINA Therapie\" \/>\n<meta property=\"og:description\" content=\"Traditionelle Chinesische Medizin - TUINA Therapie - TUINA PRAXIS - Mag. (FH) Albert Sprung\" \/>\n<meta property=\"og:url\" content=\"https:\/\/www.tuina.co.at\/tuina\/tuina-einfuhrung\/\" \/>\n<meta property=\"og:site_name\" content=\"Traditionelle Chinesische Medizin - TUINA Therapie\" \/>\n<meta property=\"article:modified_time\" content=\"2016-02-16T04:57:54+00:00\" \/>\n<meta property=\"og:image\" content=\"https:\/\/i0.wp.com\/www.tuina.co.at\/tuina\/wp-content\/uploads\/Logo.jpg?fit=838%2C360&ssl=1\" \/>\n\t<meta property=\"og:image:width\" content=\"838\" \/>\n\t<meta property=\"og:image:height\" content=\"360\" \/>\n\t<meta property=\"og:image:type\" content=\"image\/jpeg\" \/>\n<meta name=\"twitter:card\" content=\"summary_large_image\" \/>\n<meta name=\"twitter:label1\" content=\"Gesch\u00e4tzte Lesezeit\" \/>\n\t<meta name=\"twitter:data1\" content=\"1\u00a0Minute\" \/>\n<script type=\"application\/ld+json\" class=\"yoast-schema-graph\">{\"@context\":\"https:\/\/schema.org\",\"@graph\":[{\"@type\":\"WebPage\",\"@id\":\"https:\/\/www.tuina.co.at\/tuina\/tuina-einfuhrung\/\",\"url\":\"https:\/\/www.tuina.co.at\/tuina\/tuina-einfuhrung\/\",\"name\":\"Einf\u00fchrung - Traditionelle Chinesische Medizin - TUINA Therapie\",\"isPartOf\":{\"@id\":\"https:\/\/www.tuina.co.at\/tuina\/#website\"},\"datePublished\":\"2012-02-21T14:30:24+00:00\",\"dateModified\":\"2016-02-16T04:57:54+00:00\",\"description\":\"Traditionelle Chinesische Medizin - TUINA Therapie - TUINA PRAXIS - Mag. (FH) Albert Sprung\",\"breadcrumb\":{\"@id\":\"https:\/\/www.tuina.co.at\/tuina\/tuina-einfuhrung\/#breadcrumb\"},\"inLanguage\":\"de\",\"potentialAction\":[{\"@type\":\"ReadAction\",\"target\":[\"https:\/\/www.tuina.co.at\/tuina\/tuina-einfuhrung\/\"]}]},{\"@type\":\"BreadcrumbList\",\"@id\":\"https:\/\/www.tuina.co.at\/tuina\/tuina-einfuhrung\/#breadcrumb\",\"itemListElement\":[{\"@type\":\"ListItem\",\"position\":1,\"name\":\"Home\",\"item\":\"https:\/\/www.tuina.co.at\/tuina\/\"},{\"@type\":\"ListItem\",\"position\":2,\"name\":\"Einf\u00fchrung\"}]},{\"@type\":\"WebSite\",\"@id\":\"https:\/\/www.tuina.co.at\/tuina\/#website\",\"url\":\"https:\/\/www.tuina.co.at\/tuina\/\",\"name\":\"Traditionelle Chinesische Medizin - TUINA Therapie\",\"description\":\"TUINA PRAXIS - Mag. (FH) Albert Sprung\",\"publisher\":{\"@id\":\"https:\/\/www.tuina.co.at\/tuina\/#organization\"},\"potentialAction\":[{\"@type\":\"SearchAction\",\"target\":{\"@type\":\"EntryPoint\",\"urlTemplate\":\"https:\/\/www.tuina.co.at\/tuina\/?s={search_term_string}\"},\"query-input\":\"required name=search_term_string\"}],\"inLanguage\":\"de\"},{\"@type\":\"Organization\",\"@id\":\"https:\/\/www.tuina.co.at\/tuina\/#organization\",\"name\":\"TUINA PRAXIS - Mag. Albert Sprung\",\"url\":\"https:\/\/www.tuina.co.at\/tuina\/\",\"logo\":{\"@type\":\"ImageObject\",\"inLanguage\":\"de\",\"@id\":\"https:\/\/www.tuina.co.at\/tuina\/#\/schema\/logo\/image\/\",\"url\":\"https:\/\/i0.wp.com\/www.tuina.co.at\/tuina\/wp-content\/uploads\/Logo.jpg?fit=838%2C360\",\"contentUrl\":\"https:\/\/i0.wp.com\/www.tuina.co.at\/tuina\/wp-content\/uploads\/Logo.jpg?fit=838%2C360\",\"width\":838,\"height\":360,\"caption\":\"TUINA PRAXIS - Mag. Albert Sprung\"},\"image\":{\"@id\":\"https:\/\/www.tuina.co.at\/tuina\/#\/schema\/logo\/image\/\"}}]}<\/script>\n<!-- \/ Yoast SEO plugin. -->","yoast_head_json":{"title":"Einf\u00fchrung - Traditionelle Chinesische Medizin - TUINA Therapie","description":"Traditionelle Chinesische Medizin - TUINA Therapie - TUINA PRAXIS - Mag. (FH) Albert Sprung","robots":{"index":"index","follow":"follow","max-snippet":"max-snippet:-1","max-image-preview":"max-image-preview:large","max-video-preview":"max-video-preview:-1"},"canonical":"https:\/\/www.tuina.co.at\/tuina\/tuina-einfuhrung\/","og_locale":"de_DE","og_type":"article","og_title":"Einf\u00fchrung - Traditionelle Chinesische Medizin - TUINA Therapie","og_description":"Traditionelle Chinesische Medizin - TUINA Therapie - TUINA PRAXIS - Mag. (FH) Albert Sprung","og_url":"https:\/\/www.tuina.co.at\/tuina\/tuina-einfuhrung\/","og_site_name":"Traditionelle Chinesische Medizin - TUINA Therapie","article_modified_time":"2016-02-16T04:57:54+00:00","og_image":[{"width":838,"height":360,"url":"https:\/\/i0.wp.com\/www.tuina.co.at\/tuina\/wp-content\/uploads\/Logo.jpg?fit=838%2C360&ssl=1","type":"image\/jpeg"}],"twitter_card":"summary_large_image","twitter_misc":{"Gesch\u00e4tzte Lesezeit":"1\u00a0Minute"},"schema":{"@context":"https:\/\/schema.org","@graph":[{"@type":"WebPage","@id":"https:\/\/www.tuina.co.at\/tuina\/tuina-einfuhrung\/","url":"https:\/\/www.tuina.co.at\/tuina\/tuina-einfuhrung\/","name":"Einf\u00fchrung - Traditionelle Chinesische Medizin - TUINA Therapie","isPartOf":{"@id":"https:\/\/www.tuina.co.at\/tuina\/#website"},"datePublished":"2012-02-21T14:30:24+00:00","dateModified":"2016-02-16T04:57:54+00:00","description":"Traditionelle Chinesische Medizin - TUINA Therapie - TUINA PRAXIS - Mag. (FH) Albert Sprung","breadcrumb":{"@id":"https:\/\/www.tuina.co.at\/tuina\/tuina-einfuhrung\/#breadcrumb"},"inLanguage":"de","potentialAction":[{"@type":"ReadAction","target":["https:\/\/www.tuina.co.at\/tuina\/tuina-einfuhrung\/"]}]},{"@type":"BreadcrumbList","@id":"https:\/\/www.tuina.co.at\/tuina\/tuina-einfuhrung\/#breadcrumb","itemListElement":[{"@type":"ListItem","position":1,"name":"Home","item":"https:\/\/www.tuina.co.at\/tuina\/"},{"@type":"ListItem","position":2,"name":"Einf\u00fchrung"}]},{"@type":"WebSite","@id":"https:\/\/www.tuina.co.at\/tuina\/#website","url":"https:\/\/www.tuina.co.at\/tuina\/","name":"Traditionelle Chinesische Medizin - TUINA Therapie","description":"TUINA PRAXIS - Mag. (FH) Albert Sprung","publisher":{"@id":"https:\/\/www.tuina.co.at\/tuina\/#organization"},"potentialAction":[{"@type":"SearchAction","target":{"@type":"EntryPoint","urlTemplate":"https:\/\/www.tuina.co.at\/tuina\/?s={search_term_string}"},"query-input":"required name=search_term_string"}],"inLanguage":"de"},{"@type":"Organization","@id":"https:\/\/www.tuina.co.at\/tuina\/#organization","name":"TUINA PRAXIS - Mag. Albert Sprung","url":"https:\/\/www.tuina.co.at\/tuina\/","logo":{"@type":"ImageObject","inLanguage":"de","@id":"https:\/\/www.tuina.co.at\/tuina\/#\/schema\/logo\/image\/","url":"https:\/\/i0.wp.com\/www.tuina.co.at\/tuina\/wp-content\/uploads\/Logo.jpg?fit=838%2C360","contentUrl":"https:\/\/i0.wp.com\/www.tuina.co.at\/tuina\/wp-content\/uploads\/Logo.jpg?fit=838%2C360","width":838,"height":360,"caption":"TUINA PRAXIS - Mag. Albert Sprung"},"image":{"@id":"https:\/\/www.tuina.co.at\/tuina\/#\/schema\/logo\/image\/"}}]}},"jetpack_sharing_enabled":true,"jetpack_shortlink":"https:\/\/wp.me\/P7f5TD-f","jetpack-related-posts":[{"id":511,"url":"https:\/\/www.tuina.co.at\/tuina\/tuina-therapie\/","url_meta":{"origin":15,"position":0},"title":"TUINA Therapie","date":"16. Februar 2016","format":false,"excerpt":"TUINA \u2013 Massage\/Therapie TUINA (chin.\u00a0\u63a8\u62cf, \u63a8\u62ff, tu\u012bn\u00e1), ist eine manuelle Therapie auf Basis des Konzeptes der Traditionellen Chinesischen Medizin (TCM). Die Tuina-Therapie ist eine der wirksamsten manualtherapeutischen Massageformen. Sie basiert auf der Meridianlehre der Traditionellen Chinesischen Medizin (TCM), wo sie in der Therapie einen hohen Stellenwert einnimmt. Bereits 1600 v.\u2026","rel":"","context":"\u00c4hnlicher Beitrag","img":{"alt_text":"","src":"https:\/\/i0.wp.com\/www.tuina.co.at\/tuina\/wp-content\/uploads\/TuiNa3.jpg?resize=350%2C200","width":350,"height":200},"classes":[]},{"id":68,"url":"https:\/\/www.tuina.co.at\/tuina\/preise\/","url_meta":{"origin":15,"position":1},"title":"Leistungen \/ AGB","date":"22. Februar 2012","format":false,"excerpt":"Leistungen (Preise auf Anfrage) \u2014\u2014\u2014\u2014\u2014\u2014\u2014\u2014\u2014\u2014\u2014\u2014\u2014\u2014\u2014\u2014\u2014\u2014\u2014\u2014\u2014\u2014\u2014 TCM - TUINA Gesundheit \/ Wohlbefinden Befundung nach TCM Umfangreiche Befundung nach TCM (Puls-, Zungen-, Gesichtsbefund und Anamnese) und Erstellung einer entsprechenden Behandlungsstrategie auf Basis der Traditionellen Chinesischen Medizin unter besonderer Ber\u00fccksichtigung der TUINA. Dauer ca. 50 min TUINA Massage \/ Therapie \u2013 \u00a0Ersttermin Ganzheitliche\u2026","rel":"","context":"\u00c4hnlicher Beitrag","img":{"alt_text":"","src":"","width":0,"height":0},"classes":[]},{"id":167,"url":"https:\/\/www.tuina.co.at\/tuina\/albert-sprung\/","url_meta":{"origin":15,"position":2},"title":"Albert Sprung","date":"25. Februar 2012","format":false,"excerpt":"ist Tuina Anmo Praktiker in Vorchdorf. In seiner Praxis wendet er Methoden der Traditionellen Chinesischen Medizin an, im Speziellen Tuina (chinesische Massage) und Osteopathie, jedoch auch Di\u00e4tetik (chinesische Ern\u00e4hrungslehre) und Pharmakologie (speziell westliche Kr\u00e4uter), Schr\u00f6pfen, Gua Sha, Moxibustion und Tapen, On Zon Su (Taoistische Massagetechnik), APM und Ohr-APM (Akupunkt Meridian\u2026","rel":"","context":"\u00c4hnlicher Beitrag","img":{"alt_text":"","src":"https:\/\/i0.wp.com\/www.tuina.co.at\/wordpress\/wp-content\/uploads\/Albert-Sprung-751x1024.jpg?resize=350%2C200","width":350,"height":200},"classes":[]},{"id":873,"url":"https:\/\/www.tuina.co.at\/tuina\/team-2\/","url_meta":{"origin":15,"position":3},"title":"Team","date":"28. August 2017","format":false,"excerpt":"TUINA\u00a0 Massage \/ Therapie Ing. Mag. Albert Sprung ist Tuina Anmo Praktiker in Vorchdorf. In seiner Praxis wendet er Methoden der Traditionellen Chinesischen Medizin an, im Speziellen Tuina (chinesische Massage) und energetische Osteopathie, jedoch auch Di\u00e4tetik (chinesische Ern\u00e4hrungslehre) und Pharmakologie (speziell westliche Kr\u00e4uter), Schr\u00f6pfen, Gua Sha, Moxibustion und Tapen. TUINA-Therapie\/Massage\u2026","rel":"","context":"\u00c4hnlicher Beitrag","img":{"alt_text":"","src":"https:\/\/i2.wp.com\/www.tuina.co.at\/tuina\/wp-content\/uploads\/2015\/01\/Albert-Sprung.jpg?resize=350%2C200","width":350,"height":200},"classes":[]},{"id":236,"url":"https:\/\/www.tuina.co.at\/tuina\/presse-tuina\/","url_meta":{"origin":15,"position":4},"title":"Presse Tuina","date":"12. Juni 2012","format":false,"excerpt":"Mit TUINA Massage zu mehr Wohlbefinden Bereits seit den 90er Jahren besch\u00e4ftigt sich Mag. Albert Sprung mit Traditioneller Chinesischer Medizin und Kinesiologie. Jetzt feiert er das einj\u00e4hrige Bestehen seiner Tuina Praxis in Vorchdorf-Lederau. \u201eEs ist eine Freude Menschen, mit diesem \u00fcber 5000 Jahre alten Wissen, helfen zu k\u00f6nnen\u201c, meint Mag.\u2026","rel":"","context":"\u00c4hnlicher Beitrag","img":{"alt_text":"","src":"https:\/\/i0.wp.com\/www.tuina.co.at\/wordpress\/wp-content\/uploads\/Albert-Sprung-751x1024.jpg?resize=350%2C200","width":350,"height":200},"classes":[]},{"id":17,"url":"https:\/\/www.tuina.co.at\/tuina\/tuina-therapie\/theoretische-grundlagen\/","url_meta":{"origin":15,"position":5},"title":"Theoretische Grundlagen","date":"21. Februar 2012","format":false,"excerpt":"Tuina basiert auf den Lehren der TCM zu Gesundheit und Krankheit des Menschen. Die Therapiestrategie hat ein ganzheitliches Ziel. Sie setzt nicht bei lokalen Beschwerden an, sondern bezieht den gesamten K\u00f6rper sowie das Gesamtsystem des Menschen in seiner Umwelt und die Natureinfl\u00fcsse mit ein. Durch die verschiedenen (auch tiefgreifenden) manuellen\u2026","rel":"","context":"\u00c4hnlicher Beitrag","img":{"alt_text":"","src":"","width":0,"height":0},"classes":[]}],"_links":{"self":[{"href":"https:\/\/www.tuina.co.at\/tuina\/wp-json\/wp\/v2\/pages\/15"}],"collection":[{"href":"https:\/\/www.tuina.co.at\/tuina\/wp-json\/wp\/v2\/pages"}],"about":[{"href":"https:\/\/www.tuina.co.at\/tuina\/wp-json\/wp\/v2\/types\/page"}],"author":[{"embeddable":true,"href":"https:\/\/www.tuina.co.at\/tuina\/wp-json\/wp\/v2\/users\/1"}],"replies":[{"embeddable":true,"href":"https:\/\/www.tuina.co.at\/tuina\/wp-json\/wp\/v2\/comments?post=15"}],"version-history":[{"count":4,"href":"https:\/\/www.tuina.co.at\/tuina\/wp-json\/wp\/v2\/pages\/15\/revisions"}],"predecessor-version":[{"id":514,"href":"https:\/\/www.tuina.co.at\/tuina\/wp-json\/wp\/v2\/pages\/15\/revisions\/514"}],"wp:attachment":[{"href":"https:\/\/www.tuina.co.at\/tuina\/wp-json\/wp\/v2\/media?parent=15"}],"curies":[{"name":"wp","href":"https:\/\/api.w.org\/{rel}","templated":true}]}}