{"id":471,"date":"2015-06-29T20:05:15","date_gmt":"2015-06-29T19:05:15","guid":{"rendered":"http:\/\/www.tuina.co.at\/tuina\/?page_id=471"},"modified":"2016-02-16T05:52:32","modified_gmt":"2016-02-16T04:52:32","slug":"shonishin","status":"publish","type":"page","link":"http:\/\/www.tuina.co.at\/tuina\/shonishin\/","title":{"rendered":"SHONISHIN"},"content":{"rendered":"<div class=\"entry-content\">\n<p><strong>SHONISHIN <\/strong><strong>zur F\u00f6rderung der Entwicklung von Babies und Kindern<\/strong><\/p>\n<p>SHONISHIN wurde in Japan speziell f\u00fcr die Bed\u00fcrfnisse der Kinder entwickelt. Vom Baby bis zum Jugendlichen kann damit allen, die krank oder geschw\u00e4cht sind, ihre Lebensenergie wieder zur\u00fcckgegeben werden.<\/p>\n<p>W\u00e4hrend der Behandlung wird \u00fcber den K\u00f6rper gestrichen, geklopft und gedr\u00fcckt. Die Kinder empfinden das als sehr angenehm, es tut ihnen gut und man erreicht damit innerhalb kurzer Zeit eine gro\u00dfe Wirkung. Das Qi \u2013 die Lebensenergie \u2013 wird reguliert und die Kinder schlafen wieder ruhig und essen besser.<\/p>\n<p>Die Japaner sagen: \u201eShonishin gibt den Kindern ihr Lachen wieder zur\u00fcck!\u201c<\/p>\n<p><b>Ziel einer SHONISHIN Behandlung ist, mittels Regulierung auf energetischer Ebene Wohlbefinden und Gesundheit des<\/b><b> Kindes herbeizuf\u00fchren.<\/b><\/p>\n<p><strong>SHONISHIN hilft bei \u2026<\/strong><\/p>\n<ul>\n<li>Erk\u00e4ltungsneigung<\/li>\n<li>Chronischer Schnupfen (\u201eRotznase\u201c)<\/li>\n<li>Husten, Bronchitis, Asthma<\/li>\n<li>Halsentz\u00fcndungen<\/li>\n<li>Mittelohrentz\u00fcndungen<\/li>\n<li>3-Monats-Koliken<\/li>\n<li>Verstopfung<\/li>\n<li>Heuschnupfen<\/li>\n<li>Neurodermitis<\/li>\n<li>Antriebsmangel<\/li>\n<li>Hyperaktivit\u00e4t, ADS, ADHS<\/li>\n<li>Konzentrationsst\u00f6rungen<\/li>\n<li>Sprach- und Sprechst\u00f6rungen<\/li>\n<li>Schlechter Mundschluss\/ vermehrtes Speicheln<\/li>\n<li>Schlafst\u00f6rungen<\/li>\n<li>Bettn\u00e4ssen<\/li>\n<li>Asymmetrien<\/li>\n<li>KISS Syndrom<\/li>\n<\/ul>\n<\/div>\n<div class=\"sharedaddy sd-sharing-enabled\"><div class=\"robots-nocontent sd-block sd-social sd-social-icon-text sd-sharing\"><h3 class=\"sd-title\">Teilen mit<\/h3><div class=\"sd-content\"><ul><li class=\"share-facebook\"><a rel=\"nofollow noopener noreferrer\" data-shared=\"sharing-facebook-471\" class=\"share-facebook sd-button share-icon\" href=\"http:\/\/www.tuina.co.at\/tuina\/shonishin\/?share=facebook\" target=\"_blank\" title=\"Klick, um auf Facebook zu teilen\" ><span>Facebook<\/span><\/a><\/li><li class=\"share-twitter\"><a rel=\"nofollow noopener noreferrer\" data-shared=\"sharing-twitter-471\" class=\"share-twitter sd-button share-icon\" href=\"http:\/\/www.tuina.co.at\/tuina\/shonishin\/?share=twitter\" target=\"_blank\" title=\"Klick, um \u00fcber Twitter zu teilen\" ><span>Twitter<\/span><\/a><\/li><li class=\"share-jetpack-whatsapp\"><a rel=\"nofollow noopener noreferrer\" data-shared=\"\" class=\"share-jetpack-whatsapp sd-button share-icon\" href=\"http:\/\/www.tuina.co.at\/tuina\/shonishin\/?share=jetpack-whatsapp\" target=\"_blank\" title=\"Klicken, um auf WhatsApp zu teilen\" ><span>WhatsApp<\/span><\/a><\/li><li class=\"share-print\"><a rel=\"nofollow noopener noreferrer\" data-shared=\"\" class=\"share-print sd-button share-icon\" href=\"http:\/\/www.tuina.co.at\/tuina\/shonishin\/\" target=\"_blank\" title=\"Klicken zum Ausdrucken\" ><span>Drucken<\/span><\/a><\/li><li class=\"share-end\"><\/li><\/ul><\/div><\/div><\/div>","protected":false},"excerpt":{"rendered":"<p>SHONISHIN zur F\u00f6rderung der Entwicklung von Babies und Kindern SHONISHIN wurde in Japan speziell f\u00fcr die Bed\u00fcrfnisse der Kinder entwickelt. Vom Baby bis zum Jugendlichen kann damit allen, die krank oder geschw\u00e4cht sind, ihre&#46;&#46;&#46;<\/p>\n<div class=\"sharedaddy sd-sharing-enabled\"><div class=\"robots-nocontent sd-block sd-social sd-social-icon-text sd-sharing\"><h3 class=\"sd-title\">Teilen mit<\/h3><div class=\"sd-content\"><ul><li class=\"share-facebook\"><a rel=\"nofollow noopener noreferrer\" data-shared=\"sharing-facebook-471\" class=\"share-facebook sd-button share-icon\" href=\"http:\/\/www.tuina.co.at\/tuina\/shonishin\/?share=facebook\" target=\"_blank\" title=\"Klick, um auf Facebook zu teilen\" ><span>Facebook<\/span><\/a><\/li><li class=\"share-twitter\"><a rel=\"nofollow noopener noreferrer\" data-shared=\"sharing-twitter-471\" class=\"share-twitter sd-button share-icon\" href=\"http:\/\/www.tuina.co.at\/tuina\/shonishin\/?share=twitter\" target=\"_blank\" title=\"Klick, um \u00fcber Twitter zu teilen\" ><span>Twitter<\/span><\/a><\/li><li class=\"share-jetpack-whatsapp\"><a rel=\"nofollow noopener noreferrer\" data-shared=\"\" class=\"share-jetpack-whatsapp sd-button share-icon\" href=\"http:\/\/www.tuina.co.at\/tuina\/shonishin\/?share=jetpack-whatsapp\" target=\"_blank\" title=\"Klicken, um auf WhatsApp zu teilen\" ><span>WhatsApp<\/span><\/a><\/li><li class=\"share-print\"><a rel=\"nofollow noopener noreferrer\" data-shared=\"\" class=\"share-print sd-button share-icon\" href=\"http:\/\/www.tuina.co.at\/tuina\/shonishin\/\" target=\"_blank\" title=\"Klicken zum Ausdrucken\" ><span>Drucken<\/span><\/a><\/li><li class=\"share-end\"><\/li><\/ul><\/div><\/div><\/div>","protected":false},"author":1,"featured_media":0,"parent":0,"menu_order":0,"comment_status":"open","ping_status":"open","template":"","meta":{"jetpack_post_was_ever_published":false},"yoast_head":"<!-- This site is optimized with the Yoast SEO plugin v19.14 - https:\/\/yoast.com\/wordpress\/plugins\/seo\/ -->\n<title>SHONISHIN - Traditionelle Chinesische Medizin - TUINA Therapie<\/title>\n<meta name=\"description\" content=\"Traditionelle Chinesische Medizin - TUINA Therapie - TUINA PRAXIS - Mag. (FH) Albert Sprung\" \/>\n<meta name=\"robots\" content=\"index, follow, max-snippet:-1, max-image-preview:large, max-video-preview:-1\" \/>\n<link rel=\"canonical\" href=\"http:\/\/www.tuina.co.at\/tuina\/shonishin\/\" \/>\n<meta property=\"og:locale\" content=\"de_DE\" \/>\n<meta property=\"og:type\" content=\"article\" \/>\n<meta property=\"og:title\" content=\"SHONISHIN - Traditionelle Chinesische Medizin - TUINA Therapie\" \/>\n<meta property=\"og:description\" content=\"Traditionelle Chinesische Medizin - TUINA Therapie - TUINA PRAXIS - Mag. (FH) Albert Sprung\" \/>\n<meta property=\"og:url\" content=\"http:\/\/www.tuina.co.at\/tuina\/shonishin\/\" \/>\n<meta property=\"og:site_name\" content=\"Traditionelle Chinesische Medizin - TUINA Therapie\" \/>\n<meta property=\"article:modified_time\" content=\"2016-02-16T04:52:32+00:00\" \/>\n<meta property=\"og:image\" content=\"https:\/\/i0.wp.com\/www.tuina.co.at\/tuina\/wp-content\/uploads\/Logo.jpg?fit=838%2C360\" \/>\n\t<meta property=\"og:image:width\" content=\"838\" \/>\n\t<meta property=\"og:image:height\" content=\"360\" \/>\n\t<meta property=\"og:image:type\" content=\"image\/jpeg\" \/>\n<meta name=\"twitter:card\" content=\"summary_large_image\" \/>\n<meta name=\"twitter:label1\" content=\"Gesch\u00e4tzte Lesezeit\" \/>\n\t<meta name=\"twitter:data1\" content=\"1\u00a0Minute\" \/>\n<script type=\"application\/ld+json\" class=\"yoast-schema-graph\">{\"@context\":\"https:\/\/schema.org\",\"@graph\":[{\"@type\":\"WebPage\",\"@id\":\"http:\/\/www.tuina.co.at\/tuina\/shonishin\/\",\"url\":\"http:\/\/www.tuina.co.at\/tuina\/shonishin\/\",\"name\":\"SHONISHIN - Traditionelle Chinesische Medizin - TUINA Therapie\",\"isPartOf\":{\"@id\":\"http:\/\/www.tuina.co.at\/tuina\/#website\"},\"datePublished\":\"2015-06-29T19:05:15+00:00\",\"dateModified\":\"2016-02-16T04:52:32+00:00\",\"description\":\"Traditionelle Chinesische Medizin - TUINA Therapie - TUINA PRAXIS - Mag. (FH) Albert Sprung\",\"breadcrumb\":{\"@id\":\"http:\/\/www.tuina.co.at\/tuina\/shonishin\/#breadcrumb\"},\"inLanguage\":\"de\",\"potentialAction\":[{\"@type\":\"ReadAction\",\"target\":[\"http:\/\/www.tuina.co.at\/tuina\/shonishin\/\"]}]},{\"@type\":\"BreadcrumbList\",\"@id\":\"http:\/\/www.tuina.co.at\/tuina\/shonishin\/#breadcrumb\",\"itemListElement\":[{\"@type\":\"ListItem\",\"position\":1,\"name\":\"Home\",\"item\":\"http:\/\/www.tuina.co.at\/tuina\/\"},{\"@type\":\"ListItem\",\"position\":2,\"name\":\"SHONISHIN\"}]},{\"@type\":\"WebSite\",\"@id\":\"http:\/\/www.tuina.co.at\/tuina\/#website\",\"url\":\"http:\/\/www.tuina.co.at\/tuina\/\",\"name\":\"Traditionelle Chinesische Medizin - TUINA Therapie\",\"description\":\"TUINA PRAXIS - Mag. (FH) Albert Sprung\",\"publisher\":{\"@id\":\"http:\/\/www.tuina.co.at\/tuina\/#organization\"},\"potentialAction\":[{\"@type\":\"SearchAction\",\"target\":{\"@type\":\"EntryPoint\",\"urlTemplate\":\"http:\/\/www.tuina.co.at\/tuina\/?s={search_term_string}\"},\"query-input\":\"required name=search_term_string\"}],\"inLanguage\":\"de\"},{\"@type\":\"Organization\",\"@id\":\"http:\/\/www.tuina.co.at\/tuina\/#organization\",\"name\":\"TUINA PRAXIS - Mag. Albert Sprung\",\"url\":\"http:\/\/www.tuina.co.at\/tuina\/\",\"logo\":{\"@type\":\"ImageObject\",\"inLanguage\":\"de\",\"@id\":\"http:\/\/www.tuina.co.at\/tuina\/#\/schema\/logo\/image\/\",\"url\":\"https:\/\/i0.wp.com\/www.tuina.co.at\/tuina\/wp-content\/uploads\/Logo.jpg?fit=838%2C360\",\"contentUrl\":\"https:\/\/i0.wp.com\/www.tuina.co.at\/tuina\/wp-content\/uploads\/Logo.jpg?fit=838%2C360\",\"width\":838,\"height\":360,\"caption\":\"TUINA PRAXIS - Mag. Albert Sprung\"},\"image\":{\"@id\":\"http:\/\/www.tuina.co.at\/tuina\/#\/schema\/logo\/image\/\"}}]}<\/script>\n<!-- \/ Yoast SEO plugin. -->","yoast_head_json":{"title":"SHONISHIN - Traditionelle Chinesische Medizin - TUINA Therapie","description":"Traditionelle Chinesische Medizin - TUINA Therapie - TUINA PRAXIS - Mag. (FH) Albert Sprung","robots":{"index":"index","follow":"follow","max-snippet":"max-snippet:-1","max-image-preview":"max-image-preview:large","max-video-preview":"max-video-preview:-1"},"canonical":"http:\/\/www.tuina.co.at\/tuina\/shonishin\/","og_locale":"de_DE","og_type":"article","og_title":"SHONISHIN - Traditionelle Chinesische Medizin - TUINA Therapie","og_description":"Traditionelle Chinesische Medizin - TUINA Therapie - TUINA PRAXIS - Mag. (FH) Albert Sprung","og_url":"http:\/\/www.tuina.co.at\/tuina\/shonishin\/","og_site_name":"Traditionelle Chinesische Medizin - TUINA Therapie","article_modified_time":"2016-02-16T04:52:32+00:00","og_image":[{"width":838,"height":360,"url":"https:\/\/i0.wp.com\/www.tuina.co.at\/tuina\/wp-content\/uploads\/Logo.jpg?fit=838%2C360","type":"image\/jpeg"}],"twitter_card":"summary_large_image","twitter_misc":{"Gesch\u00e4tzte Lesezeit":"1\u00a0Minute"},"schema":{"@context":"https:\/\/schema.org","@graph":[{"@type":"WebPage","@id":"http:\/\/www.tuina.co.at\/tuina\/shonishin\/","url":"http:\/\/www.tuina.co.at\/tuina\/shonishin\/","name":"SHONISHIN - Traditionelle Chinesische Medizin - TUINA Therapie","isPartOf":{"@id":"http:\/\/www.tuina.co.at\/tuina\/#website"},"datePublished":"2015-06-29T19:05:15+00:00","dateModified":"2016-02-16T04:52:32+00:00","description":"Traditionelle Chinesische Medizin - TUINA Therapie - TUINA PRAXIS - Mag. (FH) Albert Sprung","breadcrumb":{"@id":"http:\/\/www.tuina.co.at\/tuina\/shonishin\/#breadcrumb"},"inLanguage":"de","potentialAction":[{"@type":"ReadAction","target":["http:\/\/www.tuina.co.at\/tuina\/shonishin\/"]}]},{"@type":"BreadcrumbList","@id":"http:\/\/www.tuina.co.at\/tuina\/shonishin\/#breadcrumb","itemListElement":[{"@type":"ListItem","position":1,"name":"Home","item":"http:\/\/www.tuina.co.at\/tuina\/"},{"@type":"ListItem","position":2,"name":"SHONISHIN"}]},{"@type":"WebSite","@id":"http:\/\/www.tuina.co.at\/tuina\/#website","url":"http:\/\/www.tuina.co.at\/tuina\/","name":"Traditionelle Chinesische Medizin - TUINA Therapie","description":"TUINA PRAXIS - Mag. (FH) Albert Sprung","publisher":{"@id":"http:\/\/www.tuina.co.at\/tuina\/#organization"},"potentialAction":[{"@type":"SearchAction","target":{"@type":"EntryPoint","urlTemplate":"http:\/\/www.tuina.co.at\/tuina\/?s={search_term_string}"},"query-input":"required name=search_term_string"}],"inLanguage":"de"},{"@type":"Organization","@id":"http:\/\/www.tuina.co.at\/tuina\/#organization","name":"TUINA PRAXIS - Mag. Albert Sprung","url":"http:\/\/www.tuina.co.at\/tuina\/","logo":{"@type":"ImageObject","inLanguage":"de","@id":"http:\/\/www.tuina.co.at\/tuina\/#\/schema\/logo\/image\/","url":"https:\/\/i0.wp.com\/www.tuina.co.at\/tuina\/wp-content\/uploads\/Logo.jpg?fit=838%2C360","contentUrl":"https:\/\/i0.wp.com\/www.tuina.co.at\/tuina\/wp-content\/uploads\/Logo.jpg?fit=838%2C360","width":838,"height":360,"caption":"TUINA PRAXIS - Mag. Albert Sprung"},"image":{"@id":"http:\/\/www.tuina.co.at\/tuina\/#\/schema\/logo\/image\/"}}]}},"jetpack_sharing_enabled":true,"jetpack_shortlink":"https:\/\/wp.me\/P7f5TD-7B","jetpack-related-posts":[{"id":68,"url":"http:\/\/www.tuina.co.at\/tuina\/preise\/","url_meta":{"origin":471,"position":0},"title":"Leistungen \/ AGB","date":"22. Februar 2012","format":false,"excerpt":"Leistungen (Preise auf Anfrage) \u2014\u2014\u2014\u2014\u2014\u2014\u2014\u2014\u2014\u2014\u2014\u2014\u2014\u2014\u2014\u2014\u2014\u2014\u2014\u2014\u2014\u2014\u2014 TCM - TUINA Gesundheit \/ Wohlbefinden Befundung nach TCM Umfangreiche Befundung nach TCM (Puls-, Zungen-, Gesichtsbefund und Anamnese) und Erstellung einer entsprechenden Behandlungsstrategie auf Basis der Traditionellen Chinesischen Medizin unter besonderer Ber\u00fccksichtigung der TUINA. Dauer ca. 50 min TUINA Massage \/ Therapie \u2013 \u00a0Ersttermin Ganzheitliche\u2026","rel":"","context":"\u00c4hnlicher Beitrag","img":{"alt_text":"","src":"","width":0,"height":0},"classes":[]},{"id":167,"url":"http:\/\/www.tuina.co.at\/tuina\/albert-sprung\/","url_meta":{"origin":471,"position":1},"title":"Albert Sprung","date":"25. Februar 2012","format":false,"excerpt":"ist Tuina Anmo Praktiker in Vorchdorf. In seiner Praxis wendet er Methoden der Traditionellen Chinesischen Medizin an, im Speziellen Tuina (chinesische Massage) und Osteopathie, jedoch auch Di\u00e4tetik (chinesische Ern\u00e4hrungslehre) und Pharmakologie (speziell westliche Kr\u00e4uter), Schr\u00f6pfen, Gua Sha, Moxibustion und Tapen, On Zon Su (Taoistische Massagetechnik), APM und Ohr-APM (Akupunkt Meridian\u2026","rel":"","context":"\u00c4hnlicher Beitrag","img":{"alt_text":"","src":"https:\/\/i0.wp.com\/www.tuina.co.at\/wordpress\/wp-content\/uploads\/Albert-Sprung-751x1024.jpg?resize=350%2C200","width":350,"height":200},"classes":[]},{"id":245,"url":"http:\/\/www.tuina.co.at\/tuina\/albert-sprung\/presse-rauchentwohnung-2\/","url_meta":{"origin":471,"position":2},"title":"Presse Rauchentw\u00f6hnung","date":"12. Juni 2012","format":false,"excerpt":"Rauchfrei ohne Gewichtszunahme Bereits seit f\u00fcnf Jahren hilft Albert Sprung in seiner Tuina-Praxis in Vorchdorf-Lederau Menschen sehr erfolgreich mit dem Rauchen aufh\u00f6ren. \u201eDrei Packerl am Tag habe ich geraucht, und Albert hat mir geholfen mit meinem Laster aufzuh\u00f6ren\u201c erz\u00e4hlt Joe, der einer der Ersten war. \u201eAber wenn ich st\u00e4ndig damit\u2026","rel":"","context":"\u00c4hnlicher Beitrag","img":{"alt_text":"","src":"","width":0,"height":0},"classes":[]},{"id":566,"url":"http:\/\/www.tuina.co.at\/tuina\/ich-bin-rauchfrei-2\/","url_meta":{"origin":471,"position":3},"title":"Ich-bin-rauchfrei","date":"23. Februar 2016","format":false,"excerpt":"Ich-bin-rauchfrei Rauchfrei ohne Gewichtszunahme Bereits seit dreizehn Jahren hilft Albert Sprung in seiner Tuina-Praxis in Vorchdorf-Lederau Menschen sehr erfolgreich mit dem Rauchen aufh\u00f6ren. \u201eDrei Packerl am Tag habe ich geraucht, und Albert hat mir geholfen mit meinem Laster aufzuh\u00f6ren\u201c erz\u00e4hlt Joe, der einer der Ersten war. \u201eAber wenn ich st\u00e4ndig\u2026","rel":"","context":"\u00c4hnlicher Beitrag","img":{"alt_text":"","src":"","width":0,"height":0},"classes":[]},{"id":17,"url":"http:\/\/www.tuina.co.at\/tuina\/tuina-therapie\/theoretische-grundlagen\/","url_meta":{"origin":471,"position":4},"title":"Theoretische Grundlagen","date":"21. Februar 2012","format":false,"excerpt":"Tuina basiert auf den Lehren der TCM zu Gesundheit und Krankheit des Menschen. Die Therapiestrategie hat ein ganzheitliches Ziel. Sie setzt nicht bei lokalen Beschwerden an, sondern bezieht den gesamten K\u00f6rper sowie das Gesamtsystem des Menschen in seiner Umwelt und die Natureinfl\u00fcsse mit ein. Durch die verschiedenen (auch tiefgreifenden) manuellen\u2026","rel":"","context":"\u00c4hnlicher Beitrag","img":{"alt_text":"","src":"","width":0,"height":0},"classes":[]},{"id":20,"url":"http:\/\/www.tuina.co.at\/tuina\/techniken\/","url_meta":{"origin":471,"position":5},"title":"Techniken","date":"21. Februar 2012","format":false,"excerpt":"Unter dem heutigen Begriff Tuina werden Schiebe- und Reibe- sowie ziehende Techniken verstanden, die sowohl Akupressur als auch Variationen der Druckbehandlungen der Energiepunkte (mit den Fingern, der Faust, dem Ellenbogen und dem Knie), manuelle Energiebandregulationen: Rollen, Schieben, Reiben, Fibulation, Klopfen, \"greifendes Kneifen\" sowie Mobilisations- und Dehntechniken der Gelenke und Muskeln\u2026","rel":"","context":"\u00c4hnlicher Beitrag","img":{"alt_text":"","src":"","width":0,"height":0},"classes":[]}],"_links":{"self":[{"href":"http:\/\/www.tuina.co.at\/tuina\/wp-json\/wp\/v2\/pages\/471"}],"collection":[{"href":"http:\/\/www.tuina.co.at\/tuina\/wp-json\/wp\/v2\/pages"}],"about":[{"href":"http:\/\/www.tuina.co.at\/tuina\/wp-json\/wp\/v2\/types\/page"}],"author":[{"embeddable":true,"href":"http:\/\/www.tuina.co.at\/tuina\/wp-json\/wp\/v2\/users\/1"}],"replies":[{"embeddable":true,"href":"http:\/\/www.tuina.co.at\/tuina\/wp-json\/wp\/v2\/comments?post=471"}],"version-history":[{"count":7,"href":"http:\/\/www.tuina.co.at\/tuina\/wp-json\/wp\/v2\/pages\/471\/revisions"}],"predecessor-version":[{"id":508,"href":"http:\/\/www.tuina.co.at\/tuina\/wp-json\/wp\/v2\/pages\/471\/revisions\/508"}],"wp:attachment":[{"href":"http:\/\/www.tuina.co.at\/tuina\/wp-json\/wp\/v2\/media?parent=471"}],"curies":[{"name":"wp","href":"https:\/\/api.w.org\/{rel}","templated":true}]}}