{"id":23,"date":"2012-02-21T14:37:51","date_gmt":"2012-02-21T14:37:51","guid":{"rendered":"http:\/\/www.tuina.co.at\/wordpress\/?page_id=23"},"modified":"2012-02-21T14:37:51","modified_gmt":"2012-02-21T14:37:51","slug":"indikationen-und-kontraindikationen","status":"publish","type":"page","link":"http:\/\/www.tuina.co.at\/tuina\/indikationen-und-kontraindikationen\/","title":{"rendered":"Indikationen und Kontraindikationen"},"content":{"rendered":"<p><span><span><strong><strong>Indikationen sind laut TCM unter anderem:<\/strong><\/strong><\/span><\/span><\/p>\n<ul>\n<li>Erkrankungen des Bewegungsapparates<\/li>\n<li>Arterielle Hypertonie<\/li>\n<li>Asthma<\/li>\n<li>Gastritis<\/li>\n<li>Verstopfung<\/li>\n<li>gyn\u00e4kologische Erkrankungen<\/li>\n<li>Schlafst\u00f6rungen<\/li>\n<li>Migr\u00e4ne<\/li>\n<li>Hyperaktivit\u00e4t bei Kindern<\/li>\n<\/ul>\n<p><strong>Kontraindikationen sind:<\/strong><\/p>\n<ul>\n<li>akute Infektionen<\/li>\n<li>Tumoren<\/li>\n<li>akute Verletzungen<\/li>\n<li>Chronische Ulzerationen der Haut<\/li>\n<li>Lymphangitis<\/li>\n<li>Floride Tbc-Infektionen<\/li>\n<li>Sepsis<\/li>\n<\/ul>\n<p><span><span><strong><br \/>\n<strong>Therapeutische Effekte der Tuina-Behandlung sind vor allem:<\/strong><br \/>\n<\/strong><\/span><\/span><\/p>\n<ul>\n<li>Harmonisierung des Organismus<\/li>\n<li>Bewegung von Qi und Blut<\/li>\n<li>Beeinflussung der inneren Organe<\/li>\n<li>Mobilisation der Gelenke<\/li>\n<li>Vertreibung \u00e4u\u00dferer, krankmachender Einfl\u00fcsse<\/li>\n<li>Durchg\u00e4ngig machen von Leitbahnen<\/li>\n<li>Korrektur von Fehlstellungen des St\u00fctzapparates<\/li>\n<li>Beseitigung von Schwellung und Blutstagnation<\/li>\n<li>Aufl\u00f6sung von Qi-Stagnation<\/li>\n<\/ul>\n<p>Quelle: http:\/\/de.wikipedia.org\/wiki\/Tuina<\/p>\n<div class=\"sharedaddy sd-sharing-enabled\"><div class=\"robots-nocontent sd-block sd-social sd-social-icon-text sd-sharing\"><h3 class=\"sd-title\">Teilen mit<\/h3><div class=\"sd-content\"><ul><li class=\"share-facebook\"><a rel=\"nofollow noopener noreferrer\" data-shared=\"sharing-facebook-23\" class=\"share-facebook sd-button share-icon\" href=\"http:\/\/www.tuina.co.at\/tuina\/indikationen-und-kontraindikationen\/?share=facebook\" target=\"_blank\" title=\"Klick, um auf Facebook zu teilen\" ><span>Facebook<\/span><\/a><\/li><li class=\"share-twitter\"><a rel=\"nofollow noopener noreferrer\" data-shared=\"sharing-twitter-23\" class=\"share-twitter sd-button share-icon\" href=\"http:\/\/www.tuina.co.at\/tuina\/indikationen-und-kontraindikationen\/?share=twitter\" target=\"_blank\" title=\"Klick, um \u00fcber Twitter zu teilen\" ><span>Twitter<\/span><\/a><\/li><li class=\"share-jetpack-whatsapp\"><a rel=\"nofollow noopener noreferrer\" data-shared=\"\" class=\"share-jetpack-whatsapp sd-button share-icon\" href=\"http:\/\/www.tuina.co.at\/tuina\/indikationen-und-kontraindikationen\/?share=jetpack-whatsapp\" target=\"_blank\" title=\"Klicken, um auf WhatsApp zu teilen\" ><span>WhatsApp<\/span><\/a><\/li><li class=\"share-print\"><a rel=\"nofollow noopener noreferrer\" data-shared=\"\" class=\"share-print sd-button share-icon\" href=\"http:\/\/www.tuina.co.at\/tuina\/indikationen-und-kontraindikationen\/\" target=\"_blank\" title=\"Klicken zum Ausdrucken\" ><span>Drucken<\/span><\/a><\/li><li class=\"share-end\"><\/li><\/ul><\/div><\/div><\/div>","protected":false},"excerpt":{"rendered":"<p>Indikationen sind laut TCM unter anderem: Erkrankungen des Bewegungsapparates Arterielle Hypertonie Asthma Gastritis Verstopfung gyn\u00e4kologische Erkrankungen Schlafst\u00f6rungen Migr\u00e4ne Hyperaktivit\u00e4t bei Kindern Kontraindikationen sind: akute Infektionen Tumoren akute Verletzungen Chronische Ulzerationen der Haut Lymphangitis Floride&#46;&#46;&#46;<\/p>\n<div class=\"sharedaddy sd-sharing-enabled\"><div class=\"robots-nocontent sd-block sd-social sd-social-icon-text sd-sharing\"><h3 class=\"sd-title\">Teilen mit<\/h3><div class=\"sd-content\"><ul><li class=\"share-facebook\"><a rel=\"nofollow noopener noreferrer\" data-shared=\"sharing-facebook-23\" class=\"share-facebook sd-button share-icon\" href=\"http:\/\/www.tuina.co.at\/tuina\/indikationen-und-kontraindikationen\/?share=facebook\" target=\"_blank\" title=\"Klick, um auf Facebook zu teilen\" ><span>Facebook<\/span><\/a><\/li><li class=\"share-twitter\"><a rel=\"nofollow noopener noreferrer\" data-shared=\"sharing-twitter-23\" class=\"share-twitter sd-button share-icon\" href=\"http:\/\/www.tuina.co.at\/tuina\/indikationen-und-kontraindikationen\/?share=twitter\" target=\"_blank\" title=\"Klick, um \u00fcber Twitter zu teilen\" ><span>Twitter<\/span><\/a><\/li><li class=\"share-jetpack-whatsapp\"><a rel=\"nofollow noopener noreferrer\" data-shared=\"\" class=\"share-jetpack-whatsapp sd-button share-icon\" href=\"http:\/\/www.tuina.co.at\/tuina\/indikationen-und-kontraindikationen\/?share=jetpack-whatsapp\" target=\"_blank\" title=\"Klicken, um auf WhatsApp zu teilen\" ><span>WhatsApp<\/span><\/a><\/li><li class=\"share-print\"><a rel=\"nofollow noopener noreferrer\" data-shared=\"\" class=\"share-print sd-button share-icon\" href=\"http:\/\/www.tuina.co.at\/tuina\/indikationen-und-kontraindikationen\/\" target=\"_blank\" title=\"Klicken zum Ausdrucken\" ><span>Drucken<\/span><\/a><\/li><li class=\"share-end\"><\/li><\/ul><\/div><\/div><\/div>","protected":false},"author":1,"featured_media":0,"parent":0,"menu_order":3,"comment_status":"open","ping_status":"open","template":"","meta":{"jetpack_post_was_ever_published":false},"yoast_head":"<!-- This site is optimized with the Yoast SEO plugin v19.14 - https:\/\/yoast.com\/wordpress\/plugins\/seo\/ -->\n<title>Indikationen und Kontraindikationen - Traditionelle Chinesische Medizin - TUINA Therapie<\/title>\n<meta name=\"description\" content=\"Traditionelle Chinesische Medizin - TUINA Therapie - TUINA PRAXIS - Mag. (FH) Albert Sprung\" \/>\n<meta name=\"robots\" content=\"index, follow, max-snippet:-1, max-image-preview:large, max-video-preview:-1\" \/>\n<link rel=\"canonical\" href=\"http:\/\/www.tuina.co.at\/tuina\/indikationen-und-kontraindikationen\/\" \/>\n<meta property=\"og:locale\" content=\"de_DE\" \/>\n<meta property=\"og:type\" content=\"article\" \/>\n<meta property=\"og:title\" content=\"Indikationen und Kontraindikationen - Traditionelle Chinesische Medizin - TUINA Therapie\" \/>\n<meta property=\"og:description\" content=\"Traditionelle Chinesische Medizin - TUINA Therapie - TUINA PRAXIS - Mag. (FH) Albert Sprung\" \/>\n<meta property=\"og:url\" content=\"http:\/\/www.tuina.co.at\/tuina\/indikationen-und-kontraindikationen\/\" \/>\n<meta property=\"og:site_name\" content=\"Traditionelle Chinesische Medizin - TUINA Therapie\" \/>\n<meta property=\"og:image\" content=\"https:\/\/i0.wp.com\/www.tuina.co.at\/tuina\/wp-content\/uploads\/Logo.jpg?fit=838%2C360\" \/>\n\t<meta property=\"og:image:width\" content=\"838\" \/>\n\t<meta property=\"og:image:height\" content=\"360\" \/>\n\t<meta property=\"og:image:type\" content=\"image\/jpeg\" \/>\n<meta name=\"twitter:card\" content=\"summary_large_image\" \/>\n<script type=\"application\/ld+json\" class=\"yoast-schema-graph\">{\"@context\":\"https:\/\/schema.org\",\"@graph\":[{\"@type\":\"WebPage\",\"@id\":\"http:\/\/www.tuina.co.at\/tuina\/indikationen-und-kontraindikationen\/\",\"url\":\"http:\/\/www.tuina.co.at\/tuina\/indikationen-und-kontraindikationen\/\",\"name\":\"Indikationen und Kontraindikationen - Traditionelle Chinesische Medizin - TUINA Therapie\",\"isPartOf\":{\"@id\":\"http:\/\/www.tuina.co.at\/tuina\/#website\"},\"datePublished\":\"2012-02-21T14:37:51+00:00\",\"dateModified\":\"2012-02-21T14:37:51+00:00\",\"description\":\"Traditionelle Chinesische Medizin - TUINA Therapie - TUINA PRAXIS - Mag. (FH) Albert Sprung\",\"breadcrumb\":{\"@id\":\"http:\/\/www.tuina.co.at\/tuina\/indikationen-und-kontraindikationen\/#breadcrumb\"},\"inLanguage\":\"de\",\"potentialAction\":[{\"@type\":\"ReadAction\",\"target\":[\"http:\/\/www.tuina.co.at\/tuina\/indikationen-und-kontraindikationen\/\"]}]},{\"@type\":\"BreadcrumbList\",\"@id\":\"http:\/\/www.tuina.co.at\/tuina\/indikationen-und-kontraindikationen\/#breadcrumb\",\"itemListElement\":[{\"@type\":\"ListItem\",\"position\":1,\"name\":\"Home\",\"item\":\"http:\/\/www.tuina.co.at\/tuina\/\"},{\"@type\":\"ListItem\",\"position\":2,\"name\":\"Indikationen und Kontraindikationen\"}]},{\"@type\":\"WebSite\",\"@id\":\"http:\/\/www.tuina.co.at\/tuina\/#website\",\"url\":\"http:\/\/www.tuina.co.at\/tuina\/\",\"name\":\"Traditionelle Chinesische Medizin - TUINA Therapie\",\"description\":\"TUINA PRAXIS - Mag. (FH) Albert Sprung\",\"publisher\":{\"@id\":\"http:\/\/www.tuina.co.at\/tuina\/#organization\"},\"potentialAction\":[{\"@type\":\"SearchAction\",\"target\":{\"@type\":\"EntryPoint\",\"urlTemplate\":\"http:\/\/www.tuina.co.at\/tuina\/?s={search_term_string}\"},\"query-input\":\"required name=search_term_string\"}],\"inLanguage\":\"de\"},{\"@type\":\"Organization\",\"@id\":\"http:\/\/www.tuina.co.at\/tuina\/#organization\",\"name\":\"TUINA PRAXIS - Mag. Albert Sprung\",\"url\":\"http:\/\/www.tuina.co.at\/tuina\/\",\"logo\":{\"@type\":\"ImageObject\",\"inLanguage\":\"de\",\"@id\":\"http:\/\/www.tuina.co.at\/tuina\/#\/schema\/logo\/image\/\",\"url\":\"https:\/\/i0.wp.com\/www.tuina.co.at\/tuina\/wp-content\/uploads\/Logo.jpg?fit=838%2C360\",\"contentUrl\":\"https:\/\/i0.wp.com\/www.tuina.co.at\/tuina\/wp-content\/uploads\/Logo.jpg?fit=838%2C360\",\"width\":838,\"height\":360,\"caption\":\"TUINA PRAXIS - Mag. Albert Sprung\"},\"image\":{\"@id\":\"http:\/\/www.tuina.co.at\/tuina\/#\/schema\/logo\/image\/\"}}]}<\/script>\n<!-- \/ Yoast SEO plugin. -->","yoast_head_json":{"title":"Indikationen und Kontraindikationen - Traditionelle Chinesische Medizin - TUINA Therapie","description":"Traditionelle Chinesische Medizin - TUINA Therapie - TUINA PRAXIS - Mag. (FH) Albert Sprung","robots":{"index":"index","follow":"follow","max-snippet":"max-snippet:-1","max-image-preview":"max-image-preview:large","max-video-preview":"max-video-preview:-1"},"canonical":"http:\/\/www.tuina.co.at\/tuina\/indikationen-und-kontraindikationen\/","og_locale":"de_DE","og_type":"article","og_title":"Indikationen und Kontraindikationen - Traditionelle Chinesische Medizin - TUINA Therapie","og_description":"Traditionelle Chinesische Medizin - TUINA Therapie - TUINA PRAXIS - Mag. (FH) Albert Sprung","og_url":"http:\/\/www.tuina.co.at\/tuina\/indikationen-und-kontraindikationen\/","og_site_name":"Traditionelle Chinesische Medizin - TUINA Therapie","og_image":[{"width":838,"height":360,"url":"https:\/\/i0.wp.com\/www.tuina.co.at\/tuina\/wp-content\/uploads\/Logo.jpg?fit=838%2C360","type":"image\/jpeg"}],"twitter_card":"summary_large_image","schema":{"@context":"https:\/\/schema.org","@graph":[{"@type":"WebPage","@id":"http:\/\/www.tuina.co.at\/tuina\/indikationen-und-kontraindikationen\/","url":"http:\/\/www.tuina.co.at\/tuina\/indikationen-und-kontraindikationen\/","name":"Indikationen und Kontraindikationen - Traditionelle Chinesische Medizin - TUINA Therapie","isPartOf":{"@id":"http:\/\/www.tuina.co.at\/tuina\/#website"},"datePublished":"2012-02-21T14:37:51+00:00","dateModified":"2012-02-21T14:37:51+00:00","description":"Traditionelle Chinesische Medizin - TUINA Therapie - TUINA PRAXIS - Mag. (FH) Albert Sprung","breadcrumb":{"@id":"http:\/\/www.tuina.co.at\/tuina\/indikationen-und-kontraindikationen\/#breadcrumb"},"inLanguage":"de","potentialAction":[{"@type":"ReadAction","target":["http:\/\/www.tuina.co.at\/tuina\/indikationen-und-kontraindikationen\/"]}]},{"@type":"BreadcrumbList","@id":"http:\/\/www.tuina.co.at\/tuina\/indikationen-und-kontraindikationen\/#breadcrumb","itemListElement":[{"@type":"ListItem","position":1,"name":"Home","item":"http:\/\/www.tuina.co.at\/tuina\/"},{"@type":"ListItem","position":2,"name":"Indikationen und Kontraindikationen"}]},{"@type":"WebSite","@id":"http:\/\/www.tuina.co.at\/tuina\/#website","url":"http:\/\/www.tuina.co.at\/tuina\/","name":"Traditionelle Chinesische Medizin - TUINA Therapie","description":"TUINA PRAXIS - Mag. (FH) Albert Sprung","publisher":{"@id":"http:\/\/www.tuina.co.at\/tuina\/#organization"},"potentialAction":[{"@type":"SearchAction","target":{"@type":"EntryPoint","urlTemplate":"http:\/\/www.tuina.co.at\/tuina\/?s={search_term_string}"},"query-input":"required name=search_term_string"}],"inLanguage":"de"},{"@type":"Organization","@id":"http:\/\/www.tuina.co.at\/tuina\/#organization","name":"TUINA PRAXIS - Mag. Albert Sprung","url":"http:\/\/www.tuina.co.at\/tuina\/","logo":{"@type":"ImageObject","inLanguage":"de","@id":"http:\/\/www.tuina.co.at\/tuina\/#\/schema\/logo\/image\/","url":"https:\/\/i0.wp.com\/www.tuina.co.at\/tuina\/wp-content\/uploads\/Logo.jpg?fit=838%2C360","contentUrl":"https:\/\/i0.wp.com\/www.tuina.co.at\/tuina\/wp-content\/uploads\/Logo.jpg?fit=838%2C360","width":838,"height":360,"caption":"TUINA PRAXIS - Mag. Albert Sprung"},"image":{"@id":"http:\/\/www.tuina.co.at\/tuina\/#\/schema\/logo\/image\/"}}]}},"jetpack_sharing_enabled":true,"jetpack_shortlink":"https:\/\/wp.me\/P7f5TD-n","jetpack-related-posts":[{"id":20,"url":"http:\/\/www.tuina.co.at\/tuina\/techniken\/","url_meta":{"origin":23,"position":0},"title":"Techniken","date":"21. Februar 2012","format":false,"excerpt":"Unter dem heutigen Begriff Tuina werden Schiebe- und Reibe- sowie ziehende Techniken verstanden, die sowohl Akupressur als auch Variationen der Druckbehandlungen der Energiepunkte (mit den Fingern, der Faust, dem Ellenbogen und dem Knie), manuelle Energiebandregulationen: Rollen, Schieben, Reiben, Fibulation, Klopfen, \"greifendes Kneifen\" sowie Mobilisations- und Dehntechniken der Gelenke und Muskeln\u2026","rel":"","context":"\u00c4hnlicher Beitrag","img":{"alt_text":"","src":"","width":0,"height":0},"classes":[]},{"id":15,"url":"http:\/\/www.tuina.co.at\/tuina\/tuina-einfuhrung\/","url_meta":{"origin":23,"position":1},"title":"Einf\u00fchrung","date":"21. Februar 2012","format":false,"excerpt":"Einf\u00fchrung Tuina (chin.\u00a0\u63a8\u62cf, \u63a8\u62ff, tu\u012bn\u00e1), Anmo ist eine selbstst\u00e4ndige, chinesische manuelle Medizin und hat innerhalb des Konzeptes der Traditionellen Chinesischen Medizin (TCM) einen hohen Stellenwert. Es gibt auch die Schreibweise Tui-Na oder Tui Na. Das System der Tuina-Therapie schlie\u00dft die meisten westlichen Therapien, wie die Chiropraktik, die Akupressur, verschiedene Massagetechniken\u2026","rel":"","context":"\u00c4hnlicher Beitrag","img":{"alt_text":"","src":"","width":0,"height":0},"classes":[]},{"id":236,"url":"http:\/\/www.tuina.co.at\/tuina\/presse-tuina\/","url_meta":{"origin":23,"position":2},"title":"Presse Tuina","date":"12. Juni 2012","format":false,"excerpt":"Mit TUINA Massage zu mehr Wohlbefinden Bereits seit den 90er Jahren besch\u00e4ftigt sich Mag. Albert Sprung mit Traditioneller Chinesischer Medizin und Kinesiologie. Jetzt feiert er das einj\u00e4hrige Bestehen seiner Tuina Praxis in Vorchdorf-Lederau. \u201eEs ist eine Freude Menschen, mit diesem \u00fcber 5000 Jahre alten Wissen, helfen zu k\u00f6nnen\u201c, meint Mag.\u2026","rel":"","context":"\u00c4hnlicher Beitrag","img":{"alt_text":"","src":"https:\/\/i0.wp.com\/www.tuina.co.at\/wordpress\/wp-content\/uploads\/Albert-Sprung-751x1024.jpg?resize=350%2C200","width":350,"height":200},"classes":[]},{"id":73,"url":"http:\/\/www.tuina.co.at\/tuina\/preise\/abgs\/","url_meta":{"origin":23,"position":3},"title":"Nutzungsbedingungen &amp; Allgemeine Gesch\u00e4ftsbedingungen (AGB)","date":"22. Februar 2012","format":false,"excerpt":"TUINA PRAXIS \u2013 Albert Sprung Stand: 17.02.2025 1. Geltungsbereich Diese Allgemeinen Gesch\u00e4ftsbedingungen (AGB) gelten f\u00fcr die Nutzung der Online-Terminvergabe-Software (\"TUINA Kalender-App\") sowie f\u00fcr alle in der TUINA PRAXIS (Albert Sprung) durchgef\u00fchrten Behandlungen und geschlossenen Vertr\u00e4ge. 2. Nutzung der Termin-App & Verf\u00fcgbarkeit Die bereitgestellte Applikation dient der Berechnung freier Terminslots und\u2026","rel":"","context":"\u00c4hnlicher Beitrag","img":{"alt_text":"","src":"","width":0,"height":0},"classes":[]},{"id":209,"url":"http:\/\/www.tuina.co.at\/tuina\/energetische-osteopathie-amm-und-tcm\/","url_meta":{"origin":23,"position":4},"title":"Energetische Osteopathie AMM und TCM","date":"5. M\u00e4rz 2012","format":false,"excerpt":"Was ist Energetische Osteopathie AMM und TCM? Die Energetische Osteopathie ist eine ganzheitliche Methode, die zur Diagnose die H\u00e4nde und zur Therapie Methoden aus der Tuina, der AMM und der TCM einsetzt. Die wichtigsten Grundlagen sind das Funktionieren des menschlichen K\u00f6rpers als Einheit, seine F\u00e4higkeit zu Selbstregulation und Selbstheilung, sowie\u2026","rel":"","context":"\u00c4hnlicher Beitrag","img":{"alt_text":"","src":"https:\/\/i0.wp.com\/www.tuina.co.at\/wordpress\/wp-content\/uploads\/Unbenannt-11.jpg?resize=350%2C200","width":350,"height":200},"classes":[]},{"id":873,"url":"http:\/\/www.tuina.co.at\/tuina\/team-2\/","url_meta":{"origin":23,"position":5},"title":"Team","date":"28. August 2017","format":false,"excerpt":"TUINA\u00a0 Massage \/ Therapie Ing. Mag. Albert Sprung ist Tuina Anmo Praktiker in Vorchdorf. In seiner Praxis wendet er Methoden der Traditionellen Chinesischen Medizin an, im Speziellen Tuina (chinesische Massage) und energetische Osteopathie, jedoch auch Di\u00e4tetik (chinesische Ern\u00e4hrungslehre) und Pharmakologie (speziell westliche Kr\u00e4uter), Schr\u00f6pfen, Gua Sha, Moxibustion und Tapen. TUINA-Therapie\/Massage\u2026","rel":"","context":"\u00c4hnlicher Beitrag","img":{"alt_text":"","src":"https:\/\/i2.wp.com\/www.tuina.co.at\/tuina\/wp-content\/uploads\/2015\/01\/Albert-Sprung.jpg?resize=350%2C200","width":350,"height":200},"classes":[]}],"_links":{"self":[{"href":"http:\/\/www.tuina.co.at\/tuina\/wp-json\/wp\/v2\/pages\/23"}],"collection":[{"href":"http:\/\/www.tuina.co.at\/tuina\/wp-json\/wp\/v2\/pages"}],"about":[{"href":"http:\/\/www.tuina.co.at\/tuina\/wp-json\/wp\/v2\/types\/page"}],"author":[{"embeddable":true,"href":"http:\/\/www.tuina.co.at\/tuina\/wp-json\/wp\/v2\/users\/1"}],"replies":[{"embeddable":true,"href":"http:\/\/www.tuina.co.at\/tuina\/wp-json\/wp\/v2\/comments?post=23"}],"version-history":[{"count":1,"href":"http:\/\/www.tuina.co.at\/tuina\/wp-json\/wp\/v2\/pages\/23\/revisions"}],"predecessor-version":[{"id":24,"href":"http:\/\/www.tuina.co.at\/tuina\/wp-json\/wp\/v2\/pages\/23\/revisions\/24"}],"wp:attachment":[{"href":"http:\/\/www.tuina.co.at\/tuina\/wp-json\/wp\/v2\/media?parent=23"}],"curies":[{"name":"wp","href":"https:\/\/api.w.org\/{rel}","templated":true}]}}